{"id":26939,"date":"2025-11-26T17:52:31","date_gmt":"2025-11-26T22:52:31","guid":{"rendered":"https:\/\/perfectmass.net\/sin%20categor\u00eda\/vitanas-titan-army\/"},"modified":"2026-05-02T04:49:00","modified_gmt":"2026-05-02T09:49:00","slug":"vitanas-titan-army","status":"publish","type":"product","link":"https:\/\/perfectmass.net\/co\/nutricion\/entreno\/pre\/vitanas-titan-army\/","title":{"rendered":"Titan Army &#8211; Pre-Entreno Vitanas"},"content":{"rendered":"<p><strong>Titan Army &#8211; Pre-Entreno Vitanas<\/strong><\/p>\n<p>Titan Army &#8211; Pre-Entreno Vitanas<\/p>\n<p>F\u00f3rmula pre-entreno dise\u00f1ada para mejorar el rendimiento, la energ\u00eda y el enfoque durante los entrenamientos m\u00e1s exigentes.<\/p>\n","protected":false},"excerpt":{"rendered":"<p>Pre-entreno para potenciar energ\u00eda, fuerza y concentraci\u00f3n.<\/p>\n","protected":false},"featured_media":26941,"comment_status":"open","ping_status":"closed","template":"","meta":[],"etheme_brands":[{"term_id":2641,"name":"Vitanas","slug":"vitanas","term_group":0,"term_taxonomy_id":2641,"taxonomy":"brand","description":"","parent":0,"count":10,"filter":"raw"}],"product_brand":[2752],"product_cat":[3668],"product_tag":[1585],"class_list":{"0":"post-26939","1":"product","2":"type-product","3":"status-publish","4":"has-post-thumbnail","6":"brand-vitanas","7":"product_brand-vitanas","8":"product_cat-pre","9":"product_tag-suplemento","11":"first","12":"instock","13":"sale","14":"taxable","15":"shipping-taxable","16":"purchasable","17":"product-type-variable","18":"has-default-attributes"},"_links":{"self":[{"href":"https:\/\/perfectmass.net\/co\/wp-json\/wp\/v2\/product\/26939","targetHints":{"allow":["GET"]}}],"collection":[{"href":"https:\/\/perfectmass.net\/co\/wp-json\/wp\/v2\/product"}],"about":[{"href":"https:\/\/perfectmass.net\/co\/wp-json\/wp\/v2\/types\/product"}],"replies":[{"embeddable":true,"href":"https:\/\/perfectmass.net\/co\/wp-json\/wp\/v2\/comments?post=26939"}],"version-history":[{"count":1,"href":"https:\/\/perfectmass.net\/co\/wp-json\/wp\/v2\/product\/26939\/revisions"}],"predecessor-version":[{"id":30896,"href":"https:\/\/perfectmass.net\/co\/wp-json\/wp\/v2\/product\/26939\/revisions\/30896"}],"wp:featuredmedia":[{"embeddable":true,"href":"https:\/\/perfectmass.net\/co\/wp-json\/wp\/v2\/media\/26941"}],"wp:attachment":[{"href":"https:\/\/perfectmass.net\/co\/wp-json\/wp\/v2\/media?parent=26939"}],"wp:term":[{"taxonomy":"brand","embeddable":true,"href":"https:\/\/perfectmass.net\/co\/wp-json\/wp\/v2\/etheme_brands?post=26939"},{"taxonomy":"product_brand","embeddable":true,"href":"https:\/\/perfectmass.net\/co\/wp-json\/wp\/v2\/product_brand?post=26939"},{"taxonomy":"product_cat","embeddable":true,"href":"https:\/\/perfectmass.net\/co\/wp-json\/wp\/v2\/product_cat?post=26939"},{"taxonomy":"product_tag","embeddable":true,"href":"https:\/\/perfectmass.net\/co\/wp-json\/wp\/v2\/product_tag?post=26939"}],"curies":[{"name":"wp","href":"https:\/\/api.w.org\/{rel}","templated":true}]}}