{"id":26917,"date":"2025-11-26T17:52:32","date_gmt":"2025-11-26T22:52:32","guid":{"rendered":"https:\/\/perfectmass.net\/sin%20categor\u00eda\/demon-dust-pre-entreno-insane-labz\/"},"modified":"2026-04-23T13:15:49","modified_gmt":"2026-04-23T18:15:49","slug":"demon-dust-pre-entreno-insane-labz","status":"publish","type":"product","link":"https:\/\/perfectmass.net\/co\/nutricion\/entreno\/pre\/demon-dust-pre-entreno-insane-labz\/","title":{"rendered":"Demon Dust &#8211; Pre-Entreno Insane Labz"},"content":{"rendered":"<h2>Demon Dust &#8211; Pre-Entreno Insane Labz<\/h2>\n<p>Obt\u00e9n un impulso de energ\u00eda instant\u00e1neo cuando m\u00e1s lo necesitas.<br \/>\nUn cl\u00e1sico de Asylum. Demon Dust, el polvo energ\u00e9tico seco, no requiere agua.<\/p>\n<p>NO NECESITAS AGUA: Demon Dust de Insane Labz es un polvo energ\u00e9tico seco. Solo toma una cucharada, col\u00f3cala debajo de la lengua, d\u00e9jala actuar durante 15 segundos y listo. Sin botella, sin agua, sin problema.<\/p>\n<p>ENERG\u00cdA PARA LLEVAR: \u00bfCansado de cargar con botellas gigantes de pre-entrenamiento o de ir a la gasolinera a comprar una bebida energ\u00e9tica? Demon Dust viene en una peque\u00f1a botella de 237 ml (8 oz) y contiene 50 porciones enormes. Simplemente m\u00e9tela en tu bolsa de gimnasio o mochila para tener energ\u00eda disponible al instante.<\/p>\n<p>ENERG\u00cdA EXTRAORDINARIA: Demon Dust es una f\u00f3rmula llena de energ\u00eda que incluye AMPiberry\u00ae, un potente diur\u00e9tico que ayuda a mantener la energ\u00eda y estabilizar los niveles de energ\u00eda, cafe\u00edna anhidra para obtener energ\u00eda y beta-alanina para aumentar la resistencia. Esta f\u00f3rmula, potenciada con OxyGold, te garantiza un impulso de energ\u00eda cuando m\u00e1s lo necesitas. Solo tienes que colocar una cucharada debajo de la lengua y \u00a1listo!, tendr\u00e1s energ\u00eda de sobra. Ya no tendr\u00e1s que llevar una coctelera ni comprar bebidas energ\u00e9ticas azucaradas: Demon Dust contiene 50 porciones en una pr\u00e1ctica botella de 237 ml (8 oz).<\/p>\n<div id=\"attachment_15514\" style=\"width: 310px\" class=\"wp-caption alignnone\"><img fetchpriority=\"high\" decoding=\"async\" aria-describedby=\"caption-attachment-15514\" class=\"size-medium wp-image-15514\" src=\"https:\/\/perfectmass.net\/wp-content\/uploads\/2025\/11\/DemonDustCinnamonic_WebsiteRender-300x300.jpg\" alt=\"Demon Dust - Pre-Entreno Insane Labz\" width=\"300\" height=\"300\" title=\"\" srcset=\"https:\/\/perfectmass.net\/wp-content\/uploads\/2025\/11\/DemonDustCinnamonic_WebsiteRender-300x300.jpg 300w, https:\/\/perfectmass.net\/wp-content\/uploads\/2025\/11\/DemonDustCinnamonic_WebsiteRender-150x150.jpg 150w, https:\/\/perfectmass.net\/wp-content\/uploads\/2025\/11\/DemonDustCinnamonic_WebsiteRender-445x445.jpg 445w, https:\/\/perfectmass.net\/wp-content\/uploads\/2025\/11\/DemonDustCinnamonic_WebsiteRender-100x100.jpg 100w, https:\/\/perfectmass.net\/wp-content\/uploads\/2025\/11\/DemonDustCinnamonic_WebsiteRender-1x1.jpg 1w, https:\/\/perfectmass.net\/wp-content\/uploads\/2025\/11\/DemonDustCinnamonic_WebsiteRender-10x10.jpg 10w, https:\/\/perfectmass.net\/wp-content\/uploads\/2025\/11\/DemonDustCinnamonic_WebsiteRender.jpg 650w\" sizes=\"(max-width: 300px) 100vw, 300px\" \/><p id=\"caption-attachment-15514\" class=\"wp-caption-text\">Demon Dust &#8211; Pre-Entreno <a href=\"https:\/\/insanelabz.com\/\" target=\"_blank\" rel=\"noopener\">Insane Labz<\/a><\/p><\/div>\n<p>Visitar <a href=\"http:\/\/PerfectMass.net\" target=\"_blank\" rel=\"noopener\">PerfectMass.net<\/a><\/p>\n","protected":false},"excerpt":{"rendered":"<p>Energ\u00eda y enfoque para entrenar al m\u00e1ximo.<\/p>\n","protected":false},"featured_media":26918,"comment_status":"open","ping_status":"closed","template":"","meta":[],"etheme_brands":[{"term_id":2576,"name":"Insane Labz","slug":"insane-labz","term_group":0,"term_taxonomy_id":2576,"taxonomy":"brand","description":"<strong data-start=\"235\" data-end=\"260\">Insane Labz:<\/strong> es una marca reconocida por su compromiso con la calidad, la innovaci\u00f3n y el rendimiento dentro del mundo de la nutrici\u00f3n deportiva. Sus productos est\u00e1n desarrollados para ayudar a deportistas y personas activas a mejorar su recuperaci\u00f3n, aumentar su energ\u00eda y alcanzar sus objetivos de forma segura y efectiva. En PerfectMassNutrition\u00ae seleccionamos lo mejor de Insane Labz para ofrecerte suplementos confiables, con excelentes ingredientes y resultados comprobados, disponibles para toda Colombia y Latinoam\u00e9rica.","parent":0,"count":32,"filter":"raw"}],"product_brand":[2760],"product_cat":[1522,1523,1524,1534,1548],"product_tag":[1577,1585],"class_list":{"0":"post-26917","1":"product","2":"type-product","3":"status-publish","4":"has-post-thumbnail","6":"brand-insane-labz","7":"product_brand-insane-labz","8":"product_cat-mas-vendidos","9":"product_cat-novedades","10":"product_cat-ofertas","11":"product_cat-pre","12":"product_cat-suplementos","13":"product_tag-pre-entreno","14":"product_tag-suplemento","16":"first","17":"instock","18":"sale","19":"taxable","20":"shipping-taxable","21":"purchasable","22":"product-type-variable","23":"has-default-attributes"},"_links":{"self":[{"href":"https:\/\/perfectmass.net\/co\/wp-json\/wp\/v2\/product\/26917","targetHints":{"allow":["GET"]}}],"collection":[{"href":"https:\/\/perfectmass.net\/co\/wp-json\/wp\/v2\/product"}],"about":[{"href":"https:\/\/perfectmass.net\/co\/wp-json\/wp\/v2\/types\/product"}],"replies":[{"embeddable":true,"href":"https:\/\/perfectmass.net\/co\/wp-json\/wp\/v2\/comments?post=26917"}],"version-history":[{"count":1,"href":"https:\/\/perfectmass.net\/co\/wp-json\/wp\/v2\/product\/26917\/revisions"}],"predecessor-version":[{"id":30872,"href":"https:\/\/perfectmass.net\/co\/wp-json\/wp\/v2\/product\/26917\/revisions\/30872"}],"wp:featuredmedia":[{"embeddable":true,"href":"https:\/\/perfectmass.net\/co\/wp-json\/wp\/v2\/media\/26918"}],"wp:attachment":[{"href":"https:\/\/perfectmass.net\/co\/wp-json\/wp\/v2\/media?parent=26917"}],"wp:term":[{"taxonomy":"brand","embeddable":true,"href":"https:\/\/perfectmass.net\/co\/wp-json\/wp\/v2\/etheme_brands?post=26917"},{"taxonomy":"product_brand","embeddable":true,"href":"https:\/\/perfectmass.net\/co\/wp-json\/wp\/v2\/product_brand?post=26917"},{"taxonomy":"product_cat","embeddable":true,"href":"https:\/\/perfectmass.net\/co\/wp-json\/wp\/v2\/product_cat?post=26917"},{"taxonomy":"product_tag","embeddable":true,"href":"https:\/\/perfectmass.net\/co\/wp-json\/wp\/v2\/product_tag?post=26917"}],"curies":[{"name":"wp","href":"https:\/\/api.w.org\/{rel}","templated":true}]}}