{"id":26859,"date":"2025-11-26T17:52:32","date_gmt":"2025-11-26T22:52:32","guid":{"rendered":"https:\/\/perfectmass.net\/sin%20categor\u00eda\/optimum-nutrition-serious-mass\/"},"modified":"2026-05-02T04:48:47","modified_gmt":"2026-05-02T09:48:47","slug":"optimum-nutrition-serious-mass","status":"publish","type":"product","link":"https:\/\/perfectmass.net\/co\/nutricion\/proteina\/aumentadora\/optimum-nutrition-serious-mass\/","title":{"rendered":"Serious Mass &#8211; Optimum Nutrition"},"content":{"rendered":"<p>Optimum Nutrition Serious Mass 12LB es el ganador de peso m\u00e1s vendido del mundo, dise\u00f1ado para ectomorfos que necesitan ganancia masiva. Con 12 libras, este es el formato gigante que proporciona suministro para months de uso diario. Cada servicio contiene aproximadamente 1250 calor\u00edas con 50g de prote\u00edna multi-componente de alta calidad. 1250 calor\u00edas por servicio significa que puedes consumir una comida completa en un batido, ayud\u00e1ndote a alcanzar tus objetivos cal\u00f3ricos sin tener que comer constantemente. Con 50g de prote\u00edna, obtienes amino\u00e1cidos suficientes para s\u00edntesis de prote\u00edna muscular \u00f3ptima. Gana volumen masivo porque Serious Mass fue dise\u00f1ado espec\u00edficamente para atletas que tienen dificultad ganando peso. Los carbohidratos complejos proporcionan energ\u00eda sostenida y reponen gluc\u00f3geno muscular. La prote\u00edna multi-componente asegura que tus m\u00fasculos reciban amino\u00e1cidos tanto r\u00e1pidos (whey) como lentos (case\u00edna). Formato gigante econ\u00f3mico porque comprando en grande ahorras dinero significativamente por servicio. Con 12 libras, tienes m\u00e1s de 800 gramos de prote\u00edna en total. Ideal para ectomorfos que necesitan 4000+ calor\u00edas diarias. Los sabores son deliciosos, haciendo que sea f\u00e1cil consumir calor\u00edas masivas. Calidad ON verificada. Importado desde USA. Ganancia masiva en formato masivo.<\/p>\n","protected":false},"excerpt":{"rendered":"<p>Serious Mass 12lb<\/p>\n","protected":false},"featured_media":26861,"comment_status":"open","ping_status":"closed","template":"","meta":[],"etheme_brands":[{"term_id":2611,"name":"Optimum Nutrition","slug":"optimum-nutrition","term_group":0,"term_taxonomy_id":2611,"taxonomy":"brand","description":"<strong data-start=\"235\" data-end=\"260\">Optimum Nutrition:<\/strong> es una marca reconocida por su compromiso con la calidad, la innovaci\u00f3n y el rendimiento dentro del mundo de la nutrici\u00f3n deportiva. Sus productos est\u00e1n desarrollados para ayudar a deportistas y personas activas a mejorar su recuperaci\u00f3n, aumentar su energ\u00eda y alcanzar sus objetivos de forma segura y efectiva. En PerfectMassNutrition\u00ae seleccionamos lo mejor de Optimum Nutrition para ofrecerte suplementos confiables, con excelentes ingredientes y resultados comprobados, disponibles para toda Colombia y Latinoam\u00e9rica.","parent":0,"count":9,"filter":"raw"}],"product_brand":[2713],"product_cat":[3661],"product_tag":[1567],"class_list":{"0":"post-26859","1":"product","2":"type-product","3":"status-publish","4":"has-post-thumbnail","6":"brand-optimum-nutrition","7":"product_brand-optimum-nutrition","8":"product_cat-aumentadora","9":"product_tag-ganar-masa","11":"first","12":"instock","13":"sale","14":"taxable","15":"shipping-taxable","16":"purchasable","17":"product-type-variable","18":"has-default-attributes"},"_links":{"self":[{"href":"https:\/\/perfectmass.net\/co\/wp-json\/wp\/v2\/product\/26859","targetHints":{"allow":["GET"]}}],"collection":[{"href":"https:\/\/perfectmass.net\/co\/wp-json\/wp\/v2\/product"}],"about":[{"href":"https:\/\/perfectmass.net\/co\/wp-json\/wp\/v2\/types\/product"}],"replies":[{"embeddable":true,"href":"https:\/\/perfectmass.net\/co\/wp-json\/wp\/v2\/comments?post=26859"}],"version-history":[{"count":1,"href":"https:\/\/perfectmass.net\/co\/wp-json\/wp\/v2\/product\/26859\/revisions"}],"predecessor-version":[{"id":30855,"href":"https:\/\/perfectmass.net\/co\/wp-json\/wp\/v2\/product\/26859\/revisions\/30855"}],"wp:featuredmedia":[{"embeddable":true,"href":"https:\/\/perfectmass.net\/co\/wp-json\/wp\/v2\/media\/26861"}],"wp:attachment":[{"href":"https:\/\/perfectmass.net\/co\/wp-json\/wp\/v2\/media?parent=26859"}],"wp:term":[{"taxonomy":"brand","embeddable":true,"href":"https:\/\/perfectmass.net\/co\/wp-json\/wp\/v2\/etheme_brands?post=26859"},{"taxonomy":"product_brand","embeddable":true,"href":"https:\/\/perfectmass.net\/co\/wp-json\/wp\/v2\/product_brand?post=26859"},{"taxonomy":"product_cat","embeddable":true,"href":"https:\/\/perfectmass.net\/co\/wp-json\/wp\/v2\/product_cat?post=26859"},{"taxonomy":"product_tag","embeddable":true,"href":"https:\/\/perfectmass.net\/co\/wp-json\/wp\/v2\/product_tag?post=26859"}],"curies":[{"name":"wp","href":"https:\/\/api.w.org\/{rel}","templated":true}]}}