{"id":26797,"date":"2025-11-26T17:52:33","date_gmt":"2025-11-26T22:52:33","guid":{"rendered":"https:\/\/perfectmass.net\/sin%20categor\u00eda\/precursores-de-testosterona-testo-ultra-gold\/"},"modified":"2026-04-23T13:15:26","modified_gmt":"2026-04-23T18:15:26","slug":"precursores-de-testosterona-testo-ultra-gold","status":"publish","type":"product","link":"https:\/\/perfectmass.net\/co\/nutricion\/suplementos\/testosterona\/precursores-de-testosterona-testo-ultra-gold\/","title":{"rendered":"Gold &#8211; Testosterona Testo Ultra"},"content":{"rendered":"<p>Testo Ultra es un potenciador de testosterona natural dise\u00f1ado para aumentar la fuerza y masa muscular aumentando tus niveles de testosterona naturalmente. Esta f\u00f3rmula combina tribulus terrestris, DAA (\u00e1cido d-asp\u00e1rtico) y zinc en una f\u00f3rmula sin\u00e9rgica que trabaja en m\u00faltiples puntos del eje hormonal. Aumentador de testosterona con ingredientes potentes que han demostrado cl\u00ednicamente aumentar los niveles de testosterona. Tribulus terrestris mejora la libido y puede aumentar ligeramente los niveles de testosterona. DAA ha demostrado en estudios cl\u00ednicos aumentar los niveles de testosterona hasta en un 40% en solo 12 d\u00edas. Zinc es absolutamente cr\u00edtico porque es necesario para la s\u00edntesis de testosterona &#8211; sin suficiente zinc, tu cuerpo no puede producir testosterona adecuadamente. Aumenta fuerza porque niveles altos de testosterona permiten entrenar m\u00e1s intensamente. Tambi\u00e9n aumenta masa muscular significativamente porque la testosterona es la hormona principal para s\u00edntesis de prote\u00edna muscular. Naturalmente significa que no hay hormonas sint\u00e9ticas &#8211; todos los ingredientes son naturales y legalmente seguros. Los efectos se construyen con el tiempo &#8211; muchos usuarios reportan ganancias notables despu\u00e9s de 4-6 semanas de uso consistente. Calidad verificada. Importado desde USA. La testosterona que construye poder.<\/p>\n","protected":false},"excerpt":{"rendered":"<p>Testosterona potente<\/p>\n","protected":false},"featured_media":26798,"comment_status":"open","ping_status":"closed","template":"","meta":[],"etheme_brands":[{"term_id":2646,"name":"Testo Ultra","slug":"testo-ultra","term_group":0,"term_taxonomy_id":2646,"taxonomy":"brand","description":"","parent":0,"count":3,"filter":"raw"}],"product_brand":[2759],"product_cat":[1552,1548],"product_tag":[1585],"class_list":{"0":"post-26797","1":"product","2":"type-product","3":"status-publish","4":"has-post-thumbnail","6":"brand-testo-ultra","7":"product_brand-testo-ultra","8":"product_cat-testosterona","9":"product_cat-suplementos","10":"product_tag-suplemento","12":"first","13":"outofstock","14":"sale","15":"taxable","16":"shipping-taxable","17":"purchasable","18":"product-type-variable","19":"has-default-attributes"},"_links":{"self":[{"href":"https:\/\/perfectmass.net\/co\/wp-json\/wp\/v2\/product\/26797","targetHints":{"allow":["GET"]}}],"collection":[{"href":"https:\/\/perfectmass.net\/co\/wp-json\/wp\/v2\/product"}],"about":[{"href":"https:\/\/perfectmass.net\/co\/wp-json\/wp\/v2\/types\/product"}],"replies":[{"embeddable":true,"href":"https:\/\/perfectmass.net\/co\/wp-json\/wp\/v2\/comments?post=26797"}],"version-history":[{"count":1,"href":"https:\/\/perfectmass.net\/co\/wp-json\/wp\/v2\/product\/26797\/revisions"}],"predecessor-version":[{"id":30798,"href":"https:\/\/perfectmass.net\/co\/wp-json\/wp\/v2\/product\/26797\/revisions\/30798"}],"wp:featuredmedia":[{"embeddable":true,"href":"https:\/\/perfectmass.net\/co\/wp-json\/wp\/v2\/media\/26798"}],"wp:attachment":[{"href":"https:\/\/perfectmass.net\/co\/wp-json\/wp\/v2\/media?parent=26797"}],"wp:term":[{"taxonomy":"brand","embeddable":true,"href":"https:\/\/perfectmass.net\/co\/wp-json\/wp\/v2\/etheme_brands?post=26797"},{"taxonomy":"product_brand","embeddable":true,"href":"https:\/\/perfectmass.net\/co\/wp-json\/wp\/v2\/product_brand?post=26797"},{"taxonomy":"product_cat","embeddable":true,"href":"https:\/\/perfectmass.net\/co\/wp-json\/wp\/v2\/product_cat?post=26797"},{"taxonomy":"product_tag","embeddable":true,"href":"https:\/\/perfectmass.net\/co\/wp-json\/wp\/v2\/product_tag?post=26797"}],"curies":[{"name":"wp","href":"https:\/\/api.w.org\/{rel}","templated":true}]}}