{"id":26701,"date":"2025-11-26T17:52:34","date_gmt":"2025-11-26T22:52:34","guid":{"rendered":"https:\/\/perfectmass.net\/sin%20categor\u00eda\/monster-test-maxx\/"},"modified":"2026-04-23T13:15:09","modified_gmt":"2026-04-23T18:15:09","slug":"monster-test-maxx","status":"publish","type":"product","link":"https:\/\/perfectmass.net\/co\/sin categor\u00eda\/monster-test-maxx\/","title":{"rendered":"Monster Test MAXX &#8211; Pre-Entreno Angry Supplements"},"content":{"rendered":"<h2>Monster Test MAXX &#8211; Pre-Entreno Angry Supplements<\/h2>\n<p>F\u00f3rmula pre-entreno dise\u00f1ada para mejorar el rendimiento, la energ\u00eda y el enfoque durante los entrenamientos m\u00e1s exigentes.<\/p>\n<div id=\"attachment_21428\" style=\"width: 310px\" class=\"wp-caption alignnone\"><img fetchpriority=\"high\" decoding=\"async\" aria-describedby=\"caption-attachment-21428\" class=\"size-medium wp-image-21428\" src=\"https:\/\/perfectmass.net\/wp-content\/uploads\/2025\/11\/MonsterMaxxFrontSide-updated9-21-2021_b213cc61-6127-46e9-aaf2-8f3440e9e992_2048x-300x300.webp\" alt=\"Monster Test MAXX - Pre-Entreno Angry Supplements\" width=\"300\" height=\"300\" title=\"\" srcset=\"https:\/\/perfectmass.net\/wp-content\/uploads\/2025\/11\/MonsterMaxxFrontSide-updated9-21-2021_b213cc61-6127-46e9-aaf2-8f3440e9e992_2048x-300x300.webp 300w, https:\/\/perfectmass.net\/wp-content\/uploads\/2025\/11\/MonsterMaxxFrontSide-updated9-21-2021_b213cc61-6127-46e9-aaf2-8f3440e9e992_2048x-1024x1024.webp 1024w, https:\/\/perfectmass.net\/wp-content\/uploads\/2025\/11\/MonsterMaxxFrontSide-updated9-21-2021_b213cc61-6127-46e9-aaf2-8f3440e9e992_2048x-150x150.webp 150w, https:\/\/perfectmass.net\/wp-content\/uploads\/2025\/11\/MonsterMaxxFrontSide-updated9-21-2021_b213cc61-6127-46e9-aaf2-8f3440e9e992_2048x-768x768.webp 768w, https:\/\/perfectmass.net\/wp-content\/uploads\/2025\/11\/MonsterMaxxFrontSide-updated9-21-2021_b213cc61-6127-46e9-aaf2-8f3440e9e992_2048x-1536x1536.webp 1536w, https:\/\/perfectmass.net\/wp-content\/uploads\/2025\/11\/MonsterMaxxFrontSide-updated9-21-2021_b213cc61-6127-46e9-aaf2-8f3440e9e992_2048x-445x445.webp 445w, https:\/\/perfectmass.net\/wp-content\/uploads\/2025\/11\/MonsterMaxxFrontSide-updated9-21-2021_b213cc61-6127-46e9-aaf2-8f3440e9e992_2048x-100x100.webp 100w, https:\/\/perfectmass.net\/wp-content\/uploads\/2025\/11\/MonsterMaxxFrontSide-updated9-21-2021_b213cc61-6127-46e9-aaf2-8f3440e9e992_2048x-1x1.webp 1w, https:\/\/perfectmass.net\/wp-content\/uploads\/2025\/11\/MonsterMaxxFrontSide-updated9-21-2021_b213cc61-6127-46e9-aaf2-8f3440e9e992_2048x-10x10.webp 10w, https:\/\/perfectmass.net\/wp-content\/uploads\/2025\/11\/MonsterMaxxFrontSide-updated9-21-2021_b213cc61-6127-46e9-aaf2-8f3440e9e992_2048x.webp 2048w\" sizes=\"(max-width: 300px) 100vw, 300px\" \/><p id=\"caption-attachment-21428\" class=\"wp-caption-text\">Monster Test MAXX &#8211; Pre-Entreno <a href=\"https:\/\/angrysupps.com\/\" target=\"_blank\" rel=\"noopener\">Angry Supplements<\/a><\/p><\/div>\n<p>Visitar\u00a0<a href=\"https:\/\/perfectmass.net\/co\/\">PerfectMass.net<\/a><\/p>\n","protected":false},"excerpt":{"rendered":"<p>Pre-entreno para potenciar energ\u00eda, fuerza y concentraci\u00f3n.<\/p>\n","protected":false},"featured_media":26703,"comment_status":"open","ping_status":"closed","template":"","meta":[],"etheme_brands":[{"term_id":2501,"name":"Angry Supplements","slug":"angry-supplements","term_group":0,"term_taxonomy_id":2501,"taxonomy":"brand","description":"<strong data-start=\"235\" data-end=\"260\">Angry Supplements:<\/strong> es una marca reconocida por su compromiso con la calidad, la innovaci\u00f3n y el rendimiento dentro del mundo de la nutrici\u00f3n deportiva. Sus productos est\u00e1n desarrollados para ayudar a deportistas y personas activas a mejorar su recuperaci\u00f3n, aumentar su energ\u00eda y alcanzar sus objetivos de forma segura y efectiva. En PerfectMassNutrition\u00ae seleccionamos lo mejor de Angry Supplements para ofrecerte suplementos confiables, con excelentes ingredientes y resultados comprobados, disponibles para toda Colombia y Latinoam\u00e9rica.","parent":0,"count":11,"filter":"raw"}],"product_brand":[2663],"product_cat":[],"product_tag":[1585],"class_list":{"0":"post-26701","1":"product","2":"type-product","3":"status-publish","4":"has-post-thumbnail","6":"brand-angry-supplements","7":"product_brand-angry-supplements","8":"product_tag-suplemento","10":"first","11":"instock","12":"sale","13":"taxable","14":"shipping-taxable","15":"purchasable","16":"product-type-variable","17":"has-default-attributes"},"_links":{"self":[{"href":"https:\/\/perfectmass.net\/co\/wp-json\/wp\/v2\/product\/26701","targetHints":{"allow":["GET"]}}],"collection":[{"href":"https:\/\/perfectmass.net\/co\/wp-json\/wp\/v2\/product"}],"about":[{"href":"https:\/\/perfectmass.net\/co\/wp-json\/wp\/v2\/types\/product"}],"replies":[{"embeddable":true,"href":"https:\/\/perfectmass.net\/co\/wp-json\/wp\/v2\/comments?post=26701"}],"version-history":[{"count":1,"href":"https:\/\/perfectmass.net\/co\/wp-json\/wp\/v2\/product\/26701\/revisions"}],"predecessor-version":[{"id":30754,"href":"https:\/\/perfectmass.net\/co\/wp-json\/wp\/v2\/product\/26701\/revisions\/30754"}],"wp:featuredmedia":[{"embeddable":true,"href":"https:\/\/perfectmass.net\/co\/wp-json\/wp\/v2\/media\/26703"}],"wp:attachment":[{"href":"https:\/\/perfectmass.net\/co\/wp-json\/wp\/v2\/media?parent=26701"}],"wp:term":[{"taxonomy":"brand","embeddable":true,"href":"https:\/\/perfectmass.net\/co\/wp-json\/wp\/v2\/etheme_brands?post=26701"},{"taxonomy":"product_brand","embeddable":true,"href":"https:\/\/perfectmass.net\/co\/wp-json\/wp\/v2\/product_brand?post=26701"},{"taxonomy":"product_cat","embeddable":true,"href":"https:\/\/perfectmass.net\/co\/wp-json\/wp\/v2\/product_cat?post=26701"},{"taxonomy":"product_tag","embeddable":true,"href":"https:\/\/perfectmass.net\/co\/wp-json\/wp\/v2\/product_tag?post=26701"}],"curies":[{"name":"wp","href":"https:\/\/api.w.org\/{rel}","templated":true}]}}