{"id":26687,"date":"2025-11-26T17:52:34","date_gmt":"2025-11-26T22:52:34","guid":{"rendered":"https:\/\/perfectmass.net\/sin%20categor\u00eda\/creatina-craig-insane-labz\/"},"modified":"2026-05-02T04:47:52","modified_gmt":"2026-05-02T09:47:52","slug":"creatina-craig-insane-labz","status":"publish","type":"product","link":"https:\/\/perfectmass.net\/co\/nutricion\/creatina\/monohidratada\/creatina-craig-insane-labz\/","title":{"rendered":"Creatina Craig &#8211; Insane Labz"},"content":{"rendered":"<h2>Creatina Craig &#8211; Insane Labz<\/h2>\n<p>La creatina Craig &#8220;Edici\u00f3n Qu\u00edmico Loco&#8221; se convertir\u00e1 en tu suplemento diario de creatina favorito.<\/p>\n<p>Con una dosis de mantenimiento cl\u00ednicamente probada de monohidrato de creatina (5 g\/svg), una dosis cl\u00ednicamente probada de taurina (1 g\/svg), el 125 % del valor diario de vitamina D3 y OxyGold para facilitar la absorci\u00f3n, \u00a1esta es la mejor creatina que puedes comprar!<\/p>\n<p>La combinaci\u00f3n de creatina y taurina puede brindar estos beneficios a la mayor\u00eda de los usuarios:<\/p>\n<p>Mejora del rendimiento deportivo: La creatina puede ayudar a aumentar la masa muscular y los niveles de energ\u00eda, mientras que la taurina puede mejorar la fuerza muscular y la concentraci\u00f3n.<br \/>\nReducci\u00f3n de la fatiga: La taurina puede ayudar a prevenir la fatiga y regular los electrolitos.<br \/>\nMejora de la recuperaci\u00f3n: La creatina y la taurina pueden ayudar a la recuperaci\u00f3n despu\u00e9s del ejercicio.<br \/>\nSalud cerebral: La creatina y la taurina pueden contribuir a la neuroprotecci\u00f3n y la salud cerebral.<br \/>\nSalud cardiovascular: La creatina y la taurina pueden contribuir a la salud cardiovascular.<\/p>\n<div id=\"attachment_15506\" style=\"width: 310px\" class=\"wp-caption alignnone\"><img fetchpriority=\"high\" decoding=\"async\" aria-describedby=\"caption-attachment-15506\" class=\"size-medium wp-image-15506\" src=\"https:\/\/perfectmass.net\/wp-content\/uploads\/2025\/11\/Creatine_Craig_Fruit_Punch_Website_Render_copy-300x300.jpg\" alt=\"Creatina Craig - Insane Labz\" width=\"300\" height=\"300\" title=\"\" srcset=\"https:\/\/perfectmass.net\/wp-content\/uploads\/2025\/11\/Creatine_Craig_Fruit_Punch_Website_Render_copy-300x300.jpg 300w, https:\/\/perfectmass.net\/wp-content\/uploads\/2025\/11\/Creatine_Craig_Fruit_Punch_Website_Render_copy-150x150.jpg 150w, https:\/\/perfectmass.net\/wp-content\/uploads\/2025\/11\/Creatine_Craig_Fruit_Punch_Website_Render_copy-445x445.jpg 445w, https:\/\/perfectmass.net\/wp-content\/uploads\/2025\/11\/Creatine_Craig_Fruit_Punch_Website_Render_copy-100x100.jpg 100w, https:\/\/perfectmass.net\/wp-content\/uploads\/2025\/11\/Creatine_Craig_Fruit_Punch_Website_Render_copy-1x1.jpg 1w, https:\/\/perfectmass.net\/wp-content\/uploads\/2025\/11\/Creatine_Craig_Fruit_Punch_Website_Render_copy-10x10.jpg 10w, https:\/\/perfectmass.net\/wp-content\/uploads\/2025\/11\/Creatine_Craig_Fruit_Punch_Website_Render_copy.jpg 650w\" sizes=\"(max-width: 300px) 100vw, 300px\" \/><p id=\"caption-attachment-15506\" class=\"wp-caption-text\">Creatina Craig &#8211; <a href=\"https:\/\/insanelabz.com\/\" target=\"_blank\" rel=\"noopener\">Insane Labz<\/a><\/p><\/div>\n<p>Visitar <a href=\"http:\/\/PerfectMass.net\" target=\"_blank\" rel=\"noopener\">PerfectMass.net<\/a><\/p>\n","protected":false},"excerpt":{"rendered":"<p>Creatina de alta pureza para fuerza y rendimiento.<\/p>\n","protected":false},"featured_media":26688,"comment_status":"open","ping_status":"closed","template":"","meta":[],"etheme_brands":[{"term_id":2576,"name":"Insane Labz","slug":"insane-labz","term_group":0,"term_taxonomy_id":2576,"taxonomy":"brand","description":"<strong data-start=\"235\" data-end=\"260\">Insane Labz:<\/strong> es una marca reconocida por su compromiso con la calidad, la innovaci\u00f3n y el rendimiento dentro del mundo de la nutrici\u00f3n deportiva. Sus productos est\u00e1n desarrollados para ayudar a deportistas y personas activas a mejorar su recuperaci\u00f3n, aumentar su energ\u00eda y alcanzar sus objetivos de forma segura y efectiva. En PerfectMassNutrition\u00ae seleccionamos lo mejor de Insane Labz para ofrecerte suplementos confiables, con excelentes ingredientes y resultados comprobados, disponibles para toda Colombia y Latinoam\u00e9rica.","parent":0,"count":32,"filter":"raw"}],"product_brand":[2760],"product_cat":[3642],"product_tag":[1566],"class_list":{"0":"post-26687","1":"product","2":"type-product","3":"status-publish","4":"has-post-thumbnail","6":"brand-insane-labz","7":"product_brand-insane-labz","8":"product_cat-monohidratada","9":"product_tag-fuerza","11":"first","12":"instock","13":"sale","14":"taxable","15":"shipping-taxable","16":"purchasable","17":"product-type-variable","18":"has-default-attributes"},"_links":{"self":[{"href":"https:\/\/perfectmass.net\/co\/wp-json\/wp\/v2\/product\/26687","targetHints":{"allow":["GET"]}}],"collection":[{"href":"https:\/\/perfectmass.net\/co\/wp-json\/wp\/v2\/product"}],"about":[{"href":"https:\/\/perfectmass.net\/co\/wp-json\/wp\/v2\/types\/product"}],"replies":[{"embeddable":true,"href":"https:\/\/perfectmass.net\/co\/wp-json\/wp\/v2\/comments?post=26687"}],"version-history":[{"count":1,"href":"https:\/\/perfectmass.net\/co\/wp-json\/wp\/v2\/product\/26687\/revisions"}],"predecessor-version":[{"id":30743,"href":"https:\/\/perfectmass.net\/co\/wp-json\/wp\/v2\/product\/26687\/revisions\/30743"}],"wp:featuredmedia":[{"embeddable":true,"href":"https:\/\/perfectmass.net\/co\/wp-json\/wp\/v2\/media\/26688"}],"wp:attachment":[{"href":"https:\/\/perfectmass.net\/co\/wp-json\/wp\/v2\/media?parent=26687"}],"wp:term":[{"taxonomy":"brand","embeddable":true,"href":"https:\/\/perfectmass.net\/co\/wp-json\/wp\/v2\/etheme_brands?post=26687"},{"taxonomy":"product_brand","embeddable":true,"href":"https:\/\/perfectmass.net\/co\/wp-json\/wp\/v2\/product_brand?post=26687"},{"taxonomy":"product_cat","embeddable":true,"href":"https:\/\/perfectmass.net\/co\/wp-json\/wp\/v2\/product_cat?post=26687"},{"taxonomy":"product_tag","embeddable":true,"href":"https:\/\/perfectmass.net\/co\/wp-json\/wp\/v2\/product_tag?post=26687"}],"curies":[{"name":"wp","href":"https:\/\/api.w.org\/{rel}","templated":true}]}}