{"id":26669,"date":"2025-11-26T17:52:34","date_gmt":"2025-11-26T22:52:34","guid":{"rendered":"https:\/\/perfectmass.net\/sin%20categor\u00eda\/monster-test-special-edition\/"},"modified":"2026-04-23T13:15:02","modified_gmt":"2026-04-23T18:15:02","slug":"monster-test-special-edition","status":"publish","type":"product","link":"https:\/\/perfectmass.net\/co\/sin categor\u00eda\/monster-test-special-edition\/","title":{"rendered":"Monster Test Special Edition &#8211; Angry Supplements"},"content":{"rendered":"<h2>Monster Test Special Edition &#8211; Angry Supplements<\/h2>\n<p>Libera todo tu potencial con Monster Test Special Edition con creatina, la \u00faltima evoluci\u00f3n en suplementos orientados al rendimiento. Hemos combinado la f\u00f3rmula original y de confianza de Monster Test con monohidrato de creatina premium de 200 mesh, lo que proporciona un apoyo para la fuerza, la resistencia y la intensidad, ahora en un c\u00f3modo comprimido.<\/p>\n<p>Nuestra creatina ultrafina y de alta pureza (200 mesh) es conocida por su mayor absorci\u00f3n y sus beneficios \u00f3ptimos para el rendimiento. Junto con la mezcla de Monster Test, esta f\u00f3rmula \u00fanica est\u00e1 dise\u00f1ada para ayudarte a darlo todo en tus entrenamientos m\u00e1s duros, potenciar la fuerza muscular y apoyar tus objetivos de fitness sin las molestias de los polvos o batidos.<\/p>\n<p>Tanto si est\u00e1s superando sesiones de entrenamiento intensas como si te esfuerzas por mantenerte activo, Monster Test Special Edition con creatina es tu mejor opci\u00f3n para un apoyo al rendimiento de otro nivel.<\/p>\n<p>Caracter\u00edsticas principales del producto:<\/p>\n<p>\u2714 Combinaci\u00f3n de Monster Test + creatina: combina el poder de la f\u00f3rmula original de Monster Test con monohidrato de creatina premium ultrafina de 200 mesh para un apoyo integral al rendimiento.<\/p>\n<p>\u2714 Creatina premium de 200 mesh: creatina microfina de alta pureza dise\u00f1ada para una mejor absorci\u00f3n y una mayor comodidad sin necesidad de mezclar: sin polvos, sin complicaciones.<\/p>\n<p>\u2714 Apoyo a la fuerza y la potencia: Formulado para ayudar a mejorar la fuerza muscular, la resistencia y el rendimiento deportivo general.<\/p>\n<p>\u2714 Pr\u00e1ctico formato en comprimidos: Olv\u00eddate de los polvos que ensucian: los comprimidos, f\u00e1ciles de tomar, te aportan los ingredientes clave en cualquier momento y en cualquier lugar.<\/p>\n<p>\u2714 Calidad de confianza: Elaborado con ingredientes de alta calidad y fabricado en unas instalaciones con certificaci\u00f3n GMP para que puedas confiar en cada frasco.<\/p>\n<div id=\"attachment_15055\" style=\"width: 310px\" class=\"wp-caption alignnone\"><img fetchpriority=\"high\" decoding=\"async\" aria-describedby=\"caption-attachment-15055\" class=\"size-medium wp-image-15055\" src=\"https:\/\/perfectmass.net\/wp-content\/uploads\/2025\/11\/Monster_Test_Creatine_Special_Edition_-_01._Front_2048x-300x300.png\" alt=\"Monster Test Special Edition - Angry Supplements\" width=\"300\" height=\"300\" title=\"\" srcset=\"https:\/\/perfectmass.net\/wp-content\/uploads\/2025\/11\/Monster_Test_Creatine_Special_Edition_-_01._Front_2048x-300x300.png 300w, https:\/\/perfectmass.net\/wp-content\/uploads\/2025\/11\/Monster_Test_Creatine_Special_Edition_-_01._Front_2048x-1024x1024.png 1024w, https:\/\/perfectmass.net\/wp-content\/uploads\/2025\/11\/Monster_Test_Creatine_Special_Edition_-_01._Front_2048x-150x150.png 150w, https:\/\/perfectmass.net\/wp-content\/uploads\/2025\/11\/Monster_Test_Creatine_Special_Edition_-_01._Front_2048x-768x768.png 768w, https:\/\/perfectmass.net\/wp-content\/uploads\/2025\/11\/Monster_Test_Creatine_Special_Edition_-_01._Front_2048x-1536x1536.png 1536w, https:\/\/perfectmass.net\/wp-content\/uploads\/2025\/11\/Monster_Test_Creatine_Special_Edition_-_01._Front_2048x-445x445.png 445w, https:\/\/perfectmass.net\/wp-content\/uploads\/2025\/11\/Monster_Test_Creatine_Special_Edition_-_01._Front_2048x-100x100.png 100w, https:\/\/perfectmass.net\/wp-content\/uploads\/2025\/11\/Monster_Test_Creatine_Special_Edition_-_01._Front_2048x-1x1.png 1w, https:\/\/perfectmass.net\/wp-content\/uploads\/2025\/11\/Monster_Test_Creatine_Special_Edition_-_01._Front_2048x-10x10.png 10w, https:\/\/perfectmass.net\/wp-content\/uploads\/2025\/11\/Monster_Test_Creatine_Special_Edition_-_01._Front_2048x.png 2048w\" sizes=\"(max-width: 300px) 100vw, 300px\" \/><p id=\"caption-attachment-15055\" class=\"wp-caption-text\">Monster Test Special Edition &#8211; <a href=\"https:\/\/angrysupps.com\/\" target=\"_blank\" rel=\"noopener\">Angry Supplements<\/a><\/p><\/div>\n<p>Visitar\u00a0<a href=\"https:\/\/perfectmass.net\/co\/\">PerfectMass.net<\/a><\/p>\n","protected":false},"excerpt":{"rendered":"<p>Creatina pura para fuerza, potencia y rendimiento muscular.<\/p>\n","protected":false},"featured_media":26670,"comment_status":"open","ping_status":"closed","template":"","meta":[],"etheme_brands":[{"term_id":2501,"name":"Angry Supplements","slug":"angry-supplements","term_group":0,"term_taxonomy_id":2501,"taxonomy":"brand","description":"<strong data-start=\"235\" data-end=\"260\">Angry Supplements:<\/strong> es una marca reconocida por su compromiso con la calidad, la innovaci\u00f3n y el rendimiento dentro del mundo de la nutrici\u00f3n deportiva. Sus productos est\u00e1n desarrollados para ayudar a deportistas y personas activas a mejorar su recuperaci\u00f3n, aumentar su energ\u00eda y alcanzar sus objetivos de forma segura y efectiva. En PerfectMassNutrition\u00ae seleccionamos lo mejor de Angry Supplements para ofrecerte suplementos confiables, con excelentes ingredientes y resultados comprobados, disponibles para toda Colombia y Latinoam\u00e9rica.","parent":0,"count":11,"filter":"raw"}],"product_brand":[2663],"product_cat":[],"product_tag":[1566],"class_list":{"0":"post-26669","1":"product","2":"type-product","3":"status-publish","4":"has-post-thumbnail","6":"brand-angry-supplements","7":"product_brand-angry-supplements","8":"product_tag-fuerza","10":"first","11":"instock","12":"sale","13":"taxable","14":"shipping-taxable","15":"purchasable","16":"product-type-variable","17":"has-default-attributes"},"_links":{"self":[{"href":"https:\/\/perfectmass.net\/co\/wp-json\/wp\/v2\/product\/26669","targetHints":{"allow":["GET"]}}],"collection":[{"href":"https:\/\/perfectmass.net\/co\/wp-json\/wp\/v2\/product"}],"about":[{"href":"https:\/\/perfectmass.net\/co\/wp-json\/wp\/v2\/types\/product"}],"replies":[{"embeddable":true,"href":"https:\/\/perfectmass.net\/co\/wp-json\/wp\/v2\/comments?post=26669"}],"version-history":[{"count":1,"href":"https:\/\/perfectmass.net\/co\/wp-json\/wp\/v2\/product\/26669\/revisions"}],"predecessor-version":[{"id":30725,"href":"https:\/\/perfectmass.net\/co\/wp-json\/wp\/v2\/product\/26669\/revisions\/30725"}],"wp:featuredmedia":[{"embeddable":true,"href":"https:\/\/perfectmass.net\/co\/wp-json\/wp\/v2\/media\/26670"}],"wp:attachment":[{"href":"https:\/\/perfectmass.net\/co\/wp-json\/wp\/v2\/media?parent=26669"}],"wp:term":[{"taxonomy":"brand","embeddable":true,"href":"https:\/\/perfectmass.net\/co\/wp-json\/wp\/v2\/etheme_brands?post=26669"},{"taxonomy":"product_brand","embeddable":true,"href":"https:\/\/perfectmass.net\/co\/wp-json\/wp\/v2\/product_brand?post=26669"},{"taxonomy":"product_cat","embeddable":true,"href":"https:\/\/perfectmass.net\/co\/wp-json\/wp\/v2\/product_cat?post=26669"},{"taxonomy":"product_tag","embeddable":true,"href":"https:\/\/perfectmass.net\/co\/wp-json\/wp\/v2\/product_tag?post=26669"}],"curies":[{"name":"wp","href":"https:\/\/api.w.org\/{rel}","templated":true}]}}