{"id":26661,"date":"2025-11-26T17:52:35","date_gmt":"2025-11-26T22:52:35","guid":{"rendered":"https:\/\/perfectmass.net\/sin%20categor\u00eda\/intenze-ready-pre-entreno-proscience\/"},"modified":"2026-04-23T13:15:00","modified_gmt":"2026-04-23T18:15:00","slug":"intenze-ready-pre-entreno-proscience","status":"publish","type":"product","link":"https:\/\/perfectmass.net\/co\/nutricion\/entreno\/pre\/intenze-ready-pre-entreno-proscience\/","title":{"rendered":"Intenze Ready &#8211; Pre-Entreno Proscience"},"content":{"rendered":"<h2>Intenze Ready &#8211; Pre-Entreno Proscience<\/h2>\n<p>Intenze Ready &#8211; Pre-entreno Proscience es una bebida energizante en un solo servicio (LATA) lista para usar, con un delicioso sabor a fruit punch y una sensacion deliciosa burbujeante gracias a su base de agua carbonatada. Contiene una serie de compuestos que puede aumentar tus niveles de energia y mejorar la calidad de tus entrenamientos.<\/p>\n<p>La base de cualquier plan para salud y\/o entrenamiento, es una alimentacion completa y balanceada. Cuando realices actividad fisica o un ejercicio planificado\u00a0<strong>INTENZE READY<\/strong>\u00a0te aporta aminoacidos como\u00a0<strong>citrulina y arginina<\/strong>, que ayudan a mejorar el aporte sanguineo a tus musculos gracias a la produccion de\u00a0<strong>oxido nitrico<\/strong>.<\/p>\n<p><strong>INTENZE READY\u00a0<\/strong>aporta tambi\u00e9n acido alfa metil guanido-acetico en su forma:\u00a0<strong>creatina hcl<\/strong>\u00a0que mejorar\u00e1 tu res\u00edntesis energ\u00e9tica y capacidad de recuperaci\u00f3n, para obtener los objetivos planeados. contiene el amino\u00e1cido\u00a0<strong>leucina<\/strong>, el cual es responsable de iniciar la s\u00edntesis proteica y estimular v\u00edas de se\u00f1alizaci\u00f3n celular para mejorar la construcci\u00f3n de masa muscular, cuando se combina con un plan de entrenamiento de fuerza y un balance proteico adecuado.\u00a0<strong>betaina<\/strong>\u00a0(trimetilglicina) nos puede colaborar tambi\u00e9n durante el ejercicio, ya que es un osmolito, y combinado con\u00a0<strong>beta alanina<\/strong>\u00a0controlan la acidez dentro del musculo y puede ayudar a mejorar el entorno anab\u00f3lico mejorando la expresi\u00f3n de diferentes v\u00edas de se\u00f1alizaci\u00f3n celular.<\/p>\n<p>El aporte de cafe\u00edna en el<strong>\u00a0INTENZE READY<\/strong>\u00a0es vital ya que aporta a mejorar tus niveles de energ\u00eda, disminuye los niveles de fatiga mejorando la percepci\u00f3n del esfuerzo y optimizando la calidad del entrenamiento.<\/p>\n<p>Ten en cuenta, siempre lo mas importante para lograr objetivos es dise\u00f1ar un plan de entrenamiento adecuado con un plan nutricional individualizado. Como un complemento adecuado puedes consumir este suplemento(1 LATA) 15-30 minuos antes de realizar actividad fisica consumir medio servicio (la mitad de la lata) el otro medio servicio, lo puedes consumkir durante el entrenamiento. Cuando lo toleres bien puedes consumir la lata completa antes del entrenamiento. \u201cEsto con el fin de vigilar\u00a0 la tolerancia individual a la cafeina y a la beta alanina\u201d<\/p>\n<p><strong>Contenido elevado en cafe\u00edna (32 mg\/100 mL).<\/strong><br \/>\nNo se recomienda el consumo de bebidas energizantes con bebidas alcoh\u00f3licas.<br \/>\nNo recomendado para personas sensibles a la cafe\u00edna.<br \/>\nEste producto solo podr\u00e1 ser comercializado, expendido y dirigido a poblaci\u00f3n mayor de 14 a\u00f1os.<br \/>\nEl l\u00edmite m\u00e1ximo aceptable de consumo diario de este producto es de tres (3) latas por 250 mL.<\/p>\n<div id=\"attachment_22079\" style=\"width: 310px\" class=\"wp-caption alignnone\"><img fetchpriority=\"high\" decoding=\"async\" aria-describedby=\"caption-attachment-22079\" class=\"size-medium wp-image-22079\" src=\"https:\/\/perfectmass.net\/wp-content\/uploads\/2025\/11\/inteze-ready-1-300x300.webp\" alt=\"Intenze Ready - Pre-Entreno Proscience\" width=\"300\" height=\"300\" title=\"\" srcset=\"https:\/\/perfectmass.net\/wp-content\/uploads\/2025\/11\/inteze-ready-1-300x300.webp 300w, https:\/\/perfectmass.net\/wp-content\/uploads\/2025\/11\/inteze-ready-1-150x150.webp 150w, https:\/\/perfectmass.net\/wp-content\/uploads\/2025\/11\/inteze-ready-1-445x445.webp 445w, https:\/\/perfectmass.net\/wp-content\/uploads\/2025\/11\/inteze-ready-1-100x100.webp 100w, https:\/\/perfectmass.net\/wp-content\/uploads\/2025\/11\/inteze-ready-1-1x1.webp 1w, https:\/\/perfectmass.net\/wp-content\/uploads\/2025\/11\/inteze-ready-1-10x10.webp 10w, https:\/\/perfectmass.net\/wp-content\/uploads\/2025\/11\/inteze-ready-1.webp 600w\" sizes=\"(max-width: 300px) 100vw, 300px\" \/><p id=\"caption-attachment-22079\" class=\"wp-caption-text\">Intenze Ready &#8211; Pre-Entreno <a href=\"https:\/\/proscience.com.co\/\" target=\"_blank\" rel=\"noopener\">Proscience<\/a><\/p><\/div>\n<p>Visitar <a href=\"http:\/\/PerfectMass.net\" target=\"_blank\" rel=\"noopener\">PerfectMass.net<\/a><\/p>\n<p>&nbsp;<\/p>\n","protected":false},"excerpt":{"rendered":"<p>Energ\u00eda y enfoque para rendir al m\u00e1ximo en cada sesi\u00f3n.<\/p>\n","protected":false},"featured_media":26663,"comment_status":"open","ping_status":"closed","template":"","meta":[],"etheme_brands":[{"term_id":2617,"name":"Proscience","slug":"proscience","term_group":0,"term_taxonomy_id":2617,"taxonomy":"brand","description":"<strong data-start=\"235\" data-end=\"260\">Proscience:<\/strong> es una marca reconocida por su compromiso con la calidad, la innovaci\u00f3n y el rendimiento dentro del mundo de la nutrici\u00f3n deportiva. Sus productos est\u00e1n desarrollados para ayudar a deportistas y personas activas a mejorar su recuperaci\u00f3n, aumentar su energ\u00eda y alcanzar sus objetivos de forma segura y efectiva. En PerfectMassNutrition\u00ae seleccionamos lo mejor de Proscience para ofrecerte suplementos confiables, con excelentes ingredientes y resultados comprobados, disponibles para toda Colombia y Latinoam\u00e9rica.","parent":0,"count":25,"filter":"raw"}],"product_brand":[2718],"product_cat":[1534],"product_tag":[1585],"class_list":{"0":"post-26661","1":"product","2":"type-product","3":"status-publish","4":"has-post-thumbnail","6":"brand-proscience","7":"product_brand-proscience","8":"product_cat-pre","9":"product_tag-suplemento","11":"first","12":"instock","13":"sale","14":"taxable","15":"shipping-taxable","16":"purchasable","17":"product-type-variable","18":"has-default-attributes"},"_links":{"self":[{"href":"https:\/\/perfectmass.net\/co\/wp-json\/wp\/v2\/product\/26661","targetHints":{"allow":["GET"]}}],"collection":[{"href":"https:\/\/perfectmass.net\/co\/wp-json\/wp\/v2\/product"}],"about":[{"href":"https:\/\/perfectmass.net\/co\/wp-json\/wp\/v2\/types\/product"}],"replies":[{"embeddable":true,"href":"https:\/\/perfectmass.net\/co\/wp-json\/wp\/v2\/comments?post=26661"}],"version-history":[{"count":1,"href":"https:\/\/perfectmass.net\/co\/wp-json\/wp\/v2\/product\/26661\/revisions"}],"predecessor-version":[{"id":30718,"href":"https:\/\/perfectmass.net\/co\/wp-json\/wp\/v2\/product\/26661\/revisions\/30718"}],"wp:featuredmedia":[{"embeddable":true,"href":"https:\/\/perfectmass.net\/co\/wp-json\/wp\/v2\/media\/26663"}],"wp:attachment":[{"href":"https:\/\/perfectmass.net\/co\/wp-json\/wp\/v2\/media?parent=26661"}],"wp:term":[{"taxonomy":"brand","embeddable":true,"href":"https:\/\/perfectmass.net\/co\/wp-json\/wp\/v2\/etheme_brands?post=26661"},{"taxonomy":"product_brand","embeddable":true,"href":"https:\/\/perfectmass.net\/co\/wp-json\/wp\/v2\/product_brand?post=26661"},{"taxonomy":"product_cat","embeddable":true,"href":"https:\/\/perfectmass.net\/co\/wp-json\/wp\/v2\/product_cat?post=26661"},{"taxonomy":"product_tag","embeddable":true,"href":"https:\/\/perfectmass.net\/co\/wp-json\/wp\/v2\/product_tag?post=26661"}],"curies":[{"name":"wp","href":"https:\/\/api.w.org\/{rel}","templated":true}]}}