{"id":26633,"date":"2025-11-26T17:52:35","date_gmt":"2025-11-26T22:52:35","guid":{"rendered":"https:\/\/perfectmass.net\/sin%20categor\u00eda\/body-ripped-proteina-gmn\/"},"modified":"2026-04-23T13:14:54","modified_gmt":"2026-04-23T18:14:54","slug":"body-ripped-proteina-gmn","status":"publish","type":"product","link":"https:\/\/perfectmass.net\/co\/nutricion\/proteina\/aumentadora\/body-ripped-proteina-gmn\/","title":{"rendered":"Body Ripped &#8211; Prote\u00edna GMN"},"content":{"rendered":"<h2 data-start=\"382\" data-end=\"667\">Body Ripped &#8211; Prote\u00edna GMN<\/h2>\n<p data-start=\"382\" data-end=\"667\"><strong>Body Ripped<\/strong>\u00a0es una mezcla en polvo dise\u00f1ada para preparar una bebida con prote\u00edna, combinada con fuentes de carbohidratos y l\u00edpidos como avena molida, harina de arroz, almid\u00f3n de ma\u00edz ceroso (amilopectina) y MCT (triglic\u00e9ridos de cadena media), con sabor artificial a vainilla gourmet.<\/p>\n<p data-start=\"669\" data-end=\"736\">No contiene colorantes adicionados, az\u00facar a\u00f1adido ni conservantes.<\/p>\n<p>Cada porci\u00f3n preparada de\u00a0<strong>BODY RIPPED<\/strong>\u00a0te aporta:<br \/>\n\u2022 20 g de prote\u00edna<br \/>\n\u2022 166 calor\u00edas<br \/>\n\u2022 19 g de carbohidratos<\/p>\n<p><strong>Tama\u00f1o por porci\u00f3n:<\/strong>\u00a01 vaso equivalente a 240 ml (1.5 cucharas medidoras equivalentes a 45 g)<\/p>\n<p><strong>N\u00famero de porciones por envase<\/strong>: Aprox. 20<br \/>\n<strong>Contiene:<\/strong>\u00a0Leche (lactosa), soya, huevo y cereales con gluten.<br \/>\n<strong>Puede contener:<\/strong>\u00a0trazas de trigo, apio, mostaza, sulfitos, nueces de \u00e1rbol y productos derivados, as\u00ed como pescados y productos elaborados con ellos.<\/p>\n<p><strong>Preparaci\u00f3n:\u00a0<\/strong>Cada porci\u00f3n de\u00a0<strong>BODY RIPPED<\/strong>\u00a0equivale a 1,5 cucharadas medidoras (45 g) que se recomienda diluir en 1 vaso con agua (240 ml).<\/p>\n<p><strong>Registro Sanitario: RSA-002405-2016<\/strong><\/p>\n<div id=\"attachment_15332\" style=\"width: 310px\" class=\"wp-caption alignnone\"><img fetchpriority=\"high\" decoding=\"async\" aria-describedby=\"caption-attachment-15332\" class=\"size-medium wp-image-15332\" src=\"https:\/\/perfectmass.net\/wp-content\/uploads\/2025\/11\/BodyRipped_Bolsa2Libras.651-1024x1024-1-300x300.jpg\" alt=\"Body Ripped - Prote\u00edna GMN Nutrition\" width=\"300\" height=\"300\" title=\"\" srcset=\"https:\/\/perfectmass.net\/wp-content\/uploads\/2025\/11\/BodyRipped_Bolsa2Libras.651-1024x1024-1-300x300.jpg 300w, https:\/\/perfectmass.net\/wp-content\/uploads\/2025\/11\/BodyRipped_Bolsa2Libras.651-1024x1024-1-150x150.jpg 150w, https:\/\/perfectmass.net\/wp-content\/uploads\/2025\/11\/BodyRipped_Bolsa2Libras.651-1024x1024-1-768x768.jpg 768w, https:\/\/perfectmass.net\/wp-content\/uploads\/2025\/11\/BodyRipped_Bolsa2Libras.651-1024x1024-1-445x445.jpg 445w, https:\/\/perfectmass.net\/wp-content\/uploads\/2025\/11\/BodyRipped_Bolsa2Libras.651-1024x1024-1-100x100.jpg 100w, https:\/\/perfectmass.net\/wp-content\/uploads\/2025\/11\/BodyRipped_Bolsa2Libras.651-1024x1024-1-1x1.jpg 1w, https:\/\/perfectmass.net\/wp-content\/uploads\/2025\/11\/BodyRipped_Bolsa2Libras.651-1024x1024-1-10x10.jpg 10w, https:\/\/perfectmass.net\/wp-content\/uploads\/2025\/11\/BodyRipped_Bolsa2Libras.651-1024x1024-1.jpg 1024w\" sizes=\"(max-width: 300px) 100vw, 300px\" \/><p id=\"caption-attachment-15332\" class=\"wp-caption-text\">Body Ripped &#8211; Prote\u00edna <a href=\"https:\/\/gmn.com.co\/\" target=\"_blank\" rel=\"noopener\">GMN\u00a0<\/a><\/p><\/div>\n<p>Visitar <a href=\"http:\/\/PerfectMass.net\" target=\"_blank\" rel=\"noopener\">PerfectMass.net<\/a><\/p>\n","protected":false},"excerpt":{"rendered":"<p>Prote\u00edna en polvo<\/p>\n","protected":false},"featured_media":26634,"comment_status":"open","ping_status":"closed","template":"","meta":[],"etheme_brands":[{"term_id":2549,"name":"GMN","slug":"gmn","term_group":0,"term_taxonomy_id":2549,"taxonomy":"brand","description":"<strong data-start=\"235\" data-end=\"260\">GMN Nutrition:<\/strong> es una marca reconocida por su compromiso con la calidad, la innovaci\u00f3n y el rendimiento dentro del mundo de la nutrici\u00f3n deportiva. Sus productos est\u00e1n desarrollados para ayudar a deportistas y personas activas a mejorar su recuperaci\u00f3n, aumentar su energ\u00eda y alcanzar sus objetivos de forma segura y efectiva. En PerfectMassNutrition\u00ae seleccionamos lo mejor de GMN Nutrition para ofrecerte suplementos confiables, con excelentes ingredientes y resultados comprobados, disponibles para toda Colombia y Latinoam\u00e9rica.","parent":0,"count":11,"filter":"raw"}],"product_brand":[2689],"product_cat":[1536,1541,1543],"product_tag":[1574],"class_list":{"0":"post-26633","1":"product","2":"type-product","3":"status-publish","4":"has-post-thumbnail","6":"brand-gmn","7":"product_brand-gmn","8":"product_cat-proteina","9":"product_cat-aumentadora","10":"product_cat-leche","11":"product_tag-perder-peso","13":"first","14":"instock","15":"sale","16":"taxable","17":"shipping-taxable","18":"purchasable","19":"product-type-variable","20":"has-default-attributes"},"_links":{"self":[{"href":"https:\/\/perfectmass.net\/co\/wp-json\/wp\/v2\/product\/26633","targetHints":{"allow":["GET"]}}],"collection":[{"href":"https:\/\/perfectmass.net\/co\/wp-json\/wp\/v2\/product"}],"about":[{"href":"https:\/\/perfectmass.net\/co\/wp-json\/wp\/v2\/types\/product"}],"replies":[{"embeddable":true,"href":"https:\/\/perfectmass.net\/co\/wp-json\/wp\/v2\/comments?post=26633"}],"version-history":[{"count":1,"href":"https:\/\/perfectmass.net\/co\/wp-json\/wp\/v2\/product\/26633\/revisions"}],"predecessor-version":[{"id":30685,"href":"https:\/\/perfectmass.net\/co\/wp-json\/wp\/v2\/product\/26633\/revisions\/30685"}],"wp:featuredmedia":[{"embeddable":true,"href":"https:\/\/perfectmass.net\/co\/wp-json\/wp\/v2\/media\/26634"}],"wp:attachment":[{"href":"https:\/\/perfectmass.net\/co\/wp-json\/wp\/v2\/media?parent=26633"}],"wp:term":[{"taxonomy":"brand","embeddable":true,"href":"https:\/\/perfectmass.net\/co\/wp-json\/wp\/v2\/etheme_brands?post=26633"},{"taxonomy":"product_brand","embeddable":true,"href":"https:\/\/perfectmass.net\/co\/wp-json\/wp\/v2\/product_brand?post=26633"},{"taxonomy":"product_cat","embeddable":true,"href":"https:\/\/perfectmass.net\/co\/wp-json\/wp\/v2\/product_cat?post=26633"},{"taxonomy":"product_tag","embeddable":true,"href":"https:\/\/perfectmass.net\/co\/wp-json\/wp\/v2\/product_tag?post=26633"}],"curies":[{"name":"wp","href":"https:\/\/api.w.org\/{rel}","templated":true}]}}