{"id":26603,"date":"2025-11-26T17:52:35","date_gmt":"2025-11-26T22:52:35","guid":{"rendered":"https:\/\/perfectmass.net\/sin%20categor\u00eda\/monster-test-pm\/"},"modified":"2026-04-23T13:14:46","modified_gmt":"2026-04-23T18:14:46","slug":"monster-test-pm","status":"publish","type":"product","link":"https:\/\/perfectmass.net\/co\/nutricion\/entreno\/post\/monster-test-pm\/","title":{"rendered":"Monster Test PM &#8211; Recuperaci\u00f3n Angry Supplements"},"content":{"rendered":"<h2>Monster Test PM &#8211; Recuperaci\u00f3n Angry Supplements<\/h2>\n<p>Recuperaci\u00f3n nocturna dise\u00f1ada para maximizar la s\u00edntesis de prote\u00edna muscular mientras duermes.<\/p>\n<p>Recuperaci\u00f3n nocturna significa que tomas Animal PM antes de dormir para proporcionar nutrientes a tus m\u00fasculos durante toda la noche. Melatonina + amino\u00e1cidos trabajan juntos: la melatonina mejora la calidad del sue\u00f1o (sue\u00f1o m\u00e1s profundo = m\u00e1s hormona de crecimiento), mientras que los amino\u00e1cidos proporcionan bloques de construcci\u00f3n para s\u00edntesis de prote\u00edna muscular nocturna. Sue\u00f1o profundo significa secreci\u00f3n de hormona de crecimiento maximizada, lo que resulta en mejor s\u00edntesis de prote\u00edna muscular mientras duermes. Crece mientras duermes con Animal PM porque tu cuerpo necesita prote\u00edna durante el sue\u00f1o para construir m\u00fasculo &#8211; Animal PM proporciona amino\u00e1cidos constantes durante toda la noche para construcci\u00f3n muscular continua.<\/p>\n<p>Los amino\u00e1cidos de liberaci\u00f3n lenta aseguran que tus m\u00fasculos reciben nutrici\u00f3n durante 7-8 horas mientras duermes. La melatonina tambi\u00e9n reduce cortisol (hormona del estr\u00e9s), creando un ambiente m\u00e1s anab\u00f3lico durante el sue\u00f1o. Ideal para atletas que entrenan intensamente y necesitan recuperaci\u00f3n m\u00e1xima. Tambi\u00e9n perfecto para personas que tienen problemas de sue\u00f1o.<\/p>\n<p>Calidad Universal verificada. Importado desde USA. Crecimiento que no duerme.<\/p>\n<div id=\"attachment_15007\" style=\"width: 310px\" class=\"wp-caption alignnone\"><img fetchpriority=\"high\" decoding=\"async\" aria-describedby=\"caption-attachment-15007\" class=\"size-medium wp-image-15007\" src=\"https:\/\/perfectmass.net\/wp-content\/uploads\/2025\/11\/MONSTERPM-CLEANVERSION_a934d6cd-bca0-436c-aa79-1d0646a124bf_2048x-300x300.png\" alt=\"Monster Test PM - Recuperaci\u00f3n Angry Supplements\" width=\"300\" height=\"300\" title=\"\" srcset=\"https:\/\/perfectmass.net\/wp-content\/uploads\/2025\/11\/MONSTERPM-CLEANVERSION_a934d6cd-bca0-436c-aa79-1d0646a124bf_2048x-300x300.png 300w, https:\/\/perfectmass.net\/wp-content\/uploads\/2025\/11\/MONSTERPM-CLEANVERSION_a934d6cd-bca0-436c-aa79-1d0646a124bf_2048x-1024x1024.png 1024w, https:\/\/perfectmass.net\/wp-content\/uploads\/2025\/11\/MONSTERPM-CLEANVERSION_a934d6cd-bca0-436c-aa79-1d0646a124bf_2048x-150x150.png 150w, https:\/\/perfectmass.net\/wp-content\/uploads\/2025\/11\/MONSTERPM-CLEANVERSION_a934d6cd-bca0-436c-aa79-1d0646a124bf_2048x-768x768.png 768w, https:\/\/perfectmass.net\/wp-content\/uploads\/2025\/11\/MONSTERPM-CLEANVERSION_a934d6cd-bca0-436c-aa79-1d0646a124bf_2048x-1536x1536.png 1536w, https:\/\/perfectmass.net\/wp-content\/uploads\/2025\/11\/MONSTERPM-CLEANVERSION_a934d6cd-bca0-436c-aa79-1d0646a124bf_2048x-445x445.png 445w, https:\/\/perfectmass.net\/wp-content\/uploads\/2025\/11\/MONSTERPM-CLEANVERSION_a934d6cd-bca0-436c-aa79-1d0646a124bf_2048x-100x100.png 100w, https:\/\/perfectmass.net\/wp-content\/uploads\/2025\/11\/MONSTERPM-CLEANVERSION_a934d6cd-bca0-436c-aa79-1d0646a124bf_2048x-1x1.png 1w, https:\/\/perfectmass.net\/wp-content\/uploads\/2025\/11\/MONSTERPM-CLEANVERSION_a934d6cd-bca0-436c-aa79-1d0646a124bf_2048x-10x10.png 10w, https:\/\/perfectmass.net\/wp-content\/uploads\/2025\/11\/MONSTERPM-CLEANVERSION_a934d6cd-bca0-436c-aa79-1d0646a124bf_2048x.png 2048w\" sizes=\"(max-width: 300px) 100vw, 300px\" \/><p id=\"caption-attachment-15007\" class=\"wp-caption-text\">Monster Test PM &#8211; Recuperaci\u00f3n <a href=\"https:\/\/angrysupps.com\/\" target=\"_blank\" rel=\"noopener\">Angry Supplements<\/a><\/p><\/div>\n<p>Visitar\u00a0<a href=\"https:\/\/perfectmass.net\/co\/\">PerfectMass.net<\/a><\/p>\n","protected":false},"excerpt":{"rendered":"<p>Recuperaci\u00f3n nocturna<\/p>\n","protected":false},"featured_media":26604,"comment_status":"open","ping_status":"closed","template":"","meta":[],"etheme_brands":[{"term_id":2501,"name":"Angry Supplements","slug":"angry-supplements","term_group":0,"term_taxonomy_id":2501,"taxonomy":"brand","description":"<strong data-start=\"235\" data-end=\"260\">Angry Supplements:<\/strong> es una marca reconocida por su compromiso con la calidad, la innovaci\u00f3n y el rendimiento dentro del mundo de la nutrici\u00f3n deportiva. Sus productos est\u00e1n desarrollados para ayudar a deportistas y personas activas a mejorar su recuperaci\u00f3n, aumentar su energ\u00eda y alcanzar sus objetivos de forma segura y efectiva. En PerfectMassNutrition\u00ae seleccionamos lo mejor de Angry Supplements para ofrecerte suplementos confiables, con excelentes ingredientes y resultados comprobados, disponibles para toda Colombia y Latinoam\u00e9rica.","parent":0,"count":11,"filter":"raw"}],"product_brand":[2663],"product_cat":[1513,1522,1523,1499,1524,1533,1546,1548],"product_tag":[1585],"class_list":{"0":"post-26603","1":"product","2":"type-product","3":"status-publish","4":"has-post-thumbnail","6":"brand-angry-supplements","7":"product_brand-angry-supplements","8":"product_cat-aminos","9":"product_cat-mas-vendidos","10":"product_cat-novedades","11":"product_cat-nutricion","12":"product_cat-ofertas","13":"product_cat-post","14":"product_cat-recuperacion","15":"product_cat-suplementos","16":"product_tag-suplemento","18":"first","19":"instock","20":"sale","21":"taxable","22":"shipping-taxable","23":"purchasable","24":"product-type-variable","25":"has-default-attributes"},"_links":{"self":[{"href":"https:\/\/perfectmass.net\/co\/wp-json\/wp\/v2\/product\/26603","targetHints":{"allow":["GET"]}}],"collection":[{"href":"https:\/\/perfectmass.net\/co\/wp-json\/wp\/v2\/product"}],"about":[{"href":"https:\/\/perfectmass.net\/co\/wp-json\/wp\/v2\/types\/product"}],"replies":[{"embeddable":true,"href":"https:\/\/perfectmass.net\/co\/wp-json\/wp\/v2\/comments?post=26603"}],"version-history":[{"count":1,"href":"https:\/\/perfectmass.net\/co\/wp-json\/wp\/v2\/product\/26603\/revisions"}],"predecessor-version":[{"id":30659,"href":"https:\/\/perfectmass.net\/co\/wp-json\/wp\/v2\/product\/26603\/revisions\/30659"}],"wp:featuredmedia":[{"embeddable":true,"href":"https:\/\/perfectmass.net\/co\/wp-json\/wp\/v2\/media\/26604"}],"wp:attachment":[{"href":"https:\/\/perfectmass.net\/co\/wp-json\/wp\/v2\/media?parent=26603"}],"wp:term":[{"taxonomy":"brand","embeddable":true,"href":"https:\/\/perfectmass.net\/co\/wp-json\/wp\/v2\/etheme_brands?post=26603"},{"taxonomy":"product_brand","embeddable":true,"href":"https:\/\/perfectmass.net\/co\/wp-json\/wp\/v2\/product_brand?post=26603"},{"taxonomy":"product_cat","embeddable":true,"href":"https:\/\/perfectmass.net\/co\/wp-json\/wp\/v2\/product_cat?post=26603"},{"taxonomy":"product_tag","embeddable":true,"href":"https:\/\/perfectmass.net\/co\/wp-json\/wp\/v2\/product_tag?post=26603"}],"curies":[{"name":"wp","href":"https:\/\/api.w.org\/{rel}","templated":true}]}}