{"id":26547,"date":"2025-11-26T17:52:36","date_gmt":"2025-11-26T22:52:36","guid":{"rendered":"https:\/\/perfectmass.net\/sin%20categor\u00eda\/vitanas-whey-elite\/"},"modified":"2026-04-23T13:14:39","modified_gmt":"2026-04-23T18:14:39","slug":"vitanas-whey-elite","status":"publish","type":"product","link":"https:\/\/perfectmass.net\/co\/nutricion\/proteina\/whey\/vitanas-whey-elite\/","title":{"rendered":"Whey Elite &#8211; Vitanas"},"content":{"rendered":"<p>VITANAS WHEY ELITE es una prote\u00edna de alta calidad dise\u00f1ada para apoyar el crecimiento y recuperaci\u00f3n muscular. Cada porci\u00f3n proporciona prote\u00ednas de r\u00e1pida absorci\u00f3n ideales para despu\u00e9s del entrenamiento. Presentaci\u00f3n: 5 LIBRAS.<\/p>\n","protected":false},"excerpt":{"rendered":"<p>Prote\u00edna de alta calidad<\/p>\n","protected":false},"featured_media":26548,"comment_status":"open","ping_status":"closed","template":"","meta":[],"etheme_brands":[{"term_id":2641,"name":"Vitanas","slug":"vitanas","term_group":0,"term_taxonomy_id":2641,"taxonomy":"brand","description":"","parent":0,"count":10,"filter":"raw"}],"product_brand":[2752],"product_cat":[1536,1540],"product_tag":[1567],"class_list":{"0":"post-26547","1":"product","2":"type-product","3":"status-publish","4":"has-post-thumbnail","6":"brand-vitanas","7":"product_brand-vitanas","8":"product_cat-proteina","9":"product_cat-whey","10":"product_tag-ganar-masa","12":"first","13":"instock","14":"sale","15":"taxable","16":"shipping-taxable","17":"purchasable","18":"product-type-variable","19":"has-default-attributes"},"_links":{"self":[{"href":"https:\/\/perfectmass.net\/co\/wp-json\/wp\/v2\/product\/26547","targetHints":{"allow":["GET"]}}],"collection":[{"href":"https:\/\/perfectmass.net\/co\/wp-json\/wp\/v2\/product"}],"about":[{"href":"https:\/\/perfectmass.net\/co\/wp-json\/wp\/v2\/types\/product"}],"replies":[{"embeddable":true,"href":"https:\/\/perfectmass.net\/co\/wp-json\/wp\/v2\/comments?post=26547"}],"version-history":[{"count":1,"href":"https:\/\/perfectmass.net\/co\/wp-json\/wp\/v2\/product\/26547\/revisions"}],"predecessor-version":[{"id":30633,"href":"https:\/\/perfectmass.net\/co\/wp-json\/wp\/v2\/product\/26547\/revisions\/30633"}],"wp:featuredmedia":[{"embeddable":true,"href":"https:\/\/perfectmass.net\/co\/wp-json\/wp\/v2\/media\/26548"}],"wp:attachment":[{"href":"https:\/\/perfectmass.net\/co\/wp-json\/wp\/v2\/media?parent=26547"}],"wp:term":[{"taxonomy":"brand","embeddable":true,"href":"https:\/\/perfectmass.net\/co\/wp-json\/wp\/v2\/etheme_brands?post=26547"},{"taxonomy":"product_brand","embeddable":true,"href":"https:\/\/perfectmass.net\/co\/wp-json\/wp\/v2\/product_brand?post=26547"},{"taxonomy":"product_cat","embeddable":true,"href":"https:\/\/perfectmass.net\/co\/wp-json\/wp\/v2\/product_cat?post=26547"},{"taxonomy":"product_tag","embeddable":true,"href":"https:\/\/perfectmass.net\/co\/wp-json\/wp\/v2\/product_tag?post=26547"}],"curies":[{"name":"wp","href":"https:\/\/api.w.org\/{rel}","templated":true}]}}