{"id":26529,"date":"2025-11-26T17:52:36","date_gmt":"2025-11-26T22:52:36","guid":{"rendered":"https:\/\/perfectmass.net\/sin%20categor\u00eda\/monster-test-tradicional\/"},"modified":"2026-04-23T13:14:35","modified_gmt":"2026-04-23T18:14:35","slug":"monster-test-tradicional","status":"publish","type":"product","link":"https:\/\/perfectmass.net\/co\/sin categor\u00eda\/monster-test-tradicional\/","title":{"rendered":"Monster Test Tradicional &#8211; Pre-Entreno Angry Supplements"},"content":{"rendered":"<h2>Monster Test Tradicional &#8211; Pre-Entreno Angry Supplements<\/h2>\n<p>Es el producto indicado para ayudar a los hombres que buscan\u00a0<b>aumentar la masa y la fuerza muscular, mayor energ\u00eda y rendimiento sexual<\/b>. Monster Testosterone Booster est\u00e1 compuesto con una f\u00f3rmula patentada que incluye Vitamina A, Zinc, Vitamina B6, Magnesio, Vitamina C, Extracto de Maca, Tribulus Terrestris, amino\u00e1cidos y m\u00e1s.<\/p>\n<p>Con el Monster Test Blanco podr\u00e1s controlar tus niveles de grasa, ya que<b>\u00a0cuando los niveles de testosterona suben, la grasa corporal tiende a reducirse, mientras que la masa muscular y la fuerza aumentan<\/b>. Esto puede ocasionarse por dietas altas en grasas y el consumo elevado de alcohol, que adem\u00e1s pueden causar aumento de peso y reducci\u00f3n en los niveles de la hormona.<\/p>\n<div id=\"attachment_15045\" style=\"width: 310px\" class=\"wp-caption alignnone\"><img fetchpriority=\"high\" decoding=\"async\" aria-describedby=\"caption-attachment-15045\" class=\"size-medium wp-image-15045\" src=\"https:\/\/perfectmass.net\/wp-content\/uploads\/2025\/11\/MONSTERTEST-FRONTwhitebackground_2048x-300x300.png\" alt=\"Monster Test Tradicional - Pre-Entreno Angry Supplements\" width=\"300\" height=\"300\" title=\"\" srcset=\"https:\/\/perfectmass.net\/wp-content\/uploads\/2025\/11\/MONSTERTEST-FRONTwhitebackground_2048x-300x300.png 300w, https:\/\/perfectmass.net\/wp-content\/uploads\/2025\/11\/MONSTERTEST-FRONTwhitebackground_2048x-150x150.png 150w, https:\/\/perfectmass.net\/wp-content\/uploads\/2025\/11\/MONSTERTEST-FRONTwhitebackground_2048x-768x768.png 768w, https:\/\/perfectmass.net\/wp-content\/uploads\/2025\/11\/MONSTERTEST-FRONTwhitebackground_2048x-445x445.png 445w, https:\/\/perfectmass.net\/wp-content\/uploads\/2025\/11\/MONSTERTEST-FRONTwhitebackground_2048x-100x100.png 100w, https:\/\/perfectmass.net\/wp-content\/uploads\/2025\/11\/MONSTERTEST-FRONTwhitebackground_2048x-1x1.png 1w, https:\/\/perfectmass.net\/wp-content\/uploads\/2025\/11\/MONSTERTEST-FRONTwhitebackground_2048x-10x10.png 10w, https:\/\/perfectmass.net\/wp-content\/uploads\/2025\/11\/MONSTERTEST-FRONTwhitebackground_2048x.png 1000w\" sizes=\"(max-width: 300px) 100vw, 300px\" \/><p id=\"caption-attachment-15045\" class=\"wp-caption-text\">Monster Test Tradicional &#8211; Pre-Entreno <a href=\"https:\/\/angrysupps.com\/\" target=\"_blank\" rel=\"noopener\">Angry Supplements<\/a><\/p><\/div>\n<p>Visitar\u00a0<a href=\"https:\/\/perfectmass.net\/co\/\">PerfectMass.net<\/a><\/p>\n","protected":false},"excerpt":{"rendered":"<p>Pre-entreno para potenciar energ\u00eda, fuerza y concentraci\u00f3n.<\/p>\n","protected":false},"featured_media":26530,"comment_status":"open","ping_status":"closed","template":"","meta":[],"etheme_brands":[{"term_id":2501,"name":"Angry Supplements","slug":"angry-supplements","term_group":0,"term_taxonomy_id":2501,"taxonomy":"brand","description":"<strong data-start=\"235\" data-end=\"260\">Angry Supplements:<\/strong> es una marca reconocida por su compromiso con la calidad, la innovaci\u00f3n y el rendimiento dentro del mundo de la nutrici\u00f3n deportiva. Sus productos est\u00e1n desarrollados para ayudar a deportistas y personas activas a mejorar su recuperaci\u00f3n, aumentar su energ\u00eda y alcanzar sus objetivos de forma segura y efectiva. En PerfectMassNutrition\u00ae seleccionamos lo mejor de Angry Supplements para ofrecerte suplementos confiables, con excelentes ingredientes y resultados comprobados, disponibles para toda Colombia y Latinoam\u00e9rica.","parent":0,"count":11,"filter":"raw"}],"product_brand":[2663],"product_cat":[],"product_tag":[1585],"class_list":{"0":"post-26529","1":"product","2":"type-product","3":"status-publish","4":"has-post-thumbnail","6":"brand-angry-supplements","7":"product_brand-angry-supplements","8":"product_tag-suplemento","10":"first","11":"instock","12":"sale","13":"taxable","14":"shipping-taxable","15":"purchasable","16":"product-type-variable","17":"has-default-attributes"},"_links":{"self":[{"href":"https:\/\/perfectmass.net\/co\/wp-json\/wp\/v2\/product\/26529","targetHints":{"allow":["GET"]}}],"collection":[{"href":"https:\/\/perfectmass.net\/co\/wp-json\/wp\/v2\/product"}],"about":[{"href":"https:\/\/perfectmass.net\/co\/wp-json\/wp\/v2\/types\/product"}],"replies":[{"embeddable":true,"href":"https:\/\/perfectmass.net\/co\/wp-json\/wp\/v2\/comments?post=26529"}],"version-history":[{"count":1,"href":"https:\/\/perfectmass.net\/co\/wp-json\/wp\/v2\/product\/26529\/revisions"}],"predecessor-version":[{"id":30618,"href":"https:\/\/perfectmass.net\/co\/wp-json\/wp\/v2\/product\/26529\/revisions\/30618"}],"wp:featuredmedia":[{"embeddable":true,"href":"https:\/\/perfectmass.net\/co\/wp-json\/wp\/v2\/media\/26530"}],"wp:attachment":[{"href":"https:\/\/perfectmass.net\/co\/wp-json\/wp\/v2\/media?parent=26529"}],"wp:term":[{"taxonomy":"brand","embeddable":true,"href":"https:\/\/perfectmass.net\/co\/wp-json\/wp\/v2\/etheme_brands?post=26529"},{"taxonomy":"product_brand","embeddable":true,"href":"https:\/\/perfectmass.net\/co\/wp-json\/wp\/v2\/product_brand?post=26529"},{"taxonomy":"product_cat","embeddable":true,"href":"https:\/\/perfectmass.net\/co\/wp-json\/wp\/v2\/product_cat?post=26529"},{"taxonomy":"product_tag","embeddable":true,"href":"https:\/\/perfectmass.net\/co\/wp-json\/wp\/v2\/product_tag?post=26529"}],"curies":[{"name":"wp","href":"https:\/\/api.w.org\/{rel}","templated":true}]}}