{"id":26495,"date":"2025-11-26T17:52:47","date_gmt":"2025-11-26T22:52:47","guid":{"rendered":"https:\/\/perfectmass.net\/sin%20categor\u00eda\/creatina-supreme-gmn\/"},"modified":"2026-04-23T13:14:23","modified_gmt":"2026-04-23T18:14:23","slug":"creatina-supreme-gmn","status":"publish","type":"product","link":"https:\/\/perfectmass.net\/co\/nutricion\/creatina\/monohidratada\/creatina-supreme-gmn\/","title":{"rendered":"Creatina Supreme &#8211; GMN"},"content":{"rendered":"<h2>Creatina Supreme &#8211; GMN<\/h2>\n<p><strong>Creatina Supreme GMN\u00a0<\/strong><\/p>\n<p>Impulsa tu rendimiento deportivo con Supreme Creatina GMN, un suplemento de alta calidad dise\u00f1ado para mejorar la fuerza, la resistencia y la recuperaci\u00f3n muscular. Su f\u00f3rmula pura y de dosificaci\u00f3n precisa te ofrece resultados efectivos y sostenibles en tus entrenamientos, ayud\u00e1ndote a alcanzar tus objetivos de forma m\u00e1s eficiente.<\/p>\n<p><strong>Caracter\u00edsticas principales:<\/strong><\/p>\n<ul>\n<li>5 g de creatina por porci\u00f3n<\/li>\n<li>Aproximadamente 30 servicios por envase<\/li>\n<li>Registro Invima: RSA-0033088-2024<\/li>\n<li>Favorece el aumento de energ\u00eda y fuerza muscular<\/li>\n<li>Apoya la recuperaci\u00f3n despu\u00e9s del ejercicio intenso<\/li>\n<li>Ideal para deportistas y personas con estilo de vida activo<\/li>\n<\/ul>\n<p><strong>Uso sugerido:<\/strong>\u00a0mezclar una porci\u00f3n (5 g) con agua, jugo o tu bebida favorita, preferiblemente despu\u00e9s del entrenamiento o seg\u00fan la recomendaci\u00f3n de un profesional de la salud.<\/p>\n<p><strong>Beneficios:<\/strong>\u00a0la creatina es uno de los suplementos m\u00e1s estudiados y efectivos para mejorar el rendimiento f\u00edsico. Ayuda a incrementar la fuerza, mantener la energ\u00eda durante entrenamientos de alta intensidad y potenciar la recuperaci\u00f3n muscular.<\/p>\n<div id=\"attachment_15341\" style=\"width: 310px\" class=\"wp-caption alignnone\"><img fetchpriority=\"high\" decoding=\"async\" aria-describedby=\"caption-attachment-15341\" class=\"size-medium wp-image-15341\" src=\"https:\/\/perfectmass.net\/wp-content\/uploads\/2025\/11\/Creatina-Monohidratada-Supreme-Creatine-de-GMN-1024x1024-1-300x300.webp\" alt=\"Supreme - Pre-entreno GMN Nutrition\" width=\"300\" height=\"300\" title=\"\" srcset=\"https:\/\/perfectmass.net\/wp-content\/uploads\/2025\/11\/Creatina-Monohidratada-Supreme-Creatine-de-GMN-1024x1024-1-300x300.webp 300w, https:\/\/perfectmass.net\/wp-content\/uploads\/2025\/11\/Creatina-Monohidratada-Supreme-Creatine-de-GMN-1024x1024-1-150x150.webp 150w, https:\/\/perfectmass.net\/wp-content\/uploads\/2025\/11\/Creatina-Monohidratada-Supreme-Creatine-de-GMN-1024x1024-1-768x768.webp 768w, https:\/\/perfectmass.net\/wp-content\/uploads\/2025\/11\/Creatina-Monohidratada-Supreme-Creatine-de-GMN-1024x1024-1-445x445.webp 445w, https:\/\/perfectmass.net\/wp-content\/uploads\/2025\/11\/Creatina-Monohidratada-Supreme-Creatine-de-GMN-1024x1024-1-100x100.webp 100w, https:\/\/perfectmass.net\/wp-content\/uploads\/2025\/11\/Creatina-Monohidratada-Supreme-Creatine-de-GMN-1024x1024-1-1x1.webp 1w, https:\/\/perfectmass.net\/wp-content\/uploads\/2025\/11\/Creatina-Monohidratada-Supreme-Creatine-de-GMN-1024x1024-1-10x10.webp 10w, https:\/\/perfectmass.net\/wp-content\/uploads\/2025\/11\/Creatina-Monohidratada-Supreme-Creatine-de-GMN-1024x1024-1.webp 1024w\" sizes=\"(max-width: 300px) 100vw, 300px\" \/><p id=\"caption-attachment-15341\" class=\"wp-caption-text\">Supreme &#8211; Pre-entreno <a href=\"https:\/\/gmn.com.co\/\" target=\"_blank\" rel=\"noopener\">GMN\u00a0<\/a><\/p><\/div>\n<p>Visitar <a href=\"http:\/\/PerfectMass.net\" target=\"_blank\" rel=\"noopener\">PerfectMass.net<\/a><\/p>\n","protected":false},"excerpt":{"rendered":"<p>Creatina Supreme GMN<\/p>\n","protected":false},"featured_media":26496,"comment_status":"open","ping_status":"closed","template":"","meta":[],"etheme_brands":[{"term_id":2549,"name":"GMN","slug":"gmn","term_group":0,"term_taxonomy_id":2549,"taxonomy":"brand","description":"<strong data-start=\"235\" data-end=\"260\">GMN Nutrition:<\/strong> es una marca reconocida por su compromiso con la calidad, la innovaci\u00f3n y el rendimiento dentro del mundo de la nutrici\u00f3n deportiva. Sus productos est\u00e1n desarrollados para ayudar a deportistas y personas activas a mejorar su recuperaci\u00f3n, aumentar su energ\u00eda y alcanzar sus objetivos de forma segura y efectiva. En PerfectMassNutrition\u00ae seleccionamos lo mejor de GMN Nutrition para ofrecerte suplementos confiables, con excelentes ingredientes y resultados comprobados, disponibles para toda Colombia y Latinoam\u00e9rica.","parent":0,"count":11,"filter":"raw"}],"product_brand":[2689],"product_cat":[1519,1520],"product_tag":[1566,1577],"class_list":{"0":"post-26495","1":"product","2":"type-product","3":"status-publish","4":"has-post-thumbnail","6":"brand-gmn","7":"product_brand-gmn","8":"product_cat-creatina","9":"product_cat-monohidratada","10":"product_tag-fuerza","11":"product_tag-pre-entreno","13":"first","14":"instock","15":"sale","16":"taxable","17":"shipping-taxable","18":"purchasable","19":"product-type-variable","20":"has-default-attributes"},"_links":{"self":[{"href":"https:\/\/perfectmass.net\/co\/wp-json\/wp\/v2\/product\/26495","targetHints":{"allow":["GET"]}}],"collection":[{"href":"https:\/\/perfectmass.net\/co\/wp-json\/wp\/v2\/product"}],"about":[{"href":"https:\/\/perfectmass.net\/co\/wp-json\/wp\/v2\/types\/product"}],"replies":[{"embeddable":true,"href":"https:\/\/perfectmass.net\/co\/wp-json\/wp\/v2\/comments?post=26495"}],"version-history":[{"count":1,"href":"https:\/\/perfectmass.net\/co\/wp-json\/wp\/v2\/product\/26495\/revisions"}],"predecessor-version":[{"id":30590,"href":"https:\/\/perfectmass.net\/co\/wp-json\/wp\/v2\/product\/26495\/revisions\/30590"}],"wp:featuredmedia":[{"embeddable":true,"href":"https:\/\/perfectmass.net\/co\/wp-json\/wp\/v2\/media\/26496"}],"wp:attachment":[{"href":"https:\/\/perfectmass.net\/co\/wp-json\/wp\/v2\/media?parent=26495"}],"wp:term":[{"taxonomy":"brand","embeddable":true,"href":"https:\/\/perfectmass.net\/co\/wp-json\/wp\/v2\/etheme_brands?post=26495"},{"taxonomy":"product_brand","embeddable":true,"href":"https:\/\/perfectmass.net\/co\/wp-json\/wp\/v2\/product_brand?post=26495"},{"taxonomy":"product_cat","embeddable":true,"href":"https:\/\/perfectmass.net\/co\/wp-json\/wp\/v2\/product_cat?post=26495"},{"taxonomy":"product_tag","embeddable":true,"href":"https:\/\/perfectmass.net\/co\/wp-json\/wp\/v2\/product_tag?post=26495"}],"curies":[{"name":"wp","href":"https:\/\/api.w.org\/{rel}","templated":true}]}}