{"id":26483,"date":"2025-11-26T17:52:48","date_gmt":"2025-11-26T22:52:48","guid":{"rendered":"https:\/\/perfectmass.net\/sin%20categor\u00eda\/muscletech-test-hd\/"},"modified":"2026-05-02T04:46:40","modified_gmt":"2026-05-02T09:46:40","slug":"muscletech-test-hd","status":"publish","type":"product","link":"https:\/\/perfectmass.net\/co\/nutricion\/suplementos\/testosterona\/muscletech-test-hd\/","title":{"rendered":"Test HD &#8211; MuscleTech"},"content":{"rendered":"<p><strong>Test HD &#8211; MuscleTech<\/strong><\/p>\n<p>Test HD<\/p>\n<p>F\u00f3rmula con ingredientes naturales orientada a apoyar los niveles hormonales y el rendimiento f\u00edsico masculino.<\/p>\n","protected":false},"excerpt":{"rendered":"<p>Estimulante hormonal natural para fuerza y rendimiento.<\/p>\n","protected":false},"featured_media":26484,"comment_status":"open","ping_status":"closed","template":"","meta":[],"etheme_brands":[{"term_id":2599,"name":"MuscleTech","slug":"muscletech","term_group":0,"term_taxonomy_id":2599,"taxonomy":"brand","description":"<strong data-start=\"235\" data-end=\"260\">MuscleTech:<\/strong> es una marca reconocida por su compromiso con la calidad, la innovaci\u00f3n y el rendimiento dentro del mundo de la nutrici\u00f3n deportiva. Sus productos est\u00e1n desarrollados para ayudar a deportistas y personas activas a mejorar su recuperaci\u00f3n, aumentar su energ\u00eda y alcanzar sus objetivos de forma segura y efectiva. En PerfectMassNutrition\u00ae seleccionamos lo mejor de MuscleTech para ofrecerte suplementos confiables, con excelentes ingredientes y resultados comprobados, disponibles para toda Colombia y Latinoam\u00e9rica.","parent":0,"count":17,"filter":"raw"}],"product_brand":[2700],"product_cat":[3643],"product_tag":[1585],"class_list":{"0":"post-26483","1":"product","2":"type-product","3":"status-publish","4":"has-post-thumbnail","6":"brand-muscletech","7":"product_brand-muscletech","8":"product_cat-testosterona","9":"product_tag-suplemento","11":"first","12":"outofstock","13":"sale","14":"taxable","15":"shipping-taxable","16":"purchasable","17":"product-type-variable","18":"has-default-attributes"},"_links":{"self":[{"href":"https:\/\/perfectmass.net\/co\/wp-json\/wp\/v2\/product\/26483","targetHints":{"allow":["GET"]}}],"collection":[{"href":"https:\/\/perfectmass.net\/co\/wp-json\/wp\/v2\/product"}],"about":[{"href":"https:\/\/perfectmass.net\/co\/wp-json\/wp\/v2\/types\/product"}],"replies":[{"embeddable":true,"href":"https:\/\/perfectmass.net\/co\/wp-json\/wp\/v2\/comments?post=26483"}],"version-history":[{"count":1,"href":"https:\/\/perfectmass.net\/co\/wp-json\/wp\/v2\/product\/26483\/revisions"}],"predecessor-version":[{"id":30572,"href":"https:\/\/perfectmass.net\/co\/wp-json\/wp\/v2\/product\/26483\/revisions\/30572"}],"wp:featuredmedia":[{"embeddable":true,"href":"https:\/\/perfectmass.net\/co\/wp-json\/wp\/v2\/media\/26484"}],"wp:attachment":[{"href":"https:\/\/perfectmass.net\/co\/wp-json\/wp\/v2\/media?parent=26483"}],"wp:term":[{"taxonomy":"brand","embeddable":true,"href":"https:\/\/perfectmass.net\/co\/wp-json\/wp\/v2\/etheme_brands?post=26483"},{"taxonomy":"product_brand","embeddable":true,"href":"https:\/\/perfectmass.net\/co\/wp-json\/wp\/v2\/product_brand?post=26483"},{"taxonomy":"product_cat","embeddable":true,"href":"https:\/\/perfectmass.net\/co\/wp-json\/wp\/v2\/product_cat?post=26483"},{"taxonomy":"product_tag","embeddable":true,"href":"https:\/\/perfectmass.net\/co\/wp-json\/wp\/v2\/product_tag?post=26483"}],"curies":[{"name":"wp","href":"https:\/\/api.w.org\/{rel}","templated":true}]}}