{"id":26469,"date":"2025-11-26T17:52:48","date_gmt":"2025-11-26T22:52:48","guid":{"rendered":"https:\/\/perfectmass.net\/sin%20categor\u00eda\/bpi-cla-carnitine\/"},"modified":"2026-04-23T13:14:17","modified_gmt":"2026-04-23T18:14:17","slug":"bpi-cla-carnitine","status":"publish","type":"product","link":"https:\/\/perfectmass.net\/co\/nutricion\/suplementos\/control-peso\/perdida\/bpi-cla-carnitine\/","title":{"rendered":"BPI Cla + Carnitine &#8211; Amino\u00e1cidos BPI Sports"},"content":{"rendered":"<p><strong>BPI Cla + Carnitine &#8211; Amino\u00e1cidos BPI Sports<\/strong><\/p>\n<p>BPI Cla + Carnitine &#8211; Amino\u00e1cidos BPI Sports<\/p>\n<p>Complejo de amino\u00e1cidos formulado para apoyar la recuperaci\u00f3n muscular y el rendimiento durante y despu\u00e9s del entrenamiento.<\/p>\n","protected":false},"excerpt":{"rendered":"<p>Amino\u00e1cidos esenciales para recuperaci\u00f3n y rendimiento muscular.<\/p>\n","protected":false},"featured_media":26470,"comment_status":"open","ping_status":"closed","template":"","meta":[],"etheme_brands":[{"term_id":2522,"name":"BPI Sports","slug":"bpi-sports","term_group":0,"term_taxonomy_id":2522,"taxonomy":"brand","description":"<strong data-start=\"235\" data-end=\"260\">BPI Sports:<\/strong> es una marca reconocida por su compromiso con la calidad, la innovaci\u00f3n y el rendimiento dentro del mundo de la nutrici\u00f3n deportiva. Sus productos est\u00e1n desarrollados para ayudar a deportistas y personas activas a mejorar su recuperaci\u00f3n, aumentar su energ\u00eda y alcanzar sus objetivos de forma segura y efectiva. En PerfectMassNutrition\u00ae seleccionamos lo mejor de BPI Sports para ofrecerte suplementos confiables, con excelentes ingredientes y resultados comprobados, disponibles para toda Colombia y Latinoam\u00e9rica.","parent":0,"count":1,"filter":"raw"}],"product_brand":[2664],"product_cat":[1517,1555],"product_tag":[1585],"class_list":{"0":"post-26469","1":"product","2":"type-product","3":"status-publish","4":"has-post-thumbnail","6":"brand-bpi-sports","7":"product_brand-bpi-sports","8":"product_cat-l-carnitina","9":"product_cat-perdida","10":"product_tag-suplemento","12":"first","13":"outofstock","14":"sale","15":"taxable","16":"shipping-taxable","17":"purchasable","18":"product-type-variable","19":"has-default-attributes"},"_links":{"self":[{"href":"https:\/\/perfectmass.net\/co\/wp-json\/wp\/v2\/product\/26469","targetHints":{"allow":["GET"]}}],"collection":[{"href":"https:\/\/perfectmass.net\/co\/wp-json\/wp\/v2\/product"}],"about":[{"href":"https:\/\/perfectmass.net\/co\/wp-json\/wp\/v2\/types\/product"}],"replies":[{"embeddable":true,"href":"https:\/\/perfectmass.net\/co\/wp-json\/wp\/v2\/comments?post=26469"}],"version-history":[{"count":1,"href":"https:\/\/perfectmass.net\/co\/wp-json\/wp\/v2\/product\/26469\/revisions"}],"predecessor-version":[{"id":30554,"href":"https:\/\/perfectmass.net\/co\/wp-json\/wp\/v2\/product\/26469\/revisions\/30554"}],"wp:featuredmedia":[{"embeddable":true,"href":"https:\/\/perfectmass.net\/co\/wp-json\/wp\/v2\/media\/26470"}],"wp:attachment":[{"href":"https:\/\/perfectmass.net\/co\/wp-json\/wp\/v2\/media?parent=26469"}],"wp:term":[{"taxonomy":"brand","embeddable":true,"href":"https:\/\/perfectmass.net\/co\/wp-json\/wp\/v2\/etheme_brands?post=26469"},{"taxonomy":"product_brand","embeddable":true,"href":"https:\/\/perfectmass.net\/co\/wp-json\/wp\/v2\/product_brand?post=26469"},{"taxonomy":"product_cat","embeddable":true,"href":"https:\/\/perfectmass.net\/co\/wp-json\/wp\/v2\/product_cat?post=26469"},{"taxonomy":"product_tag","embeddable":true,"href":"https:\/\/perfectmass.net\/co\/wp-json\/wp\/v2\/product_tag?post=26469"}],"curies":[{"name":"wp","href":"https:\/\/api.w.org\/{rel}","templated":true}]}}