{"id":26463,"date":"2025-11-26T17:52:48","date_gmt":"2025-11-26T22:52:48","guid":{"rendered":"https:\/\/perfectmass.net\/sin%20categor\u00eda\/fibra-soluble-go-fiber\/"},"modified":"2026-04-23T13:14:15","modified_gmt":"2026-04-23T18:14:15","slug":"fibra-soluble-go-fiber","status":"publish","type":"product","link":"https:\/\/perfectmass.net\/co\/nutricion\/otros\/suplementos-energeticos\/fibra-soluble-go-fiber\/","title":{"rendered":"Fibra Soluble &#8211; Go Fiber"},"content":{"rendered":"<h2>Fibra Soluble &#8211; Go Fiber<\/h2>\n<p>Fibra soluble formulada para apoyar el\u00a0<strong>equilibrio digestivo<\/strong>\u00a0y reducir los efectos asociados al\u00a0<strong>desbalance del cortisol<\/strong>.\u2028Contribuye a\u00a0<strong>mejorar el tr\u00e1nsito intestinal<\/strong>, disminuir la hinchaz\u00f3n y optimizar la absorci\u00f3n de nutrientes.<\/p>\n<p>Formulada con fibra natural de alta pureza, GO FIBER combina\u00a0<strong>eficacia digestiva<\/strong>\u00a0y\u00a0<strong>regulaci\u00f3n del cortisol<\/strong>\u00a0para ayudarte a\u00a0<strong>reducir la inflamaci\u00f3n<\/strong>\u00a0y mejorar tu bienestar desde adentro. Una soluci\u00f3n avanzada dise\u00f1ada para\u00a0<strong>resultados visibles<\/strong>\u00a0y\u00a0<strong>equilibrio real<\/strong>\u00a0en tu cuerpo.<\/p>\n<p>GO FIBER que con sus ingredientes principales como la inulina y fibra de avena permiten conservar la salud del sistema digestivo, tratando problemas como el estre\u00f1imiento, la pesadez, los problemas de col\u00f3n y la inflamaci\u00f3n abdominal, adem\u00e1s su tecnolog\u00eda micropulverizada la hace f\u00e1cilmente soluble, es libre de endulzantes y viene en 10 deliciosos sabores.<\/p>\n<p>GO FIBER es un producto 100% vegano y al ser a base de<br \/>\nfibra de avena aporta sensaci\u00f3n de saciedad, lo que te permite controlar la ansiedad mientras cuidas de tu salud.<\/p>\n<div id=\"attachment_15384\" style=\"width: 279px\" class=\"wp-caption alignnone\"><img fetchpriority=\"high\" decoding=\"async\" aria-describedby=\"caption-attachment-15384\" class=\"size-medium wp-image-15384\" src=\"https:\/\/perfectmass.net\/wp-content\/uploads\/2025\/11\/GO-FIBER-269x300.png\" alt=\"Fibra Soluble - Go Fiber\" width=\"269\" height=\"300\" title=\"\" srcset=\"https:\/\/perfectmass.net\/wp-content\/uploads\/2025\/11\/GO-FIBER-269x300.png 269w, https:\/\/perfectmass.net\/wp-content\/uploads\/2025\/11\/GO-FIBER-445x496.png 445w, https:\/\/perfectmass.net\/wp-content\/uploads\/2025\/11\/GO-FIBER-1x1.png 1w, https:\/\/perfectmass.net\/wp-content\/uploads\/2025\/11\/GO-FIBER-10x10.png 10w, https:\/\/perfectmass.net\/wp-content\/uploads\/2025\/11\/GO-FIBER.png 590w\" sizes=\"(max-width: 269px) 100vw, 269px\" \/><p id=\"caption-attachment-15384\" class=\"wp-caption-text\">Fibra Soluble &#8211; <a href=\"https:\/\/gocompany.com.co\/\" target=\"_blank\" rel=\"noopener\">Go Fiber<\/a><\/p><\/div>\n<p>Visitar <a href=\"http:\/\/PerfectMass.net\" target=\"_blank\" rel=\"noopener\">PerfectMass.net<\/a><\/p>\n<p>&nbsp;<\/p>\n","protected":false},"excerpt":{"rendered":"<p>Suplemento vitam\u00ednico para bienestar general y soporte nutricional.<\/p>\n","protected":false},"featured_media":26464,"comment_status":"open","ping_status":"closed","template":"","meta":[],"etheme_brands":[{"term_id":2556,"name":"Go","slug":"go","term_group":0,"term_taxonomy_id":2556,"taxonomy":"brand","description":"","parent":0,"count":1,"filter":"raw"}],"product_brand":[2796],"product_cat":[1547,1548,1529],"product_tag":[1565,1585],"class_list":{"0":"post-26463","1":"product","2":"type-product","3":"status-publish","4":"has-post-thumbnail","6":"brand-go","7":"product_brand-go","8":"product_cat-salud","9":"product_cat-suplementos","10":"product_cat-suplementos-energeticos","11":"product_tag-fibra","12":"product_tag-suplemento","14":"first","15":"outofstock","16":"sale","17":"taxable","18":"shipping-taxable","19":"purchasable","20":"product-type-variable","21":"has-default-attributes"},"_links":{"self":[{"href":"https:\/\/perfectmass.net\/co\/wp-json\/wp\/v2\/product\/26463","targetHints":{"allow":["GET"]}}],"collection":[{"href":"https:\/\/perfectmass.net\/co\/wp-json\/wp\/v2\/product"}],"about":[{"href":"https:\/\/perfectmass.net\/co\/wp-json\/wp\/v2\/types\/product"}],"replies":[{"embeddable":true,"href":"https:\/\/perfectmass.net\/co\/wp-json\/wp\/v2\/comments?post=26463"}],"version-history":[{"count":1,"href":"https:\/\/perfectmass.net\/co\/wp-json\/wp\/v2\/product\/26463\/revisions"}],"predecessor-version":[{"id":30534,"href":"https:\/\/perfectmass.net\/co\/wp-json\/wp\/v2\/product\/26463\/revisions\/30534"}],"wp:featuredmedia":[{"embeddable":true,"href":"https:\/\/perfectmass.net\/co\/wp-json\/wp\/v2\/media\/26464"}],"wp:attachment":[{"href":"https:\/\/perfectmass.net\/co\/wp-json\/wp\/v2\/media?parent=26463"}],"wp:term":[{"taxonomy":"brand","embeddable":true,"href":"https:\/\/perfectmass.net\/co\/wp-json\/wp\/v2\/etheme_brands?post=26463"},{"taxonomy":"product_brand","embeddable":true,"href":"https:\/\/perfectmass.net\/co\/wp-json\/wp\/v2\/product_brand?post=26463"},{"taxonomy":"product_cat","embeddable":true,"href":"https:\/\/perfectmass.net\/co\/wp-json\/wp\/v2\/product_cat?post=26463"},{"taxonomy":"product_tag","embeddable":true,"href":"https:\/\/perfectmass.net\/co\/wp-json\/wp\/v2\/product_tag?post=26463"}],"curies":[{"name":"wp","href":"https:\/\/api.w.org\/{rel}","templated":true}]}}