{"id":26415,"date":"2025-11-26T17:52:48","date_gmt":"2025-11-26T22:52:48","guid":{"rendered":"https:\/\/perfectmass.net\/sin%20categor\u00eda\/musclemeds-stemtropin\/"},"modified":"2026-04-23T13:14:04","modified_gmt":"2026-04-23T18:14:04","slug":"musclemeds-stemtropin","status":"publish","type":"product","link":"https:\/\/perfectmass.net\/co\/sin categor\u00eda\/musclemeds-stemtropin\/","title":{"rendered":"Stemtropin &#8211; Testosterona MuscleMeds"},"content":{"rendered":"<p>MuscleMeds Stemtropin es un secretagogo avanzado de hormona de crecimiento (GH) que combina p\u00e9ptidos y amino\u00e1cidos en proporciones cient\u00edficas para aumentar naturalmente tus niveles de GH. La f\u00f3rmula incluye amino\u00e1cidos espec\u00edficos como arginina, ornitina y lisina que son precursores directos de la s\u00edntesis de GH. Tambi\u00e9n incluye p\u00e9ptidos que han demostrado aumentar la secreci\u00f3n de GH de forma a\u00fan m\u00e1s efectiva que amino\u00e1cidos solos. Estos ingredientes trabajan mejor cuando se toman antes del sue\u00f1o porque la mayor parte de la secreci\u00f3n de GH ocurre durante sue\u00f1o profundo (REM). Los estudios demuestran que dormir con niveles optimizados de estos nutrientes puede aumentar la secreci\u00f3n de GH nocturna hasta en un 100%. M\u00e1s GH nocturna significa mejor s\u00edntesis de prote\u00edna muscular mientras duermes, mejor recuperaci\u00f3n y menos dolor muscular al despertar. Tambi\u00e9n mejora la composici\u00f3n corporal al promover quema de grasa y ganancia de m\u00fasculo. La calidad del sue\u00f1o tambi\u00e9n es crucial &#8211; una noche de sue\u00f1o profundo es casi tan importante como el entrenamiento mismo. Stemtropin mejora dram\u00e1ticamente la calidad del sue\u00f1o al aumentar el tiempo en sue\u00f1o REM. Los ingredientes anab\u00f3licos adicionales en la f\u00f3rmula potencian los efectos para m\u00e1ximo crecimiento nocturno. Importado desde USA. Tu crecimiento ocurre mientras duermes &#8211; optimiza ese proceso con ingredientes que funcionan.<\/p>\n","protected":false},"excerpt":{"rendered":"<p>Aumenta GH natural<\/p>\n","protected":false},"featured_media":26417,"comment_status":"open","ping_status":"closed","template":"","meta":[],"etheme_brands":[{"term_id":2596,"name":"MuscleMeds","slug":"musclemeds","term_group":0,"term_taxonomy_id":2596,"taxonomy":"brand","description":"<strong data-start=\"235\" data-end=\"260\">MuscleMeds:<\/strong> es una marca reconocida por su compromiso con la calidad, la innovaci\u00f3n y el rendimiento dentro del mundo de la nutrici\u00f3n deportiva. Sus productos est\u00e1n desarrollados para ayudar a deportistas y personas activas a mejorar su recuperaci\u00f3n, aumentar su energ\u00eda y alcanzar sus objetivos de forma segura y efectiva. En PerfectMassNutrition\u00ae seleccionamos lo mejor de MuscleMeds para ofrecerte suplementos confiables, con excelentes ingredientes y resultados comprobados, disponibles para toda Colombia y Latinoam\u00e9rica.","parent":0,"count":11,"filter":"raw"}],"product_brand":[2699],"product_cat":[],"product_tag":[1585],"class_list":{"0":"post-26415","1":"product","2":"type-product","3":"status-publish","4":"has-post-thumbnail","6":"brand-musclemeds","7":"product_brand-musclemeds","8":"product_tag-suplemento","10":"first","11":"instock","12":"sale","13":"taxable","14":"shipping-taxable","15":"purchasable","16":"product-type-variable","17":"has-default-attributes"},"_links":{"self":[{"href":"https:\/\/perfectmass.net\/co\/wp-json\/wp\/v2\/product\/26415","targetHints":{"allow":["GET"]}}],"collection":[{"href":"https:\/\/perfectmass.net\/co\/wp-json\/wp\/v2\/product"}],"about":[{"href":"https:\/\/perfectmass.net\/co\/wp-json\/wp\/v2\/types\/product"}],"replies":[{"embeddable":true,"href":"https:\/\/perfectmass.net\/co\/wp-json\/wp\/v2\/comments?post=26415"}],"version-history":[{"count":1,"href":"https:\/\/perfectmass.net\/co\/wp-json\/wp\/v2\/product\/26415\/revisions"}],"predecessor-version":[{"id":30480,"href":"https:\/\/perfectmass.net\/co\/wp-json\/wp\/v2\/product\/26415\/revisions\/30480"}],"wp:featuredmedia":[{"embeddable":true,"href":"https:\/\/perfectmass.net\/co\/wp-json\/wp\/v2\/media\/26417"}],"wp:attachment":[{"href":"https:\/\/perfectmass.net\/co\/wp-json\/wp\/v2\/media?parent=26415"}],"wp:term":[{"taxonomy":"brand","embeddable":true,"href":"https:\/\/perfectmass.net\/co\/wp-json\/wp\/v2\/etheme_brands?post=26415"},{"taxonomy":"product_brand","embeddable":true,"href":"https:\/\/perfectmass.net\/co\/wp-json\/wp\/v2\/product_brand?post=26415"},{"taxonomy":"product_cat","embeddable":true,"href":"https:\/\/perfectmass.net\/co\/wp-json\/wp\/v2\/product_cat?post=26415"},{"taxonomy":"product_tag","embeddable":true,"href":"https:\/\/perfectmass.net\/co\/wp-json\/wp\/v2\/product_tag?post=26415"}],"curies":[{"name":"wp","href":"https:\/\/api.w.org\/{rel}","templated":true}]}}