{"id":26395,"date":"2025-11-26T17:52:49","date_gmt":"2025-11-26T22:52:49","guid":{"rendered":"https:\/\/perfectmass.net\/sin%20categor\u00eda\/super-mega-gainer-gmn\/"},"modified":"2026-05-02T04:08:38","modified_gmt":"2026-05-02T09:08:38","slug":"super-mega-gainer-gmn","status":"publish","type":"product","link":"https:\/\/perfectmass.net\/co\/nutricion\/proteina\/aumentadora\/super-mega-gainer-gmn\/","title":{"rendered":"Super Mega Gainer &#8211; GMN"},"content":{"rendered":"<h2>Super Mega Gainer &#8211; GMN<\/h2>\n<p>Alimento en polvo a base de maltodextrina, prote\u00edna concentrada de suero de leche para preparar bebida con L-glutamina y amino\u00e1cidos (L-leucina- L-Isoleucina- L-Valina) con Sabor Artificial a Vainilla Gourmet..<\/p>\n<p>Cada porci\u00f3n preparada de\u00a0<strong>SUPER MEGA<\/strong>\u00a0te aporta:<br \/>\n. 53 g.<br \/>\n. 983 calor\u00edas.<br \/>\n. 180 g carbohidratos.<\/p>\n<p><strong>Tama\u00f1o por porci\u00f3n:<\/strong>\u00a0260 g.<\/p>\n<p><strong>N\u00famero de porciones por envase:<\/strong>\u00a0Aprox. 17,5.<\/p>\n<p><strong>Contiene:<\/strong>\u00a0Leche (lactosa), soja, huevo y cereales con gluten. Puede contener trazas de trigo, apio, mostaza, sulfitos, nueces de \u00e1rbol y productos derivados, as\u00ed como pescados y productos elaborados con ellos.<\/p>\n<p><strong>Preparaci\u00f3n:<\/strong>\u00a0Cada porci\u00f3n de SUPER MEGA equivale a 7,5 cucharadas medidoras (260 g), que deben reconstruirse en 720 ml de agua.<\/p>\n<p><strong>REGISTRO SANITARIO: RSA-0037013-2025<\/strong><\/p>\n<div id=\"attachment_15374\" style=\"width: 310px\" class=\"wp-caption alignnone\"><img fetchpriority=\"high\" decoding=\"async\" aria-describedby=\"caption-attachment-15374\" class=\"size-medium wp-image-15374\" src=\"https:\/\/perfectmass.net\/wp-content\/uploads\/2025\/11\/SUPER-1LB-FRONTAL-1024x1024-1-300x300.webp\" alt=\"Super Mega Gainer - GMN\" width=\"300\" height=\"300\" title=\"\" srcset=\"https:\/\/perfectmass.net\/wp-content\/uploads\/2025\/11\/SUPER-1LB-FRONTAL-1024x1024-1-300x300.webp 300w, https:\/\/perfectmass.net\/wp-content\/uploads\/2025\/11\/SUPER-1LB-FRONTAL-1024x1024-1-150x150.webp 150w, https:\/\/perfectmass.net\/wp-content\/uploads\/2025\/11\/SUPER-1LB-FRONTAL-1024x1024-1-768x768.webp 768w, https:\/\/perfectmass.net\/wp-content\/uploads\/2025\/11\/SUPER-1LB-FRONTAL-1024x1024-1-445x445.webp 445w, https:\/\/perfectmass.net\/wp-content\/uploads\/2025\/11\/SUPER-1LB-FRONTAL-1024x1024-1-100x100.webp 100w, https:\/\/perfectmass.net\/wp-content\/uploads\/2025\/11\/SUPER-1LB-FRONTAL-1024x1024-1-1x1.webp 1w, https:\/\/perfectmass.net\/wp-content\/uploads\/2025\/11\/SUPER-1LB-FRONTAL-1024x1024-1-10x10.webp 10w, https:\/\/perfectmass.net\/wp-content\/uploads\/2025\/11\/SUPER-1LB-FRONTAL-1024x1024-1.webp 1024w\" sizes=\"(max-width: 300px) 100vw, 300px\" \/><p id=\"caption-attachment-15374\" class=\"wp-caption-text\">Super Mega Gainer &#8211; <a href=\"https:\/\/gmn.com.co\/\" target=\"_blank\" rel=\"noopener\">GMN\u00a0<\/a><\/p><\/div>\n<p>Visitar <a href=\"http:\/\/PerfectMass.net\" target=\"_blank\" rel=\"noopener\">PerfectMass.net<\/a><\/p>\n","protected":false},"excerpt":{"rendered":"<p>Ganador de masa muscular<\/p>\n","protected":false},"featured_media":26396,"comment_status":"open","ping_status":"closed","template":"","meta":[],"etheme_brands":[{"term_id":2549,"name":"GMN","slug":"gmn","term_group":0,"term_taxonomy_id":2549,"taxonomy":"brand","description":"<strong data-start=\"235\" data-end=\"260\">GMN Nutrition:<\/strong> es una marca reconocida por su compromiso con la calidad, la innovaci\u00f3n y el rendimiento dentro del mundo de la nutrici\u00f3n deportiva. Sus productos est\u00e1n desarrollados para ayudar a deportistas y personas activas a mejorar su recuperaci\u00f3n, aumentar su energ\u00eda y alcanzar sus objetivos de forma segura y efectiva. En PerfectMassNutrition\u00ae seleccionamos lo mejor de GMN Nutrition para ofrecerte suplementos confiables, con excelentes ingredientes y resultados comprobados, disponibles para toda Colombia y Latinoam\u00e9rica.","parent":0,"count":11,"filter":"raw"}],"product_brand":[2689],"product_cat":[3661],"product_tag":[1567,1578],"class_list":{"0":"post-26395","1":"product","2":"type-product","3":"status-publish","4":"has-post-thumbnail","6":"brand-gmn","7":"product_brand-gmn","8":"product_cat-aumentadora","9":"product_tag-ganar-masa","10":"product_tag-proteina","12":"first","13":"instock","14":"sale","15":"taxable","16":"shipping-taxable","17":"purchasable","18":"product-type-variable"},"_links":{"self":[{"href":"https:\/\/perfectmass.net\/co\/wp-json\/wp\/v2\/product\/26395","targetHints":{"allow":["GET"]}}],"collection":[{"href":"https:\/\/perfectmass.net\/co\/wp-json\/wp\/v2\/product"}],"about":[{"href":"https:\/\/perfectmass.net\/co\/wp-json\/wp\/v2\/types\/product"}],"replies":[{"embeddable":true,"href":"https:\/\/perfectmass.net\/co\/wp-json\/wp\/v2\/comments?post=26395"}],"version-history":[{"count":1,"href":"https:\/\/perfectmass.net\/co\/wp-json\/wp\/v2\/product\/26395\/revisions"}],"predecessor-version":[{"id":30463,"href":"https:\/\/perfectmass.net\/co\/wp-json\/wp\/v2\/product\/26395\/revisions\/30463"}],"wp:featuredmedia":[{"embeddable":true,"href":"https:\/\/perfectmass.net\/co\/wp-json\/wp\/v2\/media\/26396"}],"wp:attachment":[{"href":"https:\/\/perfectmass.net\/co\/wp-json\/wp\/v2\/media?parent=26395"}],"wp:term":[{"taxonomy":"brand","embeddable":true,"href":"https:\/\/perfectmass.net\/co\/wp-json\/wp\/v2\/etheme_brands?post=26395"},{"taxonomy":"product_brand","embeddable":true,"href":"https:\/\/perfectmass.net\/co\/wp-json\/wp\/v2\/product_brand?post=26395"},{"taxonomy":"product_cat","embeddable":true,"href":"https:\/\/perfectmass.net\/co\/wp-json\/wp\/v2\/product_cat?post=26395"},{"taxonomy":"product_tag","embeddable":true,"href":"https:\/\/perfectmass.net\/co\/wp-json\/wp\/v2\/product_tag?post=26395"}],"curies":[{"name":"wp","href":"https:\/\/api.w.org\/{rel}","templated":true}]}}