{"id":26389,"date":"2025-11-26T17:52:49","date_gmt":"2025-11-26T22:52:49","guid":{"rendered":"https:\/\/perfectmass.net\/sin%20categor\u00eda\/hmb-post-entreno-insane-labz\/"},"modified":"2026-04-23T13:13:59","modified_gmt":"2026-04-23T18:13:59","slug":"hmb-post-entreno-insane-labz","status":"publish","type":"product","link":"https:\/\/perfectmass.net\/co\/nutricion\/entreno\/post\/hmb-post-entreno-insane-labz\/","title":{"rendered":"HMB &#8211; Post-entreno Insane Labz"},"content":{"rendered":"<h2>HMB &#8211; Post-entreno Insane Labz<\/h2>\n<p>Serie Asylum Cabinet Basics: Calcio HMB (Beta-Hidroxi-Beta-Metilbutirato)<\/p>\n<ul>\n<li>Desarrolla masa muscular magra<\/li>\n<li>Mejora el rendimiento en ejercicios aer\u00f3bicos<\/li>\n<li>Favorece la recuperaci\u00f3n muscular<\/li>\n<\/ul>\n<p>Si necesitas a\u00f1adir alg\u00fan suplemento a tu rutina, el HMB es sin duda la mejor opci\u00f3n.<\/p>\n<p>\u00bfCu\u00e1les son los beneficios del HMB al incorporarlo a tu entrenamiento? Principalmente, el HMB reduce la degradaci\u00f3n de prote\u00ednas, lo que permite la s\u00edntesis proteica para desarrollar nueva masa muscular magra. El HMB tambi\u00e9n es un suplemento anticatab\u00f3lico. Para quienes siguen un programa de entrenamiento con d\u00e9ficit cal\u00f3rico, el HMB es el complemento perfecto. Por lo tanto, el HMB disminuye la p\u00e9rdida muscular despu\u00e9s del ejercicio.<\/p>\n<p>Combinar HMB con creatina y beta-alanina proporciona a tu cuerpo la combinaci\u00f3n ideal para aumentar la masa muscular y el rendimiento. Puedes combinar el HMB con los pre-entrenamientos favoritos de Asylum, como Psychotic, I am GOD, Possessed y Psychotic BLACK.<\/p>\n<div id=\"attachment_15518\" style=\"width: 310px\" class=\"wp-caption alignnone\"><img fetchpriority=\"high\" decoding=\"async\" aria-describedby=\"caption-attachment-15518\" class=\"size-medium wp-image-15518\" src=\"https:\/\/perfectmass.net\/wp-content\/uploads\/2025\/11\/The-Asylum-Cabinet-HMB-Render-Website_1-300x300.jpg\" alt=\"HMB - Post-entreno Insane Labz\" width=\"300\" height=\"300\" title=\"\" srcset=\"https:\/\/perfectmass.net\/wp-content\/uploads\/2025\/11\/The-Asylum-Cabinet-HMB-Render-Website_1-300x300.jpg 300w, https:\/\/perfectmass.net\/wp-content\/uploads\/2025\/11\/The-Asylum-Cabinet-HMB-Render-Website_1-150x150.jpg 150w, https:\/\/perfectmass.net\/wp-content\/uploads\/2025\/11\/The-Asylum-Cabinet-HMB-Render-Website_1-445x445.jpg 445w, https:\/\/perfectmass.net\/wp-content\/uploads\/2025\/11\/The-Asylum-Cabinet-HMB-Render-Website_1-100x100.jpg 100w, https:\/\/perfectmass.net\/wp-content\/uploads\/2025\/11\/The-Asylum-Cabinet-HMB-Render-Website_1-1x1.jpg 1w, https:\/\/perfectmass.net\/wp-content\/uploads\/2025\/11\/The-Asylum-Cabinet-HMB-Render-Website_1-10x10.jpg 10w, https:\/\/perfectmass.net\/wp-content\/uploads\/2025\/11\/The-Asylum-Cabinet-HMB-Render-Website_1.jpg 650w\" sizes=\"(max-width: 300px) 100vw, 300px\" \/><p id=\"caption-attachment-15518\" class=\"wp-caption-text\">HMB &#8211; Post-entreno <a href=\"https:\/\/insanelabz.com\/\" target=\"_blank\" rel=\"noopener\">Insane Labz<\/a><\/p><\/div>\n<p>Visitar <a href=\"http:\/\/PerfectMass.net\" target=\"_blank\" rel=\"noopener\">PerfectMass.net<\/a><\/p>\n","protected":false},"excerpt":{"rendered":"<p>Amino\u00e1cidos clave para recuperaci\u00f3n y desempe\u00f1o.<\/p>\n","protected":false},"featured_media":26390,"comment_status":"open","ping_status":"closed","template":"","meta":[],"etheme_brands":[{"term_id":2576,"name":"Insane Labz","slug":"insane-labz","term_group":0,"term_taxonomy_id":2576,"taxonomy":"brand","description":"<strong data-start=\"235\" data-end=\"260\">Insane Labz:<\/strong> es una marca reconocida por su compromiso con la calidad, la innovaci\u00f3n y el rendimiento dentro del mundo de la nutrici\u00f3n deportiva. Sus productos est\u00e1n desarrollados para ayudar a deportistas y personas activas a mejorar su recuperaci\u00f3n, aumentar su energ\u00eda y alcanzar sus objetivos de forma segura y efectiva. En PerfectMassNutrition\u00ae seleccionamos lo mejor de Insane Labz para ofrecerte suplementos confiables, con excelentes ingredientes y resultados comprobados, disponibles para toda Colombia y Latinoam\u00e9rica.","parent":0,"count":32,"filter":"raw"}],"product_brand":[2760],"product_cat":[1522,1523,1499,1524,1533,1548],"product_tag":[1585],"class_list":{"0":"post-26389","1":"product","2":"type-product","3":"status-publish","4":"has-post-thumbnail","6":"brand-insane-labz","7":"product_brand-insane-labz","8":"product_cat-mas-vendidos","9":"product_cat-novedades","10":"product_cat-nutricion","11":"product_cat-ofertas","12":"product_cat-post","13":"product_cat-suplementos","14":"product_tag-suplemento","16":"first","17":"instock","18":"sale","19":"taxable","20":"shipping-taxable","21":"purchasable","22":"product-type-variable","23":"has-default-attributes"},"_links":{"self":[{"href":"https:\/\/perfectmass.net\/co\/wp-json\/wp\/v2\/product\/26389","targetHints":{"allow":["GET"]}}],"collection":[{"href":"https:\/\/perfectmass.net\/co\/wp-json\/wp\/v2\/product"}],"about":[{"href":"https:\/\/perfectmass.net\/co\/wp-json\/wp\/v2\/types\/product"}],"replies":[{"embeddable":true,"href":"https:\/\/perfectmass.net\/co\/wp-json\/wp\/v2\/comments?post=26389"}],"version-history":[{"count":1,"href":"https:\/\/perfectmass.net\/co\/wp-json\/wp\/v2\/product\/26389\/revisions"}],"predecessor-version":[{"id":30451,"href":"https:\/\/perfectmass.net\/co\/wp-json\/wp\/v2\/product\/26389\/revisions\/30451"}],"wp:featuredmedia":[{"embeddable":true,"href":"https:\/\/perfectmass.net\/co\/wp-json\/wp\/v2\/media\/26390"}],"wp:attachment":[{"href":"https:\/\/perfectmass.net\/co\/wp-json\/wp\/v2\/media?parent=26389"}],"wp:term":[{"taxonomy":"brand","embeddable":true,"href":"https:\/\/perfectmass.net\/co\/wp-json\/wp\/v2\/etheme_brands?post=26389"},{"taxonomy":"product_brand","embeddable":true,"href":"https:\/\/perfectmass.net\/co\/wp-json\/wp\/v2\/product_brand?post=26389"},{"taxonomy":"product_cat","embeddable":true,"href":"https:\/\/perfectmass.net\/co\/wp-json\/wp\/v2\/product_cat?post=26389"},{"taxonomy":"product_tag","embeddable":true,"href":"https:\/\/perfectmass.net\/co\/wp-json\/wp\/v2\/product_tag?post=26389"}],"curies":[{"name":"wp","href":"https:\/\/api.w.org\/{rel}","templated":true}]}}