{"id":26367,"date":"2025-11-26T17:52:49","date_gmt":"2025-11-26T22:52:49","guid":{"rendered":"https:\/\/perfectmass.net\/sin%20categor\u00eda\/amino-x-aminoacidos-bsn\/"},"modified":"2026-05-02T04:46:12","modified_gmt":"2026-05-02T09:46:12","slug":"amino-x-aminoacidos-bsn","status":"publish","type":"product","link":"https:\/\/perfectmass.net\/co\/nutricion\/aminos\/amino-x-aminoacidos-bsn\/","title":{"rendered":"Amino X &#8211; Amino\u00e1cidos BSN"},"content":{"rendered":"<h2>Amino X &#8211; Amino\u00e1cidos BSN<\/h2>\n<p><strong>Amino X<\/strong>\u00a0de\u00a0<strong>BSN<\/strong>\u00a0es un producto efervescente con una combinaci\u00f3n que ofrece una gran capacidad anab\u00f3lica. Aporta amino\u00e1cidos, BCAA, Vitamina D y malato de citrulina que se caracterizan por su gran velocidad de absorci\u00f3n.<\/p>\n<p>La forma efervescente de Vitamina D, adem\u00e1s de aportar una gran capacidad anab\u00f3lica, facilita al cuerpo la absorci\u00f3n del calcio, esencial para la transmisi\u00f3n de los impulsos nerviossos a los m\u00fasculos y el mantenimiento de los huesos.<\/p>\n<p>La Citrulina Malato que contiene\u00a0<strong>Amino X<\/strong>\u00a0apoya la producci\u00f3n de \u00f3xido n\u00edtrico, que regula el flujo sangu\u00edneo y permite una vasodilataci\u00f3n para aportar m\u00e1s ox\u00edgeno y nutrientes a los m\u00fasculos y favorecer su crecimiento.<\/p>\n<p><strong>Amino X<\/strong>\u00a0tiene un alto contenido en BCAA, que mejora la s\u00edntesis de prote\u00ednas, aumenta la resistencia durante el entrenamiento y promueve el incremento de masa muscular.<\/p>\n<p>Amino X nos proporciona Vitamina B6, efectiva para reforzar el sistema inmunitario, mantener la funci\u00f3n neurol\u00f3gica, producir hemoglobina para transportar el ox\u00edgeno en el torrente sangu\u00edneo descomponer las prote\u00ednas para que sean absorbidas y mantener los niveles normales de az\u00facar.<\/p>\n<p><strong>Amino X<\/strong>, combinado con una actividad f\u00edsica adecuada y una dieta espec\u00edfica, es un producto ideal para aquellos deportistas que est\u00e1n interesados en conseguir un aumento de su masa muscular.<\/p>\n<div id=\"attachment_21505\" style=\"width: 310px\" class=\"wp-caption alignnone\"><img fetchpriority=\"high\" decoding=\"async\" aria-describedby=\"caption-attachment-21505\" class=\"size-medium wp-image-21505\" src=\"https:\/\/perfectmass.net\/wp-content\/uploads\/2025\/11\/bsn-1047393_Image_01-300x300.webp\" alt=\"Amino X - Amino\u00e1cidos BSN\" width=\"300\" height=\"300\" title=\"\" srcset=\"https:\/\/perfectmass.net\/wp-content\/uploads\/2025\/11\/bsn-1047393_Image_01-300x300.webp 300w, https:\/\/perfectmass.net\/wp-content\/uploads\/2025\/11\/bsn-1047393_Image_01-150x150.webp 150w, https:\/\/perfectmass.net\/wp-content\/uploads\/2025\/11\/bsn-1047393_Image_01-768x768.webp 768w, https:\/\/perfectmass.net\/wp-content\/uploads\/2025\/11\/bsn-1047393_Image_01-445x445.webp 445w, https:\/\/perfectmass.net\/wp-content\/uploads\/2025\/11\/bsn-1047393_Image_01-100x100.webp 100w, https:\/\/perfectmass.net\/wp-content\/uploads\/2025\/11\/bsn-1047393_Image_01-1x1.webp 1w, https:\/\/perfectmass.net\/wp-content\/uploads\/2025\/11\/bsn-1047393_Image_01-10x10.webp 10w, https:\/\/perfectmass.net\/wp-content\/uploads\/2025\/11\/bsn-1047393_Image_01.webp 800w\" sizes=\"(max-width: 300px) 100vw, 300px\" \/><p id=\"caption-attachment-21505\" class=\"wp-caption-text\">Amino X &#8211; Amino\u00e1cidos <a href=\"http:\/\/gobsn.com\" target=\"_blank\" rel=\"noopener\">BSN<\/a><\/p><\/div>\n<p>Visitar\u00a0<a href=\"https:\/\/perfectmass.net\/co\/\">PerfectMass.net<\/a><\/p>\n","protected":false},"excerpt":{"rendered":"<p>Amino\u00e1cidos esenciales<\/p>\n","protected":false},"featured_media":26369,"comment_status":"open","ping_status":"closed","template":"","meta":[],"etheme_brands":[{"term_id":2524,"name":"BSN","slug":"bsn","term_group":0,"term_taxonomy_id":2524,"taxonomy":"brand","description":"","parent":0,"count":4,"filter":"raw"}],"product_brand":[2666],"product_cat":[3630],"product_tag":[1585],"class_list":{"0":"post-26367","1":"product","2":"type-product","3":"status-publish","4":"has-post-thumbnail","6":"brand-bsn","7":"product_brand-bsn","8":"product_cat-aminos","9":"product_tag-suplemento","11":"first","12":"instock","13":"sale","14":"taxable","15":"shipping-taxable","16":"purchasable","17":"product-type-variable"},"_links":{"self":[{"href":"https:\/\/perfectmass.net\/co\/wp-json\/wp\/v2\/product\/26367","targetHints":{"allow":["GET"]}}],"collection":[{"href":"https:\/\/perfectmass.net\/co\/wp-json\/wp\/v2\/product"}],"about":[{"href":"https:\/\/perfectmass.net\/co\/wp-json\/wp\/v2\/types\/product"}],"replies":[{"embeddable":true,"href":"https:\/\/perfectmass.net\/co\/wp-json\/wp\/v2\/comments?post=26367"}],"version-history":[{"count":1,"href":"https:\/\/perfectmass.net\/co\/wp-json\/wp\/v2\/product\/26367\/revisions"}],"predecessor-version":[{"id":30442,"href":"https:\/\/perfectmass.net\/co\/wp-json\/wp\/v2\/product\/26367\/revisions\/30442"}],"wp:featuredmedia":[{"embeddable":true,"href":"https:\/\/perfectmass.net\/co\/wp-json\/wp\/v2\/media\/26369"}],"wp:attachment":[{"href":"https:\/\/perfectmass.net\/co\/wp-json\/wp\/v2\/media?parent=26367"}],"wp:term":[{"taxonomy":"brand","embeddable":true,"href":"https:\/\/perfectmass.net\/co\/wp-json\/wp\/v2\/etheme_brands?post=26367"},{"taxonomy":"product_brand","embeddable":true,"href":"https:\/\/perfectmass.net\/co\/wp-json\/wp\/v2\/product_brand?post=26367"},{"taxonomy":"product_cat","embeddable":true,"href":"https:\/\/perfectmass.net\/co\/wp-json\/wp\/v2\/product_cat?post=26367"},{"taxonomy":"product_tag","embeddable":true,"href":"https:\/\/perfectmass.net\/co\/wp-json\/wp\/v2\/product_tag?post=26367"}],"curies":[{"name":"wp","href":"https:\/\/api.w.org\/{rel}","templated":true}]}}