{"id":26253,"date":"2025-11-26T17:52:50","date_gmt":"2025-11-26T22:52:50","guid":{"rendered":"https:\/\/perfectmass.net\/sin%20categor\u00eda\/bsn-n-o-xplode\/"},"modified":"2026-04-23T13:13:42","modified_gmt":"2026-04-23T18:13:42","slug":"bsn-n-o-xplode","status":"publish","type":"product","link":"https:\/\/perfectmass.net\/co\/sin categor\u00eda\/bsn-n-o-xplode\/","title":{"rendered":"N.O Xplode &#8211; Pre-Entreno BSN"},"content":{"rendered":"<p><strong>N.O Xplode &#8211; Pre-Entreno BSN<\/strong><\/p>\n<p>N.O Xplode &#8211; Pre-Entreno BSN<\/p>\n<p>F\u00f3rmula pre-entreno dise\u00f1ada para mejorar el rendimiento, la energ\u00eda y el enfoque durante los entrenamientos m\u00e1s exigentes.<\/p>\n","protected":false},"excerpt":{"rendered":"<p>Pre-entreno para potenciar energ\u00eda, fuerza y concentraci\u00f3n.<\/p>\n","protected":false},"featured_media":26255,"comment_status":"open","ping_status":"closed","template":"","meta":[],"etheme_brands":[{"term_id":2524,"name":"BSN","slug":"bsn","term_group":0,"term_taxonomy_id":2524,"taxonomy":"brand","description":"","parent":0,"count":4,"filter":"raw"}],"product_brand":[2666],"product_cat":[],"product_tag":[1585],"class_list":{"0":"post-26253","1":"product","2":"type-product","3":"status-publish","4":"has-post-thumbnail","6":"brand-bsn","7":"product_brand-bsn","8":"product_tag-suplemento","10":"first","11":"outofstock","12":"sale","13":"taxable","14":"shipping-taxable","15":"purchasable","16":"product-type-variable","17":"has-default-attributes"},"_links":{"self":[{"href":"https:\/\/perfectmass.net\/co\/wp-json\/wp\/v2\/product\/26253","targetHints":{"allow":["GET"]}}],"collection":[{"href":"https:\/\/perfectmass.net\/co\/wp-json\/wp\/v2\/product"}],"about":[{"href":"https:\/\/perfectmass.net\/co\/wp-json\/wp\/v2\/types\/product"}],"replies":[{"embeddable":true,"href":"https:\/\/perfectmass.net\/co\/wp-json\/wp\/v2\/comments?post=26253"}],"version-history":[{"count":1,"href":"https:\/\/perfectmass.net\/co\/wp-json\/wp\/v2\/product\/26253\/revisions"}],"predecessor-version":[{"id":30379,"href":"https:\/\/perfectmass.net\/co\/wp-json\/wp\/v2\/product\/26253\/revisions\/30379"}],"wp:featuredmedia":[{"embeddable":true,"href":"https:\/\/perfectmass.net\/co\/wp-json\/wp\/v2\/media\/26255"}],"wp:attachment":[{"href":"https:\/\/perfectmass.net\/co\/wp-json\/wp\/v2\/media?parent=26253"}],"wp:term":[{"taxonomy":"brand","embeddable":true,"href":"https:\/\/perfectmass.net\/co\/wp-json\/wp\/v2\/etheme_brands?post=26253"},{"taxonomy":"product_brand","embeddable":true,"href":"https:\/\/perfectmass.net\/co\/wp-json\/wp\/v2\/product_brand?post=26253"},{"taxonomy":"product_cat","embeddable":true,"href":"https:\/\/perfectmass.net\/co\/wp-json\/wp\/v2\/product_cat?post=26253"},{"taxonomy":"product_tag","embeddable":true,"href":"https:\/\/perfectmass.net\/co\/wp-json\/wp\/v2\/product_tag?post=26253"}],"curies":[{"name":"wp","href":"https:\/\/api.w.org\/{rel}","templated":true}]}}