{"id":26189,"date":"2025-11-26T17:52:51","date_gmt":"2025-11-26T22:52:51","guid":{"rendered":"https:\/\/perfectmass.net\/sin%20categor\u00eda\/optimum-nutrition-gold-standard-100-plant-protein\/"},"modified":"2026-04-23T13:13:35","modified_gmt":"2026-04-23T18:13:35","slug":"optimum-nutrition-gold-standard-100-plant-protein","status":"publish","type":"product","link":"https:\/\/perfectmass.net\/co\/nutricion\/proteina\/vegana\/optimum-nutrition-gold-standard-100-plant-protein\/","title":{"rendered":"Gold Standard 100% Plant Protein &#8211; Optimum Nutrition"},"content":{"rendered":"<p>Optimun Nutrition Gold Standard 100% Plant Protein es una prote\u00edna de alta calidad dise\u00f1ada para apoyar el crecimiento y recuperaci\u00f3n muscular. Cada porci\u00f3n proporciona prote\u00ednas de r\u00e1pida absorci\u00f3n ideales para despu\u00e9s del entrenamiento. Presentaci\u00f3n: 12 SERVICIOS.<\/p>\n","protected":false},"excerpt":{"rendered":"<p>Prote\u00edna de alta calidad<\/p>\n","protected":false},"featured_media":26191,"comment_status":"open","ping_status":"closed","template":"","meta":[],"etheme_brands":[{"term_id":2611,"name":"Optimum Nutrition","slug":"optimum-nutrition","term_group":0,"term_taxonomy_id":2611,"taxonomy":"brand","description":"<strong data-start=\"235\" data-end=\"260\">Optimum Nutrition:<\/strong> es una marca reconocida por su compromiso con la calidad, la innovaci\u00f3n y el rendimiento dentro del mundo de la nutrici\u00f3n deportiva. Sus productos est\u00e1n desarrollados para ayudar a deportistas y personas activas a mejorar su recuperaci\u00f3n, aumentar su energ\u00eda y alcanzar sus objetivos de forma segura y efectiva. En PerfectMassNutrition\u00ae seleccionamos lo mejor de Optimum Nutrition para ofrecerte suplementos confiables, con excelentes ingredientes y resultados comprobados, disponibles para toda Colombia y Latinoam\u00e9rica.","parent":0,"count":9,"filter":"raw"}],"product_brand":[2713],"product_cat":[1536,1539],"product_tag":[1567],"class_list":{"0":"post-26189","1":"product","2":"type-product","3":"status-publish","4":"has-post-thumbnail","6":"brand-optimum-nutrition","7":"product_brand-optimum-nutrition","8":"product_cat-proteina","9":"product_cat-vegana","10":"product_tag-ganar-masa","12":"first","13":"instock","14":"sale","15":"taxable","16":"shipping-taxable","17":"purchasable","18":"product-type-variable","19":"has-default-attributes"},"_links":{"self":[{"href":"https:\/\/perfectmass.net\/co\/wp-json\/wp\/v2\/product\/26189","targetHints":{"allow":["GET"]}}],"collection":[{"href":"https:\/\/perfectmass.net\/co\/wp-json\/wp\/v2\/product"}],"about":[{"href":"https:\/\/perfectmass.net\/co\/wp-json\/wp\/v2\/types\/product"}],"replies":[{"embeddable":true,"href":"https:\/\/perfectmass.net\/co\/wp-json\/wp\/v2\/comments?post=26189"}],"version-history":[{"count":1,"href":"https:\/\/perfectmass.net\/co\/wp-json\/wp\/v2\/product\/26189\/revisions"}],"predecessor-version":[{"id":30330,"href":"https:\/\/perfectmass.net\/co\/wp-json\/wp\/v2\/product\/26189\/revisions\/30330"}],"wp:featuredmedia":[{"embeddable":true,"href":"https:\/\/perfectmass.net\/co\/wp-json\/wp\/v2\/media\/26191"}],"wp:attachment":[{"href":"https:\/\/perfectmass.net\/co\/wp-json\/wp\/v2\/media?parent=26189"}],"wp:term":[{"taxonomy":"brand","embeddable":true,"href":"https:\/\/perfectmass.net\/co\/wp-json\/wp\/v2\/etheme_brands?post=26189"},{"taxonomy":"product_brand","embeddable":true,"href":"https:\/\/perfectmass.net\/co\/wp-json\/wp\/v2\/product_brand?post=26189"},{"taxonomy":"product_cat","embeddable":true,"href":"https:\/\/perfectmass.net\/co\/wp-json\/wp\/v2\/product_cat?post=26189"},{"taxonomy":"product_tag","embeddable":true,"href":"https:\/\/perfectmass.net\/co\/wp-json\/wp\/v2\/product_tag?post=26189"}],"curies":[{"name":"wp","href":"https:\/\/api.w.org\/{rel}","templated":true}]}}