{"id":26171,"date":"2025-11-26T17:52:52","date_gmt":"2025-11-26T22:52:52","guid":{"rendered":"https:\/\/perfectmass.net\/sin%20categor\u00eda\/glutamina-powder-gmn\/"},"modified":"2026-04-23T13:13:31","modified_gmt":"2026-04-23T18:13:31","slug":"glutamina-powder-gmn","status":"publish","type":"product","link":"https:\/\/perfectmass.net\/co\/nutricion\/aminos\/glutamina\/glutamina-powder-gmn\/","title":{"rendered":"Glutamina Powder &#8211; GMN"},"content":{"rendered":"<h2>Glutamina Powder &#8211; GMN<\/h2>\n<p>Es un recuperador que disminuye el impacto generado por el entrenamiento, facilita la recuperaci\u00f3n muscular, protege el sistema inmunol\u00f3gico, coayuda a recuperarse del dolor generado por la actividad f\u00edsica, Glutamine Powder contiene 6000mg de glutamina para la recuperaci\u00f3n muscular post entreno y 2000mg de BCAAS para la construcci\u00f3n muscular<\/p>\n<p>&nbsp;<\/p>\n<h3>QU\u00c9 ES GLUTAMINE POWDER 14 SERVICIOS<\/h3>\n<p>Ideal para las personas que deseen recuperarse de manera m\u00e1s r\u00e1pida despu\u00e9s del ejercicio, ya que la Glutamine Powder 14 servicios incrementa la recuperaci\u00f3n muscular, facilita la cicatrizaci\u00f3n, disminuye el dolor y protege la masa muscular.<\/p>\n<p><strong>Glutamine Powder de GMN<\/strong>\u00a0es el aminoa\u0301cido mas abundante en el organismo, compone el 60% de tejido muscular esquele\u0301tico, es el aminoa\u0301cido con m\u00e1s funciones por tanto se considera inmunorregulador, protege el cuerpo de forma integral, se le considera condicionalmente esencial en situaciones de\u0301ficit calo\u0301rico, ejercicio intenso y prolongado, e incluso para dan\u0303os fi\u0301sicos.<\/p>\n<p>&nbsp;<\/p>\n<h3>Beneficios de GLUTAMINE POWDER 14 SERVICIOS<\/h3>\n<p>La glutamina es el amino\u00e1cido m\u00e1s abundante en el cuerpo y juega un papel importante en el m\u00fasculo. Durante intensos per\u00edodos prolongados de ejercicio los niveles de glutamina pueden agotarse, lo que puede limitar la s\u00edntesis de prote\u00ednas. Repara los da\u00f1os causados en el m\u00fasculo, reconstruye y protege tu sistema inmunol\u00f3gico.<\/p>\n<p>1. Protege la masa muscular<br \/>\n2. Incrementa la recuperaci\u00f3n muscular<br \/>\n3. Facilita la cicatrizaci\u00f3n<br \/>\n4. Protege el sistema inmune<br \/>\n5. F\u00f3rmula Efervescente<\/p>\n<div id=\"attachment_15351\" style=\"width: 266px\" class=\"wp-caption alignnone\"><img fetchpriority=\"high\" decoding=\"async\" aria-describedby=\"caption-attachment-15351\" class=\"size-medium wp-image-15351\" src=\"https:\/\/perfectmass.net\/wp-content\/uploads\/2025\/11\/GLUTAMINE-POWDER-14-256x300.jpg\" alt=\"Glutamina Powder - GMN\" width=\"256\" height=\"300\" title=\"\" srcset=\"https:\/\/perfectmass.net\/wp-content\/uploads\/2025\/11\/GLUTAMINE-POWDER-14-256x300.jpg 256w, https:\/\/perfectmass.net\/wp-content\/uploads\/2025\/11\/GLUTAMINE-POWDER-14-768x900.jpg 768w, https:\/\/perfectmass.net\/wp-content\/uploads\/2025\/11\/GLUTAMINE-POWDER-14-445x521.jpg 445w, https:\/\/perfectmass.net\/wp-content\/uploads\/2025\/11\/GLUTAMINE-POWDER-14-1x1.jpg 1w, https:\/\/perfectmass.net\/wp-content\/uploads\/2025\/11\/GLUTAMINE-POWDER-14.jpg 800w\" sizes=\"(max-width: 256px) 100vw, 256px\" \/><p id=\"caption-attachment-15351\" class=\"wp-caption-text\">Glutamina Powder &#8211; <a href=\"https:\/\/gmn.com.co\/\" target=\"_blank\" rel=\"noopener\">GMN<\/a><\/p><\/div>\n<p>Visitar <a href=\"http:\/\/PerfectMass.net\" target=\"_blank\" rel=\"noopener\">PerfectMass.net<\/a><\/p>\n","protected":false},"excerpt":{"rendered":"<p>Recuperaci\u00f3n muscular<\/p>\n","protected":false},"featured_media":26172,"comment_status":"open","ping_status":"closed","template":"","meta":[],"etheme_brands":[{"term_id":2549,"name":"GMN","slug":"gmn","term_group":0,"term_taxonomy_id":2549,"taxonomy":"brand","description":"<strong data-start=\"235\" data-end=\"260\">GMN Nutrition:<\/strong> es una marca reconocida por su compromiso con la calidad, la innovaci\u00f3n y el rendimiento dentro del mundo de la nutrici\u00f3n deportiva. Sus productos est\u00e1n desarrollados para ayudar a deportistas y personas activas a mejorar su recuperaci\u00f3n, aumentar su energ\u00eda y alcanzar sus objetivos de forma segura y efectiva. En PerfectMassNutrition\u00ae seleccionamos lo mejor de GMN Nutrition para ofrecerte suplementos confiables, con excelentes ingredientes y resultados comprobados, disponibles para toda Colombia y Latinoam\u00e9rica.","parent":0,"count":11,"filter":"raw"}],"product_brand":[2689],"product_cat":[1513,1516],"product_tag":[1585],"class_list":{"0":"post-26171","1":"product","2":"type-product","3":"status-publish","4":"has-post-thumbnail","6":"brand-gmn","7":"product_brand-gmn","8":"product_cat-aminos","9":"product_cat-glutamina","10":"product_tag-suplemento","12":"first","13":"instock","14":"sale","15":"taxable","16":"shipping-taxable","17":"purchasable","18":"product-type-variable","19":"has-default-attributes"},"_links":{"self":[{"href":"https:\/\/perfectmass.net\/co\/wp-json\/wp\/v2\/product\/26171","targetHints":{"allow":["GET"]}}],"collection":[{"href":"https:\/\/perfectmass.net\/co\/wp-json\/wp\/v2\/product"}],"about":[{"href":"https:\/\/perfectmass.net\/co\/wp-json\/wp\/v2\/types\/product"}],"replies":[{"embeddable":true,"href":"https:\/\/perfectmass.net\/co\/wp-json\/wp\/v2\/comments?post=26171"}],"version-history":[{"count":1,"href":"https:\/\/perfectmass.net\/co\/wp-json\/wp\/v2\/product\/26171\/revisions"}],"predecessor-version":[{"id":30298,"href":"https:\/\/perfectmass.net\/co\/wp-json\/wp\/v2\/product\/26171\/revisions\/30298"}],"wp:featuredmedia":[{"embeddable":true,"href":"https:\/\/perfectmass.net\/co\/wp-json\/wp\/v2\/media\/26172"}],"wp:attachment":[{"href":"https:\/\/perfectmass.net\/co\/wp-json\/wp\/v2\/media?parent=26171"}],"wp:term":[{"taxonomy":"brand","embeddable":true,"href":"https:\/\/perfectmass.net\/co\/wp-json\/wp\/v2\/etheme_brands?post=26171"},{"taxonomy":"product_brand","embeddable":true,"href":"https:\/\/perfectmass.net\/co\/wp-json\/wp\/v2\/product_brand?post=26171"},{"taxonomy":"product_cat","embeddable":true,"href":"https:\/\/perfectmass.net\/co\/wp-json\/wp\/v2\/product_cat?post=26171"},{"taxonomy":"product_tag","embeddable":true,"href":"https:\/\/perfectmass.net\/co\/wp-json\/wp\/v2\/product_tag?post=26171"}],"curies":[{"name":"wp","href":"https:\/\/api.w.org\/{rel}","templated":true}]}}