{"id":26097,"date":"2025-11-26T17:52:53","date_gmt":"2025-11-26T22:52:53","guid":{"rendered":"https:\/\/perfectmass.net\/sin%20categor\u00eda\/creatina-cellucor\/"},"modified":"2026-05-02T04:45:04","modified_gmt":"2026-05-02T09:45:04","slug":"creatina-cellucor","status":"publish","type":"product","link":"https:\/\/perfectmass.net\/co\/nutricion\/creatina\/monohidratada\/creatina-cellucor\/","title":{"rendered":"Creatina &#8211; Cellucor"},"content":{"rendered":"<h2>Creatina &#8211; Cellucor<\/h2>\n<p>Flavored COR-Performance\u00ae Creatine is the tried-and-true supplement known for building lean muscle mass\u2014now with an extra kick of deliciousness! Make enhancing your performance easier and more enjoyable than ever with refreshing new flavors. In addition to 5g of Creatine Monohydrate, each serving also delivers excellent mixability and absorption.*<\/p>\n<ul>\n<li><strong>AVAILABLE IN THREE FLAVORS\u00a0<\/strong>\u2014 Choose from a mouthwatering lineup of delicious flavors<\/li>\n<li><strong>INCREASES STRENGTH<\/strong>\u00a0\u2014 Supports an increase in muscular power, endurance, and growth*<\/li>\n<li><strong>PROMOTES LEAN MUSCLE MASS<\/strong>\u00a0\u2014 Build and maintain lean muscle with 5g of Creatine Monohydrate in every serving*<\/li>\n<li><strong>EXCELLENT MIXABILITY<\/strong>\u00a0\u2014 Micronization of creatine improves mixability and water solubility<\/li>\n<li><strong>ZERO CAFFEINE<\/strong> \u2014 Use individually or paired with your favorite pre-workout, BCAA or sports drink<\/li>\n<\/ul>\n<div id=\"attachment_17684\" style=\"width: 310px\" class=\"wp-caption alignnone\"><img fetchpriority=\"high\" decoding=\"async\" aria-describedby=\"caption-attachment-17684\" class=\"size-medium wp-image-17684\" src=\"https:\/\/perfectmass.net\/wp-content\/uploads\/2025\/11\/Cellucor-Creatine-300x300.webp\" alt=\"Creatina - Cellucor\" width=\"300\" height=\"300\" title=\"\" srcset=\"https:\/\/perfectmass.net\/wp-content\/uploads\/2025\/11\/Cellucor-Creatine-300x300.webp 300w, https:\/\/perfectmass.net\/wp-content\/uploads\/2025\/11\/Cellucor-Creatine-150x150.webp 150w, https:\/\/perfectmass.net\/wp-content\/uploads\/2025\/11\/Cellucor-Creatine-445x445.webp 445w, https:\/\/perfectmass.net\/wp-content\/uploads\/2025\/11\/Cellucor-Creatine-100x100.webp 100w, https:\/\/perfectmass.net\/wp-content\/uploads\/2025\/11\/Cellucor-Creatine-1x1.webp 1w, https:\/\/perfectmass.net\/wp-content\/uploads\/2025\/11\/Cellucor-Creatine-10x10.webp 10w, https:\/\/perfectmass.net\/wp-content\/uploads\/2025\/11\/Cellucor-Creatine.webp 768w\" sizes=\"(max-width: 300px) 100vw, 300px\" \/><p id=\"caption-attachment-17684\" class=\"wp-caption-text\">Creatina &#8211; <a href=\"http:\/\/cellucor.com\" target=\"_blank\" rel=\"noopener\">Cellucor<\/a><\/p><\/div>\n<p>Visitar <a href=\"http:\/\/perfectmass.net\/co\/\">PerfectMass.net<\/a><\/p>\n","protected":false},"excerpt":{"rendered":"<p>Creatina monohidrato<\/p>\n","protected":false},"featured_media":26099,"comment_status":"open","ping_status":"closed","template":"","meta":[],"etheme_brands":[{"term_id":2528,"name":"Cellucor","slug":"cellucor","term_group":0,"term_taxonomy_id":2528,"taxonomy":"brand","description":"<strong data-start=\"235\" data-end=\"260\">Cellucor:<\/strong> es una marca reconocida por su compromiso con la calidad, la innovaci\u00f3n y el rendimiento dentro del mundo de la nutrici\u00f3n deportiva. Sus productos est\u00e1n desarrollados para ayudar a deportistas y personas activas a mejorar su recuperaci\u00f3n, aumentar su energ\u00eda y alcanzar sus objetivos de forma segura y efectiva. En PerfectMassNutrition\u00ae seleccionamos lo mejor de Cellucor para ofrecerte suplementos confiables, con excelentes ingredientes y resultados comprobados, disponibles para toda Colombia y Latinoam\u00e9rica.","parent":0,"count":8,"filter":"raw"}],"product_brand":[2671],"product_cat":[3642],"product_tag":[1566],"class_list":{"0":"post-26097","1":"product","2":"type-product","3":"status-publish","4":"has-post-thumbnail","6":"brand-cellucor","7":"product_brand-cellucor","8":"product_cat-monohidratada","9":"product_tag-fuerza","11":"first","12":"instock","13":"sale","14":"taxable","15":"shipping-taxable","16":"purchasable","17":"product-type-variable","18":"has-default-attributes"},"_links":{"self":[{"href":"https:\/\/perfectmass.net\/co\/wp-json\/wp\/v2\/product\/26097","targetHints":{"allow":["GET"]}}],"collection":[{"href":"https:\/\/perfectmass.net\/co\/wp-json\/wp\/v2\/product"}],"about":[{"href":"https:\/\/perfectmass.net\/co\/wp-json\/wp\/v2\/types\/product"}],"replies":[{"embeddable":true,"href":"https:\/\/perfectmass.net\/co\/wp-json\/wp\/v2\/comments?post=26097"}],"version-history":[{"count":1,"href":"https:\/\/perfectmass.net\/co\/wp-json\/wp\/v2\/product\/26097\/revisions"}],"predecessor-version":[{"id":30220,"href":"https:\/\/perfectmass.net\/co\/wp-json\/wp\/v2\/product\/26097\/revisions\/30220"}],"wp:featuredmedia":[{"embeddable":true,"href":"https:\/\/perfectmass.net\/co\/wp-json\/wp\/v2\/media\/26099"}],"wp:attachment":[{"href":"https:\/\/perfectmass.net\/co\/wp-json\/wp\/v2\/media?parent=26097"}],"wp:term":[{"taxonomy":"brand","embeddable":true,"href":"https:\/\/perfectmass.net\/co\/wp-json\/wp\/v2\/etheme_brands?post=26097"},{"taxonomy":"product_brand","embeddable":true,"href":"https:\/\/perfectmass.net\/co\/wp-json\/wp\/v2\/product_brand?post=26097"},{"taxonomy":"product_cat","embeddable":true,"href":"https:\/\/perfectmass.net\/co\/wp-json\/wp\/v2\/product_cat?post=26097"},{"taxonomy":"product_tag","embeddable":true,"href":"https:\/\/perfectmass.net\/co\/wp-json\/wp\/v2\/product_tag?post=26097"}],"curies":[{"name":"wp","href":"https:\/\/api.w.org\/{rel}","templated":true}]}}