{"id":25925,"date":"2025-11-26T17:52:54","date_gmt":"2025-11-26T22:52:54","guid":{"rendered":"https:\/\/perfectmass.net\/sin%20categor\u00eda\/hard-blends-berberine\/"},"modified":"2026-05-02T04:44:25","modified_gmt":"2026-05-02T09:44:25","slug":"hard-blends-berberine","status":"publish","type":"product","link":"https:\/\/perfectmass.net\/co\/nutricion\/suplementos\/hard-blends-berberine\/","title":{"rendered":"Berberine &#8211; Adapt\u00f3genos Hard Blends"},"content":{"rendered":"<p>Hard Blends Berberine, en presentaci\u00f3n de 120 c\u00e1psulas de 500 mg, es un potente metabolizador que apoya el control saludable de la glucosa, favorece la salud cardiovascular y promueve el bienestar metab\u00f3lico.<\/p>\n","protected":false},"excerpt":{"rendered":"<p>Adapt\u00f3geno natural para reducir el estr\u00e9s y mejorar el rendimiento.<\/p>\n","protected":false},"featured_media":25926,"comment_status":"open","ping_status":"closed","template":"","meta":[],"etheme_brands":[{"term_id":2563,"name":"Hard Blends","slug":"hard-blends","term_group":0,"term_taxonomy_id":2563,"taxonomy":"brand","description":"","parent":0,"count":6,"filter":"raw"}],"product_brand":[2790],"product_cat":[3628],"product_tag":[1585],"class_list":{"0":"post-25925","1":"product","2":"type-product","3":"status-publish","4":"has-post-thumbnail","6":"brand-hard-blends","7":"product_brand-hard-blends","8":"product_cat-suplementos","9":"product_tag-suplemento","11":"first","12":"instock","13":"sale","14":"taxable","15":"shipping-taxable","16":"purchasable","17":"product-type-variable","18":"has-default-attributes"},"_links":{"self":[{"href":"https:\/\/perfectmass.net\/co\/wp-json\/wp\/v2\/product\/25925","targetHints":{"allow":["GET"]}}],"collection":[{"href":"https:\/\/perfectmass.net\/co\/wp-json\/wp\/v2\/product"}],"about":[{"href":"https:\/\/perfectmass.net\/co\/wp-json\/wp\/v2\/types\/product"}],"replies":[{"embeddable":true,"href":"https:\/\/perfectmass.net\/co\/wp-json\/wp\/v2\/comments?post=25925"}],"version-history":[{"count":1,"href":"https:\/\/perfectmass.net\/co\/wp-json\/wp\/v2\/product\/25925\/revisions"}],"predecessor-version":[{"id":30156,"href":"https:\/\/perfectmass.net\/co\/wp-json\/wp\/v2\/product\/25925\/revisions\/30156"}],"wp:featuredmedia":[{"embeddable":true,"href":"https:\/\/perfectmass.net\/co\/wp-json\/wp\/v2\/media\/25926"}],"wp:attachment":[{"href":"https:\/\/perfectmass.net\/co\/wp-json\/wp\/v2\/media?parent=25925"}],"wp:term":[{"taxonomy":"brand","embeddable":true,"href":"https:\/\/perfectmass.net\/co\/wp-json\/wp\/v2\/etheme_brands?post=25925"},{"taxonomy":"product_brand","embeddable":true,"href":"https:\/\/perfectmass.net\/co\/wp-json\/wp\/v2\/product_brand?post=25925"},{"taxonomy":"product_cat","embeddable":true,"href":"https:\/\/perfectmass.net\/co\/wp-json\/wp\/v2\/product_cat?post=25925"},{"taxonomy":"product_tag","embeddable":true,"href":"https:\/\/perfectmass.net\/co\/wp-json\/wp\/v2\/product_tag?post=25925"}],"curies":[{"name":"wp","href":"https:\/\/api.w.org\/{rel}","templated":true}]}}