{"id":25915,"date":"2025-11-26T17:52:54","date_gmt":"2025-11-26T22:52:54","guid":{"rendered":"https:\/\/perfectmass.net\/sin%20categor\u00eda\/psycho-sam-pre-entreno-insane-labz\/"},"modified":"2026-04-23T13:12:49","modified_gmt":"2026-04-23T18:12:49","slug":"psycho-sam-pre-entreno-insane-labz","status":"publish","type":"product","link":"https:\/\/perfectmass.net\/co\/nutricion\/entreno\/pre\/psycho-sam-pre-entreno-insane-labz\/","title":{"rendered":"Psycho SAM &#8211; Pre-Entreno Insane Labz"},"content":{"rendered":"<h2>Psycho SAM &#8211; Pre-Entreno Insane Labz<\/h2>\n<p>Psycho Sam, la edici\u00f3n &#8220;El Qu\u00edmico Loco&#8221;, se convertir\u00e1 en tu aliado perfecto para una energ\u00eda incre\u00edble cuando necesites dar el m\u00e1ximo en el gimnasio.<\/p>\n<p>Comenzamos con dosis cl\u00ednicamente probadas de Beta Alanina y Malato de Citrulina para combatir la fatiga muscular [y darte esa sensaci\u00f3n de hormigueo], a\u00f1adimos una dosis completa de L-Tirosina para una concentraci\u00f3n excepcional y, adem\u00e1s, incorporamos tres formas de cafe\u00edna para una energ\u00eda duradera y constante.<\/p>\n<p>Psycho Sam &#8211; Pre-entreno Insane Labz te brinda la resistencia, la concentraci\u00f3n y la energ\u00eda que necesitas para arrasar en el gimnasio a un precio incre\u00edble. \u00a1Cons\u00edguelo ahora y descubre por qu\u00e9 todos se vuelven locos!<\/p>\n<div id=\"attachment_15580\" style=\"width: 310px\" class=\"wp-caption alignnone\"><img fetchpriority=\"high\" decoding=\"async\" aria-describedby=\"caption-attachment-15580\" class=\"size-medium wp-image-15580\" src=\"https:\/\/perfectmass.net\/wp-content\/uploads\/2025\/11\/Psycho_SAM_Watermelon_Website_Render_copy-300x300.jpg\" alt=\"Psycho SAM - Pre-Entreno Insane Labz\" width=\"300\" height=\"300\" title=\"\" srcset=\"https:\/\/perfectmass.net\/wp-content\/uploads\/2025\/11\/Psycho_SAM_Watermelon_Website_Render_copy-300x300.jpg 300w, https:\/\/perfectmass.net\/wp-content\/uploads\/2025\/11\/Psycho_SAM_Watermelon_Website_Render_copy-150x150.jpg 150w, https:\/\/perfectmass.net\/wp-content\/uploads\/2025\/11\/Psycho_SAM_Watermelon_Website_Render_copy-445x445.jpg 445w, https:\/\/perfectmass.net\/wp-content\/uploads\/2025\/11\/Psycho_SAM_Watermelon_Website_Render_copy-100x100.jpg 100w, https:\/\/perfectmass.net\/wp-content\/uploads\/2025\/11\/Psycho_SAM_Watermelon_Website_Render_copy-1x1.jpg 1w, https:\/\/perfectmass.net\/wp-content\/uploads\/2025\/11\/Psycho_SAM_Watermelon_Website_Render_copy-10x10.jpg 10w, https:\/\/perfectmass.net\/wp-content\/uploads\/2025\/11\/Psycho_SAM_Watermelon_Website_Render_copy.jpg 650w\" sizes=\"(max-width: 300px) 100vw, 300px\" \/><p id=\"caption-attachment-15580\" class=\"wp-caption-text\">Psycho SAM &#8211; Pre-Entreno <a href=\"https:\/\/insanelabz.com\/\" target=\"_blank\" rel=\"noopener\">Insane Labz<\/a><\/p><\/div>\n<p>Visitar <a href=\"http:\/\/PerfectMass.net\" target=\"_blank\" rel=\"noopener\">PerfectMass.net<\/a><\/p>\n","protected":false},"excerpt":{"rendered":"<p>Energ\u00eda y enfoque para entrenar al m\u00e1ximo.<\/p>\n","protected":false},"featured_media":25916,"comment_status":"open","ping_status":"closed","template":"","meta":[],"etheme_brands":[{"term_id":2576,"name":"Insane Labz","slug":"insane-labz","term_group":0,"term_taxonomy_id":2576,"taxonomy":"brand","description":"<strong data-start=\"235\" data-end=\"260\">Insane Labz:<\/strong> es una marca reconocida por su compromiso con la calidad, la innovaci\u00f3n y el rendimiento dentro del mundo de la nutrici\u00f3n deportiva. Sus productos est\u00e1n desarrollados para ayudar a deportistas y personas activas a mejorar su recuperaci\u00f3n, aumentar su energ\u00eda y alcanzar sus objetivos de forma segura y efectiva. En PerfectMassNutrition\u00ae seleccionamos lo mejor de Insane Labz para ofrecerte suplementos confiables, con excelentes ingredientes y resultados comprobados, disponibles para toda Colombia y Latinoam\u00e9rica.","parent":0,"count":32,"filter":"raw"}],"product_brand":[2760],"product_cat":[1522,1523,1524,1534,1548],"product_tag":[1585],"class_list":{"0":"post-25915","1":"product","2":"type-product","3":"status-publish","4":"has-post-thumbnail","6":"brand-insane-labz","7":"product_brand-insane-labz","8":"product_cat-mas-vendidos","9":"product_cat-novedades","10":"product_cat-ofertas","11":"product_cat-pre","12":"product_cat-suplementos","13":"product_tag-suplemento","15":"first","16":"instock","17":"sale","18":"taxable","19":"shipping-taxable","20":"purchasable","21":"product-type-variable","22":"has-default-attributes"},"_links":{"self":[{"href":"https:\/\/perfectmass.net\/co\/wp-json\/wp\/v2\/product\/25915","targetHints":{"allow":["GET"]}}],"collection":[{"href":"https:\/\/perfectmass.net\/co\/wp-json\/wp\/v2\/product"}],"about":[{"href":"https:\/\/perfectmass.net\/co\/wp-json\/wp\/v2\/types\/product"}],"replies":[{"embeddable":true,"href":"https:\/\/perfectmass.net\/co\/wp-json\/wp\/v2\/comments?post=25915"}],"version-history":[{"count":1,"href":"https:\/\/perfectmass.net\/co\/wp-json\/wp\/v2\/product\/25915\/revisions"}],"predecessor-version":[{"id":30150,"href":"https:\/\/perfectmass.net\/co\/wp-json\/wp\/v2\/product\/25915\/revisions\/30150"}],"wp:featuredmedia":[{"embeddable":true,"href":"https:\/\/perfectmass.net\/co\/wp-json\/wp\/v2\/media\/25916"}],"wp:attachment":[{"href":"https:\/\/perfectmass.net\/co\/wp-json\/wp\/v2\/media?parent=25915"}],"wp:term":[{"taxonomy":"brand","embeddable":true,"href":"https:\/\/perfectmass.net\/co\/wp-json\/wp\/v2\/etheme_brands?post=25915"},{"taxonomy":"product_brand","embeddable":true,"href":"https:\/\/perfectmass.net\/co\/wp-json\/wp\/v2\/product_brand?post=25915"},{"taxonomy":"product_cat","embeddable":true,"href":"https:\/\/perfectmass.net\/co\/wp-json\/wp\/v2\/product_cat?post=25915"},{"taxonomy":"product_tag","embeddable":true,"href":"https:\/\/perfectmass.net\/co\/wp-json\/wp\/v2\/product_tag?post=25915"}],"curies":[{"name":"wp","href":"https:\/\/api.w.org\/{rel}","templated":true}]}}