{"id":25883,"date":"2025-11-26T17:53:05","date_gmt":"2025-11-26T22:53:05","guid":{"rendered":"https:\/\/perfectmass.net\/sin%20categor\u00eda\/muscletech-mass-tech-xtreme\/"},"modified":"2026-04-23T13:12:12","modified_gmt":"2026-04-23T18:12:12","slug":"muscletech-mass-tech-xtreme","status":"publish","type":"product","link":"https:\/\/perfectmass.net\/co\/nutricion\/mas-vendidos\/muscletech-mass-tech-xtreme\/","title":{"rendered":"Mass Tech Xtreme &#8211; MuscleTech"},"content":{"rendered":"<p>MuscleTech Mass Tech Xtreme es un ganador de masa muscular formulado con prote\u00ednas y carbohidratos de calidad. Ideal para personas que buscan aumentar su peso y masa muscular. Presentaci\u00f3n: 12 LIBRAS.<\/p>\n","protected":false},"excerpt":{"rendered":"<p>Ganador de masa muscular<\/p>\n","protected":false},"featured_media":25885,"comment_status":"open","ping_status":"closed","template":"","meta":[],"etheme_brands":[{"term_id":2599,"name":"MuscleTech","slug":"muscletech","term_group":0,"term_taxonomy_id":2599,"taxonomy":"brand","description":"<strong data-start=\"235\" data-end=\"260\">MuscleTech:<\/strong> es una marca reconocida por su compromiso con la calidad, la innovaci\u00f3n y el rendimiento dentro del mundo de la nutrici\u00f3n deportiva. Sus productos est\u00e1n desarrollados para ayudar a deportistas y personas activas a mejorar su recuperaci\u00f3n, aumentar su energ\u00eda y alcanzar sus objetivos de forma segura y efectiva. En PerfectMassNutrition\u00ae seleccionamos lo mejor de MuscleTech para ofrecerte suplementos confiables, con excelentes ingredientes y resultados comprobados, disponibles para toda Colombia y Latinoam\u00e9rica.","parent":0,"count":17,"filter":"raw"}],"product_brand":[2700],"product_cat":[1522,1523,1499,1524,1548],"product_tag":[1567],"class_list":{"0":"post-25883","1":"product","2":"type-product","3":"status-publish","4":"has-post-thumbnail","6":"brand-muscletech","7":"product_brand-muscletech","8":"product_cat-mas-vendidos","9":"product_cat-novedades","10":"product_cat-nutricion","11":"product_cat-ofertas","12":"product_cat-suplementos","13":"product_tag-ganar-masa","15":"first","16":"instock","17":"sale","18":"taxable","19":"shipping-taxable","20":"purchasable","21":"product-type-variable","22":"has-default-attributes"},"_links":{"self":[{"href":"https:\/\/perfectmass.net\/co\/wp-json\/wp\/v2\/product\/25883","targetHints":{"allow":["GET"]}}],"collection":[{"href":"https:\/\/perfectmass.net\/co\/wp-json\/wp\/v2\/product"}],"about":[{"href":"https:\/\/perfectmass.net\/co\/wp-json\/wp\/v2\/types\/product"}],"replies":[{"embeddable":true,"href":"https:\/\/perfectmass.net\/co\/wp-json\/wp\/v2\/comments?post=25883"}],"version-history":[{"count":1,"href":"https:\/\/perfectmass.net\/co\/wp-json\/wp\/v2\/product\/25883\/revisions"}],"predecessor-version":[{"id":30136,"href":"https:\/\/perfectmass.net\/co\/wp-json\/wp\/v2\/product\/25883\/revisions\/30136"}],"wp:featuredmedia":[{"embeddable":true,"href":"https:\/\/perfectmass.net\/co\/wp-json\/wp\/v2\/media\/25885"}],"wp:attachment":[{"href":"https:\/\/perfectmass.net\/co\/wp-json\/wp\/v2\/media?parent=25883"}],"wp:term":[{"taxonomy":"brand","embeddable":true,"href":"https:\/\/perfectmass.net\/co\/wp-json\/wp\/v2\/etheme_brands?post=25883"},{"taxonomy":"product_brand","embeddable":true,"href":"https:\/\/perfectmass.net\/co\/wp-json\/wp\/v2\/product_brand?post=25883"},{"taxonomy":"product_cat","embeddable":true,"href":"https:\/\/perfectmass.net\/co\/wp-json\/wp\/v2\/product_cat?post=25883"},{"taxonomy":"product_tag","embeddable":true,"href":"https:\/\/perfectmass.net\/co\/wp-json\/wp\/v2\/product_tag?post=25883"}],"curies":[{"name":"wp","href":"https:\/\/api.w.org\/{rel}","templated":true}]}}