{"id":25837,"date":"2025-11-26T17:53:06","date_gmt":"2025-11-26T22:53:06","guid":{"rendered":"https:\/\/perfectmass.net\/sin%20categor\u00eda\/dr-feaar-aminoacidos-dragon-pharma\/"},"modified":"2026-05-02T04:43:46","modified_gmt":"2026-05-02T09:43:46","slug":"dr-feaar-aminoacidos-dragon-pharma","status":"publish","type":"product","link":"https:\/\/perfectmass.net\/co\/nutricion\/aminos\/eaa\/dr-feaar-aminoacidos-dragon-pharma\/","title":{"rendered":"Dr. Feaar &#8211; Amino\u00e1cidos Dragon Pharma"},"content":{"rendered":"<h2>Dr. Feaar &#8211; Amino\u00e1cidos Dragon Pharma<\/h2>\n<p>Dr. FEAAR fue formulado para proporcionar los amino\u00e1cidos esenciales necesarios para el desarrollo y fortalecimiento de la masa muscular magra cuando m\u00e1s lo necesitas: durante tu entrenamiento. Dise\u00f1ado con 7 g de BCAA en una proporci\u00f3n 2:1:1 para estimular la s\u00edntesis de prote\u00ednas y complementado con 3 g de otros amino\u00e1cidos esenciales para ofrecer una f\u00f3rmula completa de EAA. Adem\u00e1s, incorpora 1 g del metabolito de la leucina HMB y electrolitos para una hidrataci\u00f3n \u00f3ptima. En resumen, Dr. FEAAR no deja nada al azar para asegurar que tus m\u00fasculos reciban los componentes b\u00e1sicos que necesitan para rendir y recuperarse de forma \u00f3ptima.<\/p>\n<div id=\"attachment_17663\" style=\"width: 310px\" class=\"wp-caption alignnone\"><img fetchpriority=\"high\" decoding=\"async\" aria-describedby=\"caption-attachment-17663\" class=\"size-medium wp-image-17663\" src=\"https:\/\/perfectmass.net\/wp-content\/uploads\/2025\/11\/Dragon-Pharma-Dr.-Feaar-300x300.webp\" alt=\"Dr. Feaar - Amino\u00e1cidos\" width=\"300\" height=\"300\" title=\"\" srcset=\"https:\/\/perfectmass.net\/wp-content\/uploads\/2025\/11\/Dragon-Pharma-Dr.-Feaar-300x300.webp 300w, https:\/\/perfectmass.net\/wp-content\/uploads\/2025\/11\/Dragon-Pharma-Dr.-Feaar-150x150.webp 150w, https:\/\/perfectmass.net\/wp-content\/uploads\/2025\/11\/Dragon-Pharma-Dr.-Feaar-445x445.webp 445w, https:\/\/perfectmass.net\/wp-content\/uploads\/2025\/11\/Dragon-Pharma-Dr.-Feaar-100x100.webp 100w, https:\/\/perfectmass.net\/wp-content\/uploads\/2025\/11\/Dragon-Pharma-Dr.-Feaar-1x1.webp 1w, https:\/\/perfectmass.net\/wp-content\/uploads\/2025\/11\/Dragon-Pharma-Dr.-Feaar-10x10.webp 10w, https:\/\/perfectmass.net\/wp-content\/uploads\/2025\/11\/Dragon-Pharma-Dr.-Feaar.webp 768w\" sizes=\"(max-width: 300px) 100vw, 300px\" \/><p id=\"caption-attachment-17663\" class=\"wp-caption-text\">Dr. Feaar &#8211; Amino\u00e1cidos <a href=\"https:\/\/dragonpharmalabs.com\/\" target=\"_blank\" rel=\"noopener\">Dragon Pharma<\/a><\/p><\/div>\n<p>Visitar <a href=\"http:\/\/PerfectMass.net\" target=\"_blank\" rel=\"noopener\">PerfectMass.net<\/a><\/p>\n","protected":false},"excerpt":{"rendered":"<p>Amino\u00e1cidos esenciales para recuperaci\u00f3n y rendimiento muscular.<\/p>\n","protected":false},"featured_media":25839,"comment_status":"open","ping_status":"closed","template":"","meta":[],"etheme_brands":[{"term_id":2532,"name":"Dragon Pharma","slug":"dragon-pharma","term_group":0,"term_taxonomy_id":2532,"taxonomy":"brand","description":"<strong data-start=\"235\" data-end=\"260\">Dragon Pharma:<\/strong> es una marca reconocida por su compromiso con la calidad, la innovaci\u00f3n y el rendimiento dentro del mundo de la nutrici\u00f3n deportiva. Sus productos est\u00e1n desarrollados para ayudar a deportistas y personas activas a mejorar su recuperaci\u00f3n, aumentar su energ\u00eda y alcanzar sus objetivos de forma segura y efectiva. En PerfectMassNutrition\u00ae seleccionamos lo mejor de Dragon Pharma para ofrecerte suplementos confiables, con excelentes ingredientes y resultados comprobados, disponibles para toda Colombia y Latinoam\u00e9rica.","parent":0,"count":14,"filter":"raw"}],"product_brand":[2677],"product_cat":[3655],"product_tag":[1585],"class_list":{"0":"post-25837","1":"product","2":"type-product","3":"status-publish","4":"has-post-thumbnail","6":"brand-dragon-pharma","7":"product_brand-dragon-pharma","8":"product_cat-eaa","9":"product_tag-suplemento","11":"first","12":"instock","13":"sale","14":"taxable","15":"shipping-taxable","16":"purchasable","17":"product-type-variable"},"_links":{"self":[{"href":"https:\/\/perfectmass.net\/co\/wp-json\/wp\/v2\/product\/25837","targetHints":{"allow":["GET"]}}],"collection":[{"href":"https:\/\/perfectmass.net\/co\/wp-json\/wp\/v2\/product"}],"about":[{"href":"https:\/\/perfectmass.net\/co\/wp-json\/wp\/v2\/types\/product"}],"replies":[{"embeddable":true,"href":"https:\/\/perfectmass.net\/co\/wp-json\/wp\/v2\/comments?post=25837"}],"version-history":[{"count":1,"href":"https:\/\/perfectmass.net\/co\/wp-json\/wp\/v2\/product\/25837\/revisions"}],"predecessor-version":[{"id":30108,"href":"https:\/\/perfectmass.net\/co\/wp-json\/wp\/v2\/product\/25837\/revisions\/30108"}],"wp:featuredmedia":[{"embeddable":true,"href":"https:\/\/perfectmass.net\/co\/wp-json\/wp\/v2\/media\/25839"}],"wp:attachment":[{"href":"https:\/\/perfectmass.net\/co\/wp-json\/wp\/v2\/media?parent=25837"}],"wp:term":[{"taxonomy":"brand","embeddable":true,"href":"https:\/\/perfectmass.net\/co\/wp-json\/wp\/v2\/etheme_brands?post=25837"},{"taxonomy":"product_brand","embeddable":true,"href":"https:\/\/perfectmass.net\/co\/wp-json\/wp\/v2\/product_brand?post=25837"},{"taxonomy":"product_cat","embeddable":true,"href":"https:\/\/perfectmass.net\/co\/wp-json\/wp\/v2\/product_cat?post=25837"},{"taxonomy":"product_tag","embeddable":true,"href":"https:\/\/perfectmass.net\/co\/wp-json\/wp\/v2\/product_tag?post=25837"}],"curies":[{"name":"wp","href":"https:\/\/api.w.org\/{rel}","templated":true}]}}