{"id":25773,"date":"2025-11-26T17:53:06","date_gmt":"2025-11-26T22:53:06","guid":{"rendered":"https:\/\/perfectmass.net\/sin%20categor\u00eda\/psychotic-test-pre-entreno-insane-labz\/"},"modified":"2026-04-23T13:11:55","modified_gmt":"2026-04-23T18:11:55","slug":"psychotic-test-pre-entreno-insane-labz","status":"publish","type":"product","link":"https:\/\/perfectmass.net\/co\/nutricion\/entreno\/pre\/psychotic-test-pre-entreno-insane-labz\/","title":{"rendered":"Psychotic Test &#8211; Pre-Entreno Insane Labz"},"content":{"rendered":"<h2>Psychotic Test &#8211; Pre-Entreno Insane Labz<\/h2>\n<p>Seg\u00fan las rese\u00f1as, uno pensar\u00eda que ser\u00eda imposible mejorar PSYCHOTIC, el mejor pre-entrenamiento energ\u00e9tico del mundo. 1) \u00a1Es comprensible! 2) \u00a1Aceptamos el reto! Hemos combinado nuestros mejores ingredientes para energ\u00eda, bombeo, testosterona y concentraci\u00f3n para crear la f\u00f3rmula pre-entrenamiento m\u00e1s completa disponible, \u00a1garantizada para darte una ventaja!<\/p>\n<p>Esta f\u00f3rmula \u00fanica act\u00faa en sinergia para proporcionarte un bombeo y una energ\u00eda incre\u00edbles, a la vez que favorece el crecimiento muscular despu\u00e9s del entrenamiento.<\/p>\n<p>ENERG\u00cdA: Con una matriz energ\u00e9tica totalmente nueva, Psychotic TEST es el pre-entrenamiento de alta estimulaci\u00f3n definitivo que llevar\u00e1 cada entrenamiento al l\u00edmite.<\/p>\n<p>TESTIMONIO: La exclusiva matriz potenciadora de testosterona, con \u00e1cido D-asp\u00e1rtico, extracto de Chlorophytum y nuestro AMPitest patentado, permite que tus m\u00fasculos sigan creciendo mucho despu\u00e9s de terminar el entrenamiento.<\/p>\n<p>TAMA\u00d1O: Gracias a la mejor matriz potenciadora de testosterona del sector, Psychotic TEST hace que tus m\u00fasculos crezcan mucho despu\u00e9s de terminar el entrenamiento.<\/p>\n<div id=\"attachment_22305\" style=\"width: 310px\" class=\"wp-caption alignnone\"><img fetchpriority=\"high\" decoding=\"async\" aria-describedby=\"caption-attachment-22305\" class=\"size-medium wp-image-22305\" src=\"https:\/\/perfectmass.net\/wp-content\/uploads\/2025\/11\/Psychotic-Test-Fruit-Punch-Front-300x300.webp\" alt=\"Psychotic Test - Pre-Entreno Insane Labz\" width=\"300\" height=\"300\" title=\"\" srcset=\"https:\/\/perfectmass.net\/wp-content\/uploads\/2025\/11\/Psychotic-Test-Fruit-Punch-Front-300x300.webp 300w, https:\/\/perfectmass.net\/wp-content\/uploads\/2025\/11\/Psychotic-Test-Fruit-Punch-Front-150x150.webp 150w, https:\/\/perfectmass.net\/wp-content\/uploads\/2025\/11\/Psychotic-Test-Fruit-Punch-Front-445x445.webp 445w, https:\/\/perfectmass.net\/wp-content\/uploads\/2025\/11\/Psychotic-Test-Fruit-Punch-Front-100x100.webp 100w, https:\/\/perfectmass.net\/wp-content\/uploads\/2025\/11\/Psychotic-Test-Fruit-Punch-Front-1x1.webp 1w, https:\/\/perfectmass.net\/wp-content\/uploads\/2025\/11\/Psychotic-Test-Fruit-Punch-Front-10x10.webp 10w, https:\/\/perfectmass.net\/wp-content\/uploads\/2025\/11\/Psychotic-Test-Fruit-Punch-Front.webp 600w\" sizes=\"(max-width: 300px) 100vw, 300px\" \/><p id=\"caption-attachment-22305\" class=\"wp-caption-text\">Psychotic Test &#8211; Pre-Entreno <a href=\"https:\/\/insanelabz.com\/\" target=\"_blank\" rel=\"noopener\">Insane Labz<\/a><\/p><\/div>\n<p>Visitar <a href=\"http:\/\/PerfectMass.net\" target=\"_blank\" rel=\"noopener\">PerfectMass.net<\/a><\/p>\n","protected":false},"excerpt":{"rendered":"<p>Energ\u00eda y enfoque para entrenar al m\u00e1ximo.<\/p>\n","protected":false},"featured_media":25774,"comment_status":"open","ping_status":"closed","template":"","meta":[],"etheme_brands":[{"term_id":2576,"name":"Insane Labz","slug":"insane-labz","term_group":0,"term_taxonomy_id":2576,"taxonomy":"brand","description":"<strong data-start=\"235\" data-end=\"260\">Insane Labz:<\/strong> es una marca reconocida por su compromiso con la calidad, la innovaci\u00f3n y el rendimiento dentro del mundo de la nutrici\u00f3n deportiva. Sus productos est\u00e1n desarrollados para ayudar a deportistas y personas activas a mejorar su recuperaci\u00f3n, aumentar su energ\u00eda y alcanzar sus objetivos de forma segura y efectiva. En PerfectMassNutrition\u00ae seleccionamos lo mejor de Insane Labz para ofrecerte suplementos confiables, con excelentes ingredientes y resultados comprobados, disponibles para toda Colombia y Latinoam\u00e9rica.","parent":0,"count":32,"filter":"raw"}],"product_brand":[2760],"product_cat":[1522,1523,1524,1534,1531],"product_tag":[1577],"class_list":{"0":"post-25773","1":"product","2":"type-product","3":"status-publish","4":"has-post-thumbnail","6":"brand-insane-labz","7":"product_brand-insane-labz","8":"product_cat-mas-vendidos","9":"product_cat-novedades","10":"product_cat-ofertas","11":"product_cat-pre","12":"product_cat-entreno","13":"product_tag-pre-entreno","15":"first","16":"instock","17":"sale","18":"taxable","19":"shipping-taxable","20":"purchasable","21":"product-type-variable","22":"has-default-attributes"},"_links":{"self":[{"href":"https:\/\/perfectmass.net\/co\/wp-json\/wp\/v2\/product\/25773","targetHints":{"allow":["GET"]}}],"collection":[{"href":"https:\/\/perfectmass.net\/co\/wp-json\/wp\/v2\/product"}],"about":[{"href":"https:\/\/perfectmass.net\/co\/wp-json\/wp\/v2\/types\/product"}],"replies":[{"embeddable":true,"href":"https:\/\/perfectmass.net\/co\/wp-json\/wp\/v2\/comments?post=25773"}],"version-history":[{"count":1,"href":"https:\/\/perfectmass.net\/co\/wp-json\/wp\/v2\/product\/25773\/revisions"}],"predecessor-version":[{"id":30088,"href":"https:\/\/perfectmass.net\/co\/wp-json\/wp\/v2\/product\/25773\/revisions\/30088"}],"wp:featuredmedia":[{"embeddable":true,"href":"https:\/\/perfectmass.net\/co\/wp-json\/wp\/v2\/media\/25774"}],"wp:attachment":[{"href":"https:\/\/perfectmass.net\/co\/wp-json\/wp\/v2\/media?parent=25773"}],"wp:term":[{"taxonomy":"brand","embeddable":true,"href":"https:\/\/perfectmass.net\/co\/wp-json\/wp\/v2\/etheme_brands?post=25773"},{"taxonomy":"product_brand","embeddable":true,"href":"https:\/\/perfectmass.net\/co\/wp-json\/wp\/v2\/product_brand?post=25773"},{"taxonomy":"product_cat","embeddable":true,"href":"https:\/\/perfectmass.net\/co\/wp-json\/wp\/v2\/product_cat?post=25773"},{"taxonomy":"product_tag","embeddable":true,"href":"https:\/\/perfectmass.net\/co\/wp-json\/wp\/v2\/product_tag?post=25773"}],"curies":[{"name":"wp","href":"https:\/\/api.w.org\/{rel}","templated":true}]}}