{"id":25765,"date":"2025-11-26T17:53:06","date_gmt":"2025-11-26T22:53:06","guid":{"rendered":"https:\/\/perfectmass.net\/sin%20categor\u00eda\/creatina-monohidratada-dragon-pharma\/"},"modified":"2026-04-23T13:11:53","modified_gmt":"2026-04-23T18:11:53","slug":"creatina-monohidratada-dragon-pharma","status":"publish","type":"product","link":"https:\/\/perfectmass.net\/co\/sin categor\u00eda\/creatina-monohidratada-dragon-pharma\/","title":{"rendered":"Creatina Monohidratada &#8211; Dragon Pharma"},"content":{"rendered":"<h2>Creatina Monohidratada &#8211; Dragon Pharma<\/h2>\n<p>Tu arsenal de suplementos no est\u00e1 completo sin el monohidrato de creatina de Dragon Pharma. Uno de los suplementos m\u00e1s vendidos y estudiados del mercado, el monohidrato de creatina de Dragon Pharma ayuda a aumentar la fuerza, la masa muscular y a acelerar la recuperaci\u00f3n muscular durante el ejercicio. Cada cucharada (una porci\u00f3n) de monohidrato de creatina de Dragon Pharma contiene 5 gramos de monohidrato de creatina puro.<\/p>\n<p>El monohidrato de creatina de Dragon Pharma se puede consumir en cualquier momento del d\u00eda y, como todos los productos de Dragon Pharma, ofrece monohidrato de creatina puro, elaborado con los procesos de desarrollo y fabricaci\u00f3n m\u00e1s avanzados y de la m\u00e1s alta calidad para brindarte el producto m\u00e1s efectivo para tu nutrici\u00f3n.<\/p>\n<div id=\"attachment_21598\" style=\"width: 310px\" class=\"wp-caption alignnone\"><img fetchpriority=\"high\" decoding=\"async\" aria-describedby=\"caption-attachment-21598\" class=\"size-medium wp-image-21598\" src=\"https:\/\/perfectmass.net\/wp-content\/uploads\/2025\/11\/850040025095-Render-Creatine_Unflavored_60-1_3_1296x-300x300.webp\" alt=\"Creatina Monohidratada - Dragon Pharma\" width=\"300\" height=\"300\" title=\"\" srcset=\"https:\/\/perfectmass.net\/wp-content\/uploads\/2025\/11\/850040025095-Render-Creatine_Unflavored_60-1_3_1296x-300x300.webp 300w, https:\/\/perfectmass.net\/wp-content\/uploads\/2025\/11\/850040025095-Render-Creatine_Unflavored_60-1_3_1296x-1024x1024.webp 1024w, https:\/\/perfectmass.net\/wp-content\/uploads\/2025\/11\/850040025095-Render-Creatine_Unflavored_60-1_3_1296x-150x150.webp 150w, https:\/\/perfectmass.net\/wp-content\/uploads\/2025\/11\/850040025095-Render-Creatine_Unflavored_60-1_3_1296x-768x768.webp 768w, https:\/\/perfectmass.net\/wp-content\/uploads\/2025\/11\/850040025095-Render-Creatine_Unflavored_60-1_3_1296x-445x445.webp 445w, https:\/\/perfectmass.net\/wp-content\/uploads\/2025\/11\/850040025095-Render-Creatine_Unflavored_60-1_3_1296x-100x100.webp 100w, https:\/\/perfectmass.net\/wp-content\/uploads\/2025\/11\/850040025095-Render-Creatine_Unflavored_60-1_3_1296x-1x1.webp 1w, https:\/\/perfectmass.net\/wp-content\/uploads\/2025\/11\/850040025095-Render-Creatine_Unflavored_60-1_3_1296x-10x10.webp 10w, https:\/\/perfectmass.net\/wp-content\/uploads\/2025\/11\/850040025095-Render-Creatine_Unflavored_60-1_3_1296x.webp 1296w\" sizes=\"(max-width: 300px) 100vw, 300px\" \/><p id=\"caption-attachment-21598\" class=\"wp-caption-text\">Creatina Monohidratada &#8211; <a href=\"https:\/\/dragonpharmalabs.com\/\" target=\"_blank\" rel=\"noopener\">Dragon Pharma<\/a><\/p><\/div>\n<p>Visitar <a href=\"http:\/\/perfectmass.net\/co\/\">PerfectMass.net<\/a><\/p>\n","protected":false},"excerpt":{"rendered":"<p>Creatina monohidratada<\/p>\n","protected":false},"featured_media":25767,"comment_status":"open","ping_status":"closed","template":"","meta":[],"etheme_brands":[{"term_id":2532,"name":"Dragon Pharma","slug":"dragon-pharma","term_group":0,"term_taxonomy_id":2532,"taxonomy":"brand","description":"<strong data-start=\"235\" data-end=\"260\">Dragon Pharma:<\/strong> es una marca reconocida por su compromiso con la calidad, la innovaci\u00f3n y el rendimiento dentro del mundo de la nutrici\u00f3n deportiva. Sus productos est\u00e1n desarrollados para ayudar a deportistas y personas activas a mejorar su recuperaci\u00f3n, aumentar su energ\u00eda y alcanzar sus objetivos de forma segura y efectiva. En PerfectMassNutrition\u00ae seleccionamos lo mejor de Dragon Pharma para ofrecerte suplementos confiables, con excelentes ingredientes y resultados comprobados, disponibles para toda Colombia y Latinoam\u00e9rica.","parent":0,"count":10,"filter":"raw"}],"product_brand":[2677],"product_cat":[],"product_tag":[1566],"class_list":{"0":"post-25765","1":"product","2":"type-product","3":"status-publish","4":"has-post-thumbnail","6":"brand-dragon-pharma","7":"product_brand-dragon-pharma","8":"product_tag-fuerza","10":"first","11":"instock","12":"sale","13":"taxable","14":"shipping-taxable","15":"purchasable","16":"product-type-variable"},"_links":{"self":[{"href":"https:\/\/perfectmass.net\/co\/wp-json\/wp\/v2\/product\/25765","targetHints":{"allow":["GET"]}}],"collection":[{"href":"https:\/\/perfectmass.net\/co\/wp-json\/wp\/v2\/product"}],"about":[{"href":"https:\/\/perfectmass.net\/co\/wp-json\/wp\/v2\/types\/product"}],"replies":[{"embeddable":true,"href":"https:\/\/perfectmass.net\/co\/wp-json\/wp\/v2\/comments?post=25765"}],"version-history":[{"count":1,"href":"https:\/\/perfectmass.net\/co\/wp-json\/wp\/v2\/product\/25765\/revisions"}],"predecessor-version":[{"id":30078,"href":"https:\/\/perfectmass.net\/co\/wp-json\/wp\/v2\/product\/25765\/revisions\/30078"}],"wp:featuredmedia":[{"embeddable":true,"href":"https:\/\/perfectmass.net\/co\/wp-json\/wp\/v2\/media\/25767"}],"wp:attachment":[{"href":"https:\/\/perfectmass.net\/co\/wp-json\/wp\/v2\/media?parent=25765"}],"wp:term":[{"taxonomy":"brand","embeddable":true,"href":"https:\/\/perfectmass.net\/co\/wp-json\/wp\/v2\/etheme_brands?post=25765"},{"taxonomy":"product_brand","embeddable":true,"href":"https:\/\/perfectmass.net\/co\/wp-json\/wp\/v2\/product_brand?post=25765"},{"taxonomy":"product_cat","embeddable":true,"href":"https:\/\/perfectmass.net\/co\/wp-json\/wp\/v2\/product_cat?post=25765"},{"taxonomy":"product_tag","embeddable":true,"href":"https:\/\/perfectmass.net\/co\/wp-json\/wp\/v2\/product_tag?post=25765"}],"curies":[{"name":"wp","href":"https:\/\/api.w.org\/{rel}","templated":true}]}}