{"id":25757,"date":"2025-11-26T17:53:07","date_gmt":"2025-11-26T22:53:07","guid":{"rendered":"https:\/\/perfectmass.net\/sin%20categor\u00eda\/hard-blends-nac-1000-mg\/"},"modified":"2026-05-02T04:43:25","modified_gmt":"2026-05-02T09:43:25","slug":"hard-blends-nac-1000-mg","status":"publish","type":"product","link":"https:\/\/perfectmass.net\/co\/nutricion\/salud\/hard-blends-nac-1000-mg\/","title":{"rendered":"Nac 1000 mg &#8211; Salud Hep\u00e1tica Hard Blends"},"content":{"rendered":"<p><strong>Nac 1000 mg &#8211; Salud Hep\u00e1tica Hard Blends<\/strong><\/p>\n<p>Nac 1000 mg &#8211; Salud Hep\u00e1tica Hard Blends<\/p>\n<p>F\u00f3rmula de soporte hep\u00e1tico y protecci\u00f3n de \u00f3rganos dise\u00f1ada para deportistas que someten su cuerpo a entrenamientos intensos o ciclos de suplementaci\u00f3n.<\/p>\n","protected":false},"excerpt":{"rendered":"<p>Protector hep\u00e1tico y soporte de \u00f3rganos para deportistas.<\/p>\n","protected":false},"featured_media":25758,"comment_status":"open","ping_status":"closed","template":"","meta":[],"etheme_brands":[{"term_id":2563,"name":"Hard Blends","slug":"hard-blends","term_group":0,"term_taxonomy_id":2563,"taxonomy":"brand","description":"","parent":0,"count":6,"filter":"raw"}],"product_brand":[2790],"product_cat":[3635],"product_tag":[1585],"class_list":{"0":"post-25757","1":"product","2":"type-product","3":"status-publish","4":"has-post-thumbnail","6":"brand-hard-blends","7":"product_brand-hard-blends","8":"product_cat-salud","9":"product_tag-suplemento","11":"first","12":"instock","13":"sale","14":"taxable","15":"shipping-taxable","16":"purchasable","17":"product-type-variable","18":"has-default-attributes"},"_links":{"self":[{"href":"https:\/\/perfectmass.net\/co\/wp-json\/wp\/v2\/product\/25757","targetHints":{"allow":["GET"]}}],"collection":[{"href":"https:\/\/perfectmass.net\/co\/wp-json\/wp\/v2\/product"}],"about":[{"href":"https:\/\/perfectmass.net\/co\/wp-json\/wp\/v2\/types\/product"}],"replies":[{"embeddable":true,"href":"https:\/\/perfectmass.net\/co\/wp-json\/wp\/v2\/comments?post=25757"}],"version-history":[{"count":1,"href":"https:\/\/perfectmass.net\/co\/wp-json\/wp\/v2\/product\/25757\/revisions"}],"predecessor-version":[{"id":30069,"href":"https:\/\/perfectmass.net\/co\/wp-json\/wp\/v2\/product\/25757\/revisions\/30069"}],"wp:featuredmedia":[{"embeddable":true,"href":"https:\/\/perfectmass.net\/co\/wp-json\/wp\/v2\/media\/25758"}],"wp:attachment":[{"href":"https:\/\/perfectmass.net\/co\/wp-json\/wp\/v2\/media?parent=25757"}],"wp:term":[{"taxonomy":"brand","embeddable":true,"href":"https:\/\/perfectmass.net\/co\/wp-json\/wp\/v2\/etheme_brands?post=25757"},{"taxonomy":"product_brand","embeddable":true,"href":"https:\/\/perfectmass.net\/co\/wp-json\/wp\/v2\/product_brand?post=25757"},{"taxonomy":"product_cat","embeddable":true,"href":"https:\/\/perfectmass.net\/co\/wp-json\/wp\/v2\/product_cat?post=25757"},{"taxonomy":"product_tag","embeddable":true,"href":"https:\/\/perfectmass.net\/co\/wp-json\/wp\/v2\/product_tag?post=25757"}],"curies":[{"name":"wp","href":"https:\/\/api.w.org\/{rel}","templated":true}]}}