{"id":25749,"date":"2025-11-26T17:53:07","date_gmt":"2025-11-26T22:53:07","guid":{"rendered":"https:\/\/perfectmass.net\/sin%20categor\u00eda\/omega-3-proscience\/"},"modified":"2026-05-02T04:43:23","modified_gmt":"2026-05-02T09:43:23","slug":"omega-3-proscience","status":"publish","type":"product","link":"https:\/\/perfectmass.net\/co\/multivitaminicos\/omega-3-proscience\/","title":{"rendered":"Omega 3 &#8211; Proscience"},"content":{"rendered":"<h2>Omega 3 &#8211; Proscience<\/h2>\n<p>Este nutriente ser\u00e1 siempre importante obtenerlo principalmente de le dieta.<\/p>\n<p>El aceite de pescado es una fuente natural de \u00e1cidos grasos poliinsaturados como omega-3 de cadena larga, incluidos DHA y EPA. Los \u00e1cidos grasos polinsaturados se consideran nutrientes esenciales porque el cuerpo humano no puede fabricarlos en cantidades apreciables.<\/p>\n<p>Las grasas omega-3 han sido el foco de una gran cantidad de investigaci\u00f3n sobre el ejercicio, salud cardiovascular y el rendimiento cognitivo, se sabe que se incorporan a las membranas de las c\u00e9lulas, disminuyen la inflamaci\u00f3n y mejoran la salud inmune, funci\u00f3n cognitiva, lo cual tiene un efecto sobre el rendimiento y la salud.<\/p>\n<p>Cuando entrenamos sufrimos un da\u00f1o micro estructural; una de las respuestas naturales, es la inflamaci\u00f3n dentro del m\u00fasculo que promueve adaptaciones que fortalecen el m\u00fasculo y lo hacen m\u00e1s resistente a las lesiones. Aunque algo de inflamaci\u00f3n puede ser esencial para la adaptaci\u00f3n normal al entrenamiento, demasiada inflamaci\u00f3n puede afectar o retrasar la capacidad del m\u00fasculo para recuperarse despu\u00e9s del ejercicio.<\/p>\n<p>Los \u00e1cidos grasos omega-3 tienen propiedades antiinflamatorias. DHA y EPA disminuyen la expresi\u00f3n de citocinas inflamatorias por parte de los leucocitos y tambi\u00e9n dan lugar a una familia de mediadores antiinflamatorios llamados resolvinas. Omega 3, tambi\u00e9n tiene un impacto importante disminuyendo el nivel de triglic\u00e9ridos y el riesgo cardiovascular.<\/p>\n<p>La Vitamina E es considerada un excelente antioxidante, con m\u00faltiples funciones. Al combinarla con Omega 3, la protege de una posible oxidaci\u00f3n y act\u00faa en sinergia potenciando sus efectos.<\/p>\n<p>Lo ideal es obtener OMEGA 3 de los alimentos, pero cuando no sea posible, consumir 2 a 3 gramos de aceite de pescado diarios, se vuelve necesario.<\/p>\n<p>2 capsulas de OMEGA 3 &#8211; Proscience con el almuerzo es una buena opci\u00f3n, y te aporta 2 gramos de OMEGA 3, aportando 600 mg de EPA\/DHA.<\/p>\n<div id=\"attachment_22109\" style=\"width: 310px\" class=\"wp-caption alignnone\"><img fetchpriority=\"high\" decoding=\"async\" aria-describedby=\"caption-attachment-22109\" class=\"size-medium wp-image-22109\" src=\"https:\/\/perfectmass.net\/wp-content\/uploads\/2025\/11\/omega-3-plus-300x300.webp\" alt=\"Omega 3 - Proscience\" width=\"300\" height=\"300\" title=\"\" srcset=\"https:\/\/perfectmass.net\/wp-content\/uploads\/2025\/11\/omega-3-plus-300x300.webp 300w, https:\/\/perfectmass.net\/wp-content\/uploads\/2025\/11\/omega-3-plus-1024x1024.webp 1024w, https:\/\/perfectmass.net\/wp-content\/uploads\/2025\/11\/omega-3-plus-150x150.webp 150w, https:\/\/perfectmass.net\/wp-content\/uploads\/2025\/11\/omega-3-plus-768x768.webp 768w, https:\/\/perfectmass.net\/wp-content\/uploads\/2025\/11\/omega-3-plus-1536x1536.webp 1536w, https:\/\/perfectmass.net\/wp-content\/uploads\/2025\/11\/omega-3-plus-445x445.webp 445w, https:\/\/perfectmass.net\/wp-content\/uploads\/2025\/11\/omega-3-plus-100x100.webp 100w, https:\/\/perfectmass.net\/wp-content\/uploads\/2025\/11\/omega-3-plus-1x1.webp 1w, https:\/\/perfectmass.net\/wp-content\/uploads\/2025\/11\/omega-3-plus-10x10.webp 10w, https:\/\/perfectmass.net\/wp-content\/uploads\/2025\/11\/omega-3-plus.webp 1620w\" sizes=\"(max-width: 300px) 100vw, 300px\" \/><p id=\"caption-attachment-22109\" class=\"wp-caption-text\">Omega 3 &#8211; <a href=\"https:\/\/proscience.com.co\/\" target=\"_blank\" rel=\"noopener\">Proscience<\/a><\/p><\/div>\n<p>Visitar <a href=\"http:\/\/PerfectMass.net\" target=\"_blank\" rel=\"noopener\">PerfectMass.net<\/a><\/p>\n","protected":false},"excerpt":{"rendered":"<p>Soporte diario para complementar tu nutrici\u00f3n deportiva.<\/p>\n","protected":false},"featured_media":25751,"comment_status":"open","ping_status":"closed","template":"","meta":[],"etheme_brands":[{"term_id":2617,"name":"Proscience","slug":"proscience","term_group":0,"term_taxonomy_id":2617,"taxonomy":"brand","description":"<strong data-start=\"235\" data-end=\"260\">Proscience:<\/strong> es una marca reconocida por su compromiso con la calidad, la innovaci\u00f3n y el rendimiento dentro del mundo de la nutrici\u00f3n deportiva. Sus productos est\u00e1n desarrollados para ayudar a deportistas y personas activas a mejorar su recuperaci\u00f3n, aumentar su energ\u00eda y alcanzar sus objetivos de forma segura y efectiva. En PerfectMassNutrition\u00ae seleccionamos lo mejor de Proscience para ofrecerte suplementos confiables, con excelentes ingredientes y resultados comprobados, disponibles para toda Colombia y Latinoam\u00e9rica.","parent":0,"count":25,"filter":"raw"}],"product_brand":[2718],"product_cat":[3744],"product_tag":[1585],"class_list":{"0":"post-25749","1":"product","2":"type-product","3":"status-publish","4":"has-post-thumbnail","6":"brand-proscience","7":"product_brand-proscience","8":"product_cat-multivitaminicos","9":"product_tag-suplemento","11":"first","12":"instock","13":"sale","14":"taxable","15":"shipping-taxable","16":"purchasable","17":"product-type-variable","18":"has-default-attributes"},"_links":{"self":[{"href":"https:\/\/perfectmass.net\/co\/wp-json\/wp\/v2\/product\/25749","targetHints":{"allow":["GET"]}}],"collection":[{"href":"https:\/\/perfectmass.net\/co\/wp-json\/wp\/v2\/product"}],"about":[{"href":"https:\/\/perfectmass.net\/co\/wp-json\/wp\/v2\/types\/product"}],"replies":[{"embeddable":true,"href":"https:\/\/perfectmass.net\/co\/wp-json\/wp\/v2\/comments?post=25749"}],"version-history":[{"count":1,"href":"https:\/\/perfectmass.net\/co\/wp-json\/wp\/v2\/product\/25749\/revisions"}],"predecessor-version":[{"id":30065,"href":"https:\/\/perfectmass.net\/co\/wp-json\/wp\/v2\/product\/25749\/revisions\/30065"}],"wp:featuredmedia":[{"embeddable":true,"href":"https:\/\/perfectmass.net\/co\/wp-json\/wp\/v2\/media\/25751"}],"wp:attachment":[{"href":"https:\/\/perfectmass.net\/co\/wp-json\/wp\/v2\/media?parent=25749"}],"wp:term":[{"taxonomy":"brand","embeddable":true,"href":"https:\/\/perfectmass.net\/co\/wp-json\/wp\/v2\/etheme_brands?post=25749"},{"taxonomy":"product_brand","embeddable":true,"href":"https:\/\/perfectmass.net\/co\/wp-json\/wp\/v2\/product_brand?post=25749"},{"taxonomy":"product_cat","embeddable":true,"href":"https:\/\/perfectmass.net\/co\/wp-json\/wp\/v2\/product_cat?post=25749"},{"taxonomy":"product_tag","embeddable":true,"href":"https:\/\/perfectmass.net\/co\/wp-json\/wp\/v2\/product_tag?post=25749"}],"curies":[{"name":"wp","href":"https:\/\/api.w.org\/{rel}","templated":true}]}}