{"id":25709,"date":"2025-11-26T17:53:07","date_gmt":"2025-11-26T22:53:07","guid":{"rendered":"https:\/\/perfectmass.net\/sin%20categor\u00eda\/best-vegan-proteina-proscience\/"},"modified":"2026-04-23T13:11:42","modified_gmt":"2026-04-23T18:11:42","slug":"best-vegan-proteina-proscience","status":"publish","type":"product","link":"https:\/\/perfectmass.net\/co\/nutricion\/proteina\/vegana\/best-vegan-proteina-proscience\/","title":{"rendered":"Best Vegan &#8211; Prote\u00edna Proscience"},"content":{"rendered":"<h2>Best Vegan &#8211; Prote\u00edna Proscience<\/h2>\n<p><strong>BEST VEGAN\u00a0<\/strong>es un producto alimenticio a base de prote\u00edna vegetal, en una combinaci\u00f3n de arroz y arveja fortificado con los amino\u00e1cidos esenciales: leucina, isoleucina, valina, tambi\u00e9n llamados BCAA, as\u00ed como vitaminas y minerales.<\/p>\n<p>Este producto\u00a0<strong>BEST VEGAN<\/strong>\u00a0es ideal en cualquier poblaci\u00f3n para mejorar el contenido proteico de la dieta y \u00f3ptimo para personas que no gustan del consumo de la prote\u00edna animal y que basan su alimentaci\u00f3n principalmente de fuentes vegetales.<\/p>\n<p><strong>BEST VEGAN\u00a0<\/strong>combinando las prote\u00ednas de la arveja y del arroz logra un perfil de amino\u00e1cidos ideal para aquellas personas que basan su alimentaci\u00f3n en prote\u00ednas de muy bajo valor biol\u00f3gico y que de manera cr\u00f3nica si no consumen un perfil de amino\u00e1cidos adecuado, podr\u00edan desencadenar en un inadecuado estado de salud o terminar en una enfermedad metab\u00f3lica.<\/p>\n<p><strong>BEST VEGAN\u00a0<\/strong>puedes consumirla a cualquier hora del d\u00eda como un complemento a tu alimentaci\u00f3n y\/o para lograr un mayor requerimiento proteico. Si realizas actividad f\u00edsica puedes utilizarla posterior al entrenamiento, mezcl\u00e1ndola con agua idealmente.<\/p>\n<div id=\"attachment_22056\" style=\"width: 310px\" class=\"wp-caption alignnone\"><img fetchpriority=\"high\" decoding=\"async\" aria-describedby=\"caption-attachment-22056\" class=\"size-medium wp-image-22056\" src=\"https:\/\/perfectmass.net\/wp-content\/uploads\/2025\/11\/best-vegan-chocolate-1-300x300.webp\" alt=\"Best Vegan - Prote\u00edna Proscience\" width=\"300\" height=\"300\" title=\"\" srcset=\"https:\/\/perfectmass.net\/wp-content\/uploads\/2025\/11\/best-vegan-chocolate-1-300x300.webp 300w, https:\/\/perfectmass.net\/wp-content\/uploads\/2025\/11\/best-vegan-chocolate-1-150x150.webp 150w, https:\/\/perfectmass.net\/wp-content\/uploads\/2025\/11\/best-vegan-chocolate-1-445x445.webp 445w, https:\/\/perfectmass.net\/wp-content\/uploads\/2025\/11\/best-vegan-chocolate-1-100x100.webp 100w, https:\/\/perfectmass.net\/wp-content\/uploads\/2025\/11\/best-vegan-chocolate-1-1x1.webp 1w, https:\/\/perfectmass.net\/wp-content\/uploads\/2025\/11\/best-vegan-chocolate-1-10x10.webp 10w, https:\/\/perfectmass.net\/wp-content\/uploads\/2025\/11\/best-vegan-chocolate-1.webp 600w\" sizes=\"(max-width: 300px) 100vw, 300px\" \/><p id=\"caption-attachment-22056\" class=\"wp-caption-text\">Best Vegan &#8211; Prote\u00edna <a href=\"https:\/\/proscience.com.co\/\" target=\"_blank\" rel=\"noopener\">Proscience<\/a><\/p><\/div>\n<p>Visitar <a href=\"http:\/\/PerfectMass.net\" target=\"_blank\" rel=\"noopener\">PerfectMass.net<\/a><\/p>\n","protected":false},"excerpt":{"rendered":"<p>Prote\u00edna de alta calidad para apoyar tus objetivos diarios.<\/p>\n","protected":false},"featured_media":25711,"comment_status":"open","ping_status":"closed","template":"","meta":[],"etheme_brands":[{"term_id":2617,"name":"Proscience","slug":"proscience","term_group":0,"term_taxonomy_id":2617,"taxonomy":"brand","description":"<strong data-start=\"235\" data-end=\"260\">Proscience:<\/strong> es una marca reconocida por su compromiso con la calidad, la innovaci\u00f3n y el rendimiento dentro del mundo de la nutrici\u00f3n deportiva. Sus productos est\u00e1n desarrollados para ayudar a deportistas y personas activas a mejorar su recuperaci\u00f3n, aumentar su energ\u00eda y alcanzar sus objetivos de forma segura y efectiva. En PerfectMassNutrition\u00ae seleccionamos lo mejor de Proscience para ofrecerte suplementos confiables, con excelentes ingredientes y resultados comprobados, disponibles para toda Colombia y Latinoam\u00e9rica.","parent":0,"count":25,"filter":"raw"}],"product_brand":[2718],"product_cat":[1536,1539],"product_tag":[1585],"class_list":{"0":"post-25709","1":"product","2":"type-product","3":"status-publish","4":"has-post-thumbnail","6":"brand-proscience","7":"product_brand-proscience","8":"product_cat-proteina","9":"product_cat-vegana","10":"product_tag-suplemento","12":"first","13":"instock","14":"sale","15":"taxable","16":"shipping-taxable","17":"purchasable","18":"product-type-variable","19":"has-default-attributes"},"_links":{"self":[{"href":"https:\/\/perfectmass.net\/co\/wp-json\/wp\/v2\/product\/25709","targetHints":{"allow":["GET"]}}],"collection":[{"href":"https:\/\/perfectmass.net\/co\/wp-json\/wp\/v2\/product"}],"about":[{"href":"https:\/\/perfectmass.net\/co\/wp-json\/wp\/v2\/types\/product"}],"replies":[{"embeddable":true,"href":"https:\/\/perfectmass.net\/co\/wp-json\/wp\/v2\/comments?post=25709"}],"version-history":[{"count":1,"href":"https:\/\/perfectmass.net\/co\/wp-json\/wp\/v2\/product\/25709\/revisions"}],"predecessor-version":[{"id":30033,"href":"https:\/\/perfectmass.net\/co\/wp-json\/wp\/v2\/product\/25709\/revisions\/30033"}],"wp:featuredmedia":[{"embeddable":true,"href":"https:\/\/perfectmass.net\/co\/wp-json\/wp\/v2\/media\/25711"}],"wp:attachment":[{"href":"https:\/\/perfectmass.net\/co\/wp-json\/wp\/v2\/media?parent=25709"}],"wp:term":[{"taxonomy":"brand","embeddable":true,"href":"https:\/\/perfectmass.net\/co\/wp-json\/wp\/v2\/etheme_brands?post=25709"},{"taxonomy":"product_brand","embeddable":true,"href":"https:\/\/perfectmass.net\/co\/wp-json\/wp\/v2\/product_brand?post=25709"},{"taxonomy":"product_cat","embeddable":true,"href":"https:\/\/perfectmass.net\/co\/wp-json\/wp\/v2\/product_cat?post=25709"},{"taxonomy":"product_tag","embeddable":true,"href":"https:\/\/perfectmass.net\/co\/wp-json\/wp\/v2\/product_tag?post=25709"}],"curies":[{"name":"wp","href":"https:\/\/api.w.org\/{rel}","templated":true}]}}