{"id":25695,"date":"2025-11-26T17:53:08","date_gmt":"2025-11-26T22:53:08","guid":{"rendered":"https:\/\/perfectmass.net\/sin%20categor\u00eda\/jnx-sports-creatine-monohydrate\/"},"modified":"2026-05-02T04:43:08","modified_gmt":"2026-05-02T09:43:08","slug":"jnx-sports-creatine-monohydrate","status":"publish","type":"product","link":"https:\/\/perfectmass.net\/co\/nutricion\/creatina\/monohidratada\/jnx-sports-creatine-monohydrate\/","title":{"rendered":"Creatine Monohydrate &#8211; JNX Sports"},"content":{"rendered":"<p>JNX Sports Creatine Monohydrate es creatina monohidrato pura para aumentar fuerza y masa muscular. La creatina es el suplemento m\u00e1s estudiado y efectivo para mejorar el rendimiento f\u00edsico. Presentaci\u00f3n: 60 SERVICIOS.<\/p>\n","protected":false},"excerpt":{"rendered":"<p>Creatina monohidrato<\/p>\n","protected":false},"featured_media":25697,"comment_status":"open","ping_status":"closed","template":"","meta":[],"etheme_brands":[{"term_id":2582,"name":"JNX Sports","slug":"jnx-sports","term_group":0,"term_taxonomy_id":2582,"taxonomy":"brand","description":"","parent":0,"count":4,"filter":"raw"}],"product_brand":[2770],"product_cat":[3642],"product_tag":[1566],"class_list":{"0":"post-25695","1":"product","2":"type-product","3":"status-publish","4":"has-post-thumbnail","6":"brand-jnx-sports","7":"product_brand-jnx-sports","8":"product_cat-monohidratada","9":"product_tag-fuerza","11":"first","12":"instock","13":"sale","14":"taxable","15":"shipping-taxable","16":"purchasable","17":"product-type-variable","18":"has-default-attributes"},"_links":{"self":[{"href":"https:\/\/perfectmass.net\/co\/wp-json\/wp\/v2\/product\/25695","targetHints":{"allow":["GET"]}}],"collection":[{"href":"https:\/\/perfectmass.net\/co\/wp-json\/wp\/v2\/product"}],"about":[{"href":"https:\/\/perfectmass.net\/co\/wp-json\/wp\/v2\/types\/product"}],"replies":[{"embeddable":true,"href":"https:\/\/perfectmass.net\/co\/wp-json\/wp\/v2\/comments?post=25695"}],"version-history":[{"count":1,"href":"https:\/\/perfectmass.net\/co\/wp-json\/wp\/v2\/product\/25695\/revisions"}],"predecessor-version":[{"id":30024,"href":"https:\/\/perfectmass.net\/co\/wp-json\/wp\/v2\/product\/25695\/revisions\/30024"}],"wp:featuredmedia":[{"embeddable":true,"href":"https:\/\/perfectmass.net\/co\/wp-json\/wp\/v2\/media\/25697"}],"wp:attachment":[{"href":"https:\/\/perfectmass.net\/co\/wp-json\/wp\/v2\/media?parent=25695"}],"wp:term":[{"taxonomy":"brand","embeddable":true,"href":"https:\/\/perfectmass.net\/co\/wp-json\/wp\/v2\/etheme_brands?post=25695"},{"taxonomy":"product_brand","embeddable":true,"href":"https:\/\/perfectmass.net\/co\/wp-json\/wp\/v2\/product_brand?post=25695"},{"taxonomy":"product_cat","embeddable":true,"href":"https:\/\/perfectmass.net\/co\/wp-json\/wp\/v2\/product_cat?post=25695"},{"taxonomy":"product_tag","embeddable":true,"href":"https:\/\/perfectmass.net\/co\/wp-json\/wp\/v2\/product_tag?post=25695"}],"curies":[{"name":"wp","href":"https:\/\/api.w.org\/{rel}","templated":true}]}}