{"id":25525,"date":"2025-11-26T17:53:09","date_gmt":"2025-11-26T22:53:09","guid":{"rendered":"https:\/\/perfectmass.net\/sin%20categor\u00eda\/musclemeds-vitamin-t\/"},"modified":"2026-04-23T13:11:08","modified_gmt":"2026-04-23T18:11:08","slug":"musclemeds-vitamin-t","status":"publish","type":"product","link":"https:\/\/perfectmass.net\/co\/nutricion\/suplementos\/vitaminas-minerales\/musclemeds-vitamin-t\/","title":{"rendered":"Vitamin T &#8211; MuscleMeds"},"content":{"rendered":"<p>MuscleMeds Vitamin T es un complejo multivitam\u00ednico completo que apoya la salud general y el rendimiento deportivo. Proporciona vitaminas y minerales esenciales. Presentaci\u00f3n: 90 CAPSULAS.<\/p>\n","protected":false},"excerpt":{"rendered":"<p>Multivitam\u00ednico completo<\/p>\n","protected":false},"featured_media":25527,"comment_status":"open","ping_status":"closed","template":"","meta":[],"etheme_brands":[{"term_id":2596,"name":"MuscleMeds","slug":"musclemeds","term_group":0,"term_taxonomy_id":2596,"taxonomy":"brand","description":"<strong data-start=\"235\" data-end=\"260\">MuscleMeds:<\/strong> es una marca reconocida por su compromiso con la calidad, la innovaci\u00f3n y el rendimiento dentro del mundo de la nutrici\u00f3n deportiva. Sus productos est\u00e1n desarrollados para ayudar a deportistas y personas activas a mejorar su recuperaci\u00f3n, aumentar su energ\u00eda y alcanzar sus objetivos de forma segura y efectiva. En PerfectMassNutrition\u00ae seleccionamos lo mejor de MuscleMeds para ofrecerte suplementos confiables, con excelentes ingredientes y resultados comprobados, disponibles para toda Colombia y Latinoam\u00e9rica.","parent":0,"count":11,"filter":"raw"}],"product_brand":[2699],"product_cat":[1548,1556],"product_tag":[1585],"class_list":{"0":"post-25525","1":"product","2":"type-product","3":"status-publish","4":"has-post-thumbnail","6":"brand-musclemeds","7":"product_brand-musclemeds","8":"product_cat-suplementos","9":"product_cat-vitaminas-minerales","10":"product_tag-suplemento","12":"first","13":"instock","14":"sale","15":"taxable","16":"shipping-taxable","17":"purchasable","18":"product-type-variable","19":"has-default-attributes"},"_links":{"self":[{"href":"https:\/\/perfectmass.net\/co\/wp-json\/wp\/v2\/product\/25525","targetHints":{"allow":["GET"]}}],"collection":[{"href":"https:\/\/perfectmass.net\/co\/wp-json\/wp\/v2\/product"}],"about":[{"href":"https:\/\/perfectmass.net\/co\/wp-json\/wp\/v2\/types\/product"}],"replies":[{"embeddable":true,"href":"https:\/\/perfectmass.net\/co\/wp-json\/wp\/v2\/comments?post=25525"}],"version-history":[{"count":1,"href":"https:\/\/perfectmass.net\/co\/wp-json\/wp\/v2\/product\/25525\/revisions"}],"predecessor-version":[{"id":29927,"href":"https:\/\/perfectmass.net\/co\/wp-json\/wp\/v2\/product\/25525\/revisions\/29927"}],"wp:featuredmedia":[{"embeddable":true,"href":"https:\/\/perfectmass.net\/co\/wp-json\/wp\/v2\/media\/25527"}],"wp:attachment":[{"href":"https:\/\/perfectmass.net\/co\/wp-json\/wp\/v2\/media?parent=25525"}],"wp:term":[{"taxonomy":"brand","embeddable":true,"href":"https:\/\/perfectmass.net\/co\/wp-json\/wp\/v2\/etheme_brands?post=25525"},{"taxonomy":"product_brand","embeddable":true,"href":"https:\/\/perfectmass.net\/co\/wp-json\/wp\/v2\/product_brand?post=25525"},{"taxonomy":"product_cat","embeddable":true,"href":"https:\/\/perfectmass.net\/co\/wp-json\/wp\/v2\/product_cat?post=25525"},{"taxonomy":"product_tag","embeddable":true,"href":"https:\/\/perfectmass.net\/co\/wp-json\/wp\/v2\/product_tag?post=25525"}],"curies":[{"name":"wp","href":"https:\/\/api.w.org\/{rel}","templated":true}]}}