{"id":25375,"date":"2025-11-26T17:53:10","date_gmt":"2025-11-26T22:53:10","guid":{"rendered":"https:\/\/perfectmass.net\/sin%20categor\u00eda\/iso-100-proteina-whey-dymatize\/"},"modified":"2026-04-23T13:10:58","modified_gmt":"2026-04-23T18:10:58","slug":"iso-100-proteina-whey-dymatize","status":"publish","type":"product","link":"https:\/\/perfectmass.net\/co\/nutricion\/proteina\/aislada\/iso-100-proteina-whey-dymatize\/","title":{"rendered":"ISO 100\u00ae &#8211; Prote\u00edna Whey Dymatize"},"content":{"rendered":"<h2>ISO 100\u00ae &#8211; Prote\u00edna Whey Dymatize<\/h2>\n<p>Esfu\u00e9rcese m\u00e1s y apoye la recuperaci\u00f3n muscular despu\u00e9s de un entrenamiento extenuante con el poder de r\u00e1pida absorci\u00f3n y digesti\u00f3n de ISO 100.<\/p>\n<p>Una de las prote\u00ednas en polvo de mayor calidad del mercado, se filtra para eliminar el exceso de lactosa, carbohidratos, grasas y az\u00facar para lograr la m\u00e1xima mezclabilidad y ganancias.<\/p>\n<p>No te limites a superar lo mejor que puedas. Atravi\u00e9salo con el legendario ISO 100.<\/p>\n<p>Todos los deportistas que aspiran a tener una complexi\u00f3n definida pero robusta conocen el desaf\u00edo de optimizar el desarrollo muscular por un lado, y controlar el consumo de calor\u00edas por el otro. Esto exige que los productos sean de la m\u00e1xima calidad, para asegurar la ingesta de la cantidad adecuada de prote\u00ednas de alta calidad con el m\u00ednimo de calor\u00edas necesarias.<\/p>\n<p>ISO100 HYDROLYZED es una excelente combinaci\u00f3n de aislado de prote\u00edna de suero hidrolizado y aislado de prote\u00edna de suero: la receta m\u00e1s avanzada de DYMATIZE. El aislado de prote\u00edna de suero se descompone por hidr\u00f3lisis en cadenas de amino\u00e1cidos m\u00e1s peque\u00f1as y resulta f\u00e1cilmente digerible. ISO100 HYDROLYZED CLEAR es la opci\u00f3n perfecta sobre todo para antes, pero tambi\u00e9n para despu\u00e9s de las sesiones de entrenamiento intenso de la fuerza. Sin az\u00facar ni grasa, una dosis contiene menos de 116\u00a0kcal mezclada con agua.<\/p>\n<p>Entre los a\u00f1os 2013 y 2017, bodybuilding.com distingui\u00f3 al preparado ISO100 HYDROLYZED como el mejor aislado del a\u00f1o, por lo que satisface las exigencias de los mejores deportistas de fuerza y los atletas. Adem\u00e1s, \u00abInformed Choice\u00bb ha analizado Iso Whey para descartar sustancias prohibidas, para mayor seguridad de los atletas y una m\u00e1xima calidad del producto.<\/p>\n<div id=\"attachment_15245\" style=\"width: 254px\" class=\"wp-caption alignnone\"><img fetchpriority=\"high\" decoding=\"async\" aria-describedby=\"caption-attachment-15245\" class=\"size-medium wp-image-15245\" src=\"https:\/\/perfectmass.net\/wp-content\/uploads\/2025\/11\/81TOjPpCgL._AC_SX679_-244x300.jpg\" alt=\"ISO 100\u00ae - Prote\u00edna Whey Dymatize\" width=\"244\" height=\"300\" title=\"\" srcset=\"https:\/\/perfectmass.net\/wp-content\/uploads\/2025\/11\/81TOjPpCgL._AC_SX679_-244x300.jpg 244w, https:\/\/perfectmass.net\/wp-content\/uploads\/2025\/11\/81TOjPpCgL._AC_SX679_-445x547.jpg 445w, https:\/\/perfectmass.net\/wp-content\/uploads\/2025\/11\/81TOjPpCgL._AC_SX679_-1x1.jpg 1w, https:\/\/perfectmass.net\/wp-content\/uploads\/2025\/11\/81TOjPpCgL._AC_SX679_-8x10.jpg 8w, https:\/\/perfectmass.net\/wp-content\/uploads\/2025\/11\/81TOjPpCgL._AC_SX679_.jpg 679w\" sizes=\"(max-width: 244px) 100vw, 244px\" \/><p id=\"caption-attachment-15245\" class=\"wp-caption-text\">ISO 100\u00ae &#8211; Prote\u00edna Whey <a href=\"http:\/\/dymatize.com\" target=\"_blank\" rel=\"noopener\">Dymatize<\/a><\/p><\/div>\n<p>Visitar <a href=\"http:\/\/PerfectMass.net\" target=\"_blank\" rel=\"noopener\">PerfectMass.net<\/a><\/p>\n","protected":false},"excerpt":{"rendered":"<p>Prote\u00edna de suero para favorecer la recuperaci\u00f3n y el crecimiento muscular.<\/p>\n","protected":false},"featured_media":25376,"comment_status":"open","ping_status":"closed","template":"","meta":[],"etheme_brands":[{"term_id":2535,"name":"Dymatize","slug":"dymatize","term_group":0,"term_taxonomy_id":2535,"taxonomy":"brand","description":"<strong data-start=\"235\" data-end=\"260\">Dymatize:<\/strong> es una marca reconocida por su compromiso con la calidad, la innovaci\u00f3n y el rendimiento dentro del mundo de la nutrici\u00f3n deportiva. Sus productos est\u00e1n desarrollados para ayudar a deportistas y personas activas a mejorar su recuperaci\u00f3n, aumentar su energ\u00eda y alcanzar sus objetivos de forma segura y efectiva. En PerfectMassNutrition\u00ae seleccionamos lo mejor de Dymatize para ofrecerte suplementos confiables, con excelentes ingredientes y resultados comprobados, disponibles para toda Colombia y Latinoam\u00e9rica.","parent":0,"count":3,"filter":"raw"}],"product_brand":[2679],"product_cat":[1536,1538],"product_tag":[1585],"class_list":{"0":"post-25375","1":"product","2":"type-product","3":"status-publish","4":"has-post-thumbnail","6":"brand-dymatize","7":"product_brand-dymatize","8":"product_cat-proteina","9":"product_cat-aislada","10":"product_tag-suplemento","12":"first","13":"instock","14":"sale","15":"taxable","16":"shipping-taxable","17":"purchasable","18":"product-type-variable"},"_links":{"self":[{"href":"https:\/\/perfectmass.net\/co\/wp-json\/wp\/v2\/product\/25375","targetHints":{"allow":["GET"]}}],"collection":[{"href":"https:\/\/perfectmass.net\/co\/wp-json\/wp\/v2\/product"}],"about":[{"href":"https:\/\/perfectmass.net\/co\/wp-json\/wp\/v2\/types\/product"}],"replies":[{"embeddable":true,"href":"https:\/\/perfectmass.net\/co\/wp-json\/wp\/v2\/comments?post=25375"}],"version-history":[{"count":1,"href":"https:\/\/perfectmass.net\/co\/wp-json\/wp\/v2\/product\/25375\/revisions"}],"predecessor-version":[{"id":29887,"href":"https:\/\/perfectmass.net\/co\/wp-json\/wp\/v2\/product\/25375\/revisions\/29887"}],"wp:featuredmedia":[{"embeddable":true,"href":"https:\/\/perfectmass.net\/co\/wp-json\/wp\/v2\/media\/25376"}],"wp:attachment":[{"href":"https:\/\/perfectmass.net\/co\/wp-json\/wp\/v2\/media?parent=25375"}],"wp:term":[{"taxonomy":"brand","embeddable":true,"href":"https:\/\/perfectmass.net\/co\/wp-json\/wp\/v2\/etheme_brands?post=25375"},{"taxonomy":"product_brand","embeddable":true,"href":"https:\/\/perfectmass.net\/co\/wp-json\/wp\/v2\/product_brand?post=25375"},{"taxonomy":"product_cat","embeddable":true,"href":"https:\/\/perfectmass.net\/co\/wp-json\/wp\/v2\/product_cat?post=25375"},{"taxonomy":"product_tag","embeddable":true,"href":"https:\/\/perfectmass.net\/co\/wp-json\/wp\/v2\/product_tag?post=25375"}],"curies":[{"name":"wp","href":"https:\/\/api.w.org\/{rel}","templated":true}]}}