{"id":25365,"date":"2025-11-26T17:53:10","date_gmt":"2025-11-26T22:53:10","guid":{"rendered":"https:\/\/perfectmass.net\/sin%20categor\u00eda\/possessed-pre-entreno-insane-labz\/"},"modified":"2026-04-23T13:10:56","modified_gmt":"2026-04-23T18:10:56","slug":"possessed-pre-entreno-insane-labz","status":"publish","type":"product","link":"https:\/\/perfectmass.net\/co\/nutricion\/entreno\/pre\/possessed-pre-entreno-insane-labz\/","title":{"rendered":"Possessed &#8211; Pre-Entreno Insane Labz"},"content":{"rendered":"<h2>Possessed &#8211; Pre-Entreno Insane Labz<\/h2>\n<p>Tu mejor versi\u00f3n te espera.<br \/>\nAUMENTA EL CRECIMIENTO MUSCULAR: Insane Labz Possessed es uno de los pre-entrenamientos m\u00e1s exclusivos del mercado. Con una dosis completa de creatina para aumentar la fuerza y \u200b\u200bla resistencia, junto con Mucuna Pruriens y \u00e1cido D-asp\u00e1rtico para incrementar los niveles de testosterona, lo que ayuda a desarrollar masa muscular y fuerza, Possessed cumple con todos los requisitos que no sab\u00edas que necesitabas en un pre-entrenamiento.<br \/>\nCONCENTRACI\u00d3N MENTAL INCRE\u00cdBLE: Possessed no solo aumenta la masa muscular, sino que tambi\u00e9n te brinda una concentraci\u00f3n y claridad mental incre\u00edbles. La adici\u00f3n de L-tirosina y citicolina son dos de los mejores nootr\u00f3picos que puedes usar.<br \/>\n2 SABORES INCRE\u00cdBLES Y \u00daNICOS: \u00bfCon qu\u00e9 frecuencia ves el mismo sabor de pre-entrenamiento en el estante? Todo el tiempo. El Qu\u00edmico Loco se cans\u00f3 y cre\u00f3 dos de los sabores m\u00e1s deliciosos que existen. Pi\u00f1a Colada de Fresa y Gusano de Goma<\/p>\n<h3>Possessed &#8211; Pre-Entreno Insane Labz<\/h3>\n<p>Si buscas un pre-entrenamiento que siga funcionando mucho despu\u00e9s de terminar tu rutina, necesitas Possessed de Insane Labz. No solo te da la energ\u00eda necesaria para un entrenamiento intenso, sino que tambi\u00e9n te ayuda a ganar m\u00fasculo despu\u00e9s. Possessed contiene m\u00faltiples ingredientes para prepararte para un entrenamiento exigente. Incluye dos tipos diferentes de cafe\u00edna (citrato y anhidra), L-tirosina, bitartrato de colina y beta-alanina para que te concentres al m\u00e1ximo y mejores tu rendimiento.<\/p>\n<p>Possessed tambi\u00e9n a\u00f1ade creatina y \u00e1cido D-asp\u00e1rtico para aumentar la fuerza y \u200b\u200blos niveles de testosterona, ayud\u00e1ndote a ganar masa muscular y recuperarte m\u00e1s r\u00e1pido. Adem\u00e1s, hemos a\u00f1adido nuestra tecnolog\u00eda patentada AMPiberry y OXYgold para aumentar la absorci\u00f3n y utilizaci\u00f3n de todos los ingredientes, convirti\u00e9ndolo en un suplemento de gran potencia.<\/p>\n<div id=\"attachment_15574\" style=\"width: 310px\" class=\"wp-caption alignnone\"><img fetchpriority=\"high\" decoding=\"async\" aria-describedby=\"caption-attachment-15574\" class=\"size-medium wp-image-15574\" src=\"https:\/\/perfectmass.net\/wp-content\/uploads\/2025\/11\/PossessedStrawberryPina_WebsiteRender-300x300.jpg\" alt=\"Possessed - Pre-Entreno Insane Labz\" width=\"300\" height=\"300\" title=\"\" srcset=\"https:\/\/perfectmass.net\/wp-content\/uploads\/2025\/11\/PossessedStrawberryPina_WebsiteRender-300x300.jpg 300w, https:\/\/perfectmass.net\/wp-content\/uploads\/2025\/11\/PossessedStrawberryPina_WebsiteRender-150x150.jpg 150w, https:\/\/perfectmass.net\/wp-content\/uploads\/2025\/11\/PossessedStrawberryPina_WebsiteRender-445x445.jpg 445w, https:\/\/perfectmass.net\/wp-content\/uploads\/2025\/11\/PossessedStrawberryPina_WebsiteRender-100x100.jpg 100w, https:\/\/perfectmass.net\/wp-content\/uploads\/2025\/11\/PossessedStrawberryPina_WebsiteRender-1x1.jpg 1w, https:\/\/perfectmass.net\/wp-content\/uploads\/2025\/11\/PossessedStrawberryPina_WebsiteRender-10x10.jpg 10w, https:\/\/perfectmass.net\/wp-content\/uploads\/2025\/11\/PossessedStrawberryPina_WebsiteRender.jpg 650w\" sizes=\"(max-width: 300px) 100vw, 300px\" \/><p id=\"caption-attachment-15574\" class=\"wp-caption-text\">Possessed &#8211; Pre-Entreno <a href=\"https:\/\/insanelabz.com\/\" target=\"_blank\" rel=\"noopener\">Insane Labz<\/a><\/p><\/div>\n<p>Visitar <a href=\"http:\/\/PerfectMass.net\" target=\"_blank\" rel=\"noopener\">PerfectMass.net<\/a><\/p>\n","protected":false},"excerpt":{"rendered":"<p>Energ\u00eda y enfoque para entrenar al m\u00e1ximo.<\/p>\n","protected":false},"featured_media":25366,"comment_status":"open","ping_status":"closed","template":"","meta":[],"etheme_brands":[{"term_id":2576,"name":"Insane Labz","slug":"insane-labz","term_group":0,"term_taxonomy_id":2576,"taxonomy":"brand","description":"<strong data-start=\"235\" data-end=\"260\">Insane Labz:<\/strong> es una marca reconocida por su compromiso con la calidad, la innovaci\u00f3n y el rendimiento dentro del mundo de la nutrici\u00f3n deportiva. Sus productos est\u00e1n desarrollados para ayudar a deportistas y personas activas a mejorar su recuperaci\u00f3n, aumentar su energ\u00eda y alcanzar sus objetivos de forma segura y efectiva. En PerfectMassNutrition\u00ae seleccionamos lo mejor de Insane Labz para ofrecerte suplementos confiables, con excelentes ingredientes y resultados comprobados, disponibles para toda Colombia y Latinoam\u00e9rica.","parent":0,"count":32,"filter":"raw"}],"product_brand":[2760],"product_cat":[1522,1523,1524,1534,1548],"product_tag":[1585],"class_list":{"0":"post-25365","1":"product","2":"type-product","3":"status-publish","4":"has-post-thumbnail","6":"brand-insane-labz","7":"product_brand-insane-labz","8":"product_cat-mas-vendidos","9":"product_cat-novedades","10":"product_cat-ofertas","11":"product_cat-pre","12":"product_cat-suplementos","13":"product_tag-suplemento","15":"first","16":"instock","17":"sale","18":"taxable","19":"shipping-taxable","20":"purchasable","21":"product-type-variable","22":"has-default-attributes"},"_links":{"self":[{"href":"https:\/\/perfectmass.net\/co\/wp-json\/wp\/v2\/product\/25365","targetHints":{"allow":["GET"]}}],"collection":[{"href":"https:\/\/perfectmass.net\/co\/wp-json\/wp\/v2\/product"}],"about":[{"href":"https:\/\/perfectmass.net\/co\/wp-json\/wp\/v2\/types\/product"}],"replies":[{"embeddable":true,"href":"https:\/\/perfectmass.net\/co\/wp-json\/wp\/v2\/comments?post=25365"}],"version-history":[{"count":1,"href":"https:\/\/perfectmass.net\/co\/wp-json\/wp\/v2\/product\/25365\/revisions"}],"predecessor-version":[{"id":29865,"href":"https:\/\/perfectmass.net\/co\/wp-json\/wp\/v2\/product\/25365\/revisions\/29865"}],"wp:featuredmedia":[{"embeddable":true,"href":"https:\/\/perfectmass.net\/co\/wp-json\/wp\/v2\/media\/25366"}],"wp:attachment":[{"href":"https:\/\/perfectmass.net\/co\/wp-json\/wp\/v2\/media?parent=25365"}],"wp:term":[{"taxonomy":"brand","embeddable":true,"href":"https:\/\/perfectmass.net\/co\/wp-json\/wp\/v2\/etheme_brands?post=25365"},{"taxonomy":"product_brand","embeddable":true,"href":"https:\/\/perfectmass.net\/co\/wp-json\/wp\/v2\/product_brand?post=25365"},{"taxonomy":"product_cat","embeddable":true,"href":"https:\/\/perfectmass.net\/co\/wp-json\/wp\/v2\/product_cat?post=25365"},{"taxonomy":"product_tag","embeddable":true,"href":"https:\/\/perfectmass.net\/co\/wp-json\/wp\/v2\/product_tag?post=25365"}],"curies":[{"name":"wp","href":"https:\/\/api.w.org\/{rel}","templated":true}]}}