{"id":25341,"date":"2025-11-26T17:53:10","date_gmt":"2025-11-26T22:53:10","guid":{"rendered":"https:\/\/perfectmass.net\/sin%20categor\u00eda\/dymatize-elite-whey\/"},"modified":"2026-05-02T04:41:56","modified_gmt":"2026-05-02T09:41:56","slug":"dymatize-elite-whey","status":"publish","type":"product","link":"https:\/\/perfectmass.net\/co\/nutricion\/proteina\/whey\/dymatize-elite-whey\/","title":{"rendered":"Elite 100% Whey &#8211; Prote\u00edna Dymatize"},"content":{"rendered":"<h2>Elite 100% Whey &#8211; Prote\u00edna Dymatize<\/h2>\n<p>Elite no es un t\u00e9rmino que deba tomarse a la ligera. Piensa en Elite 100% Whey* como tu compa\u00f1ero de entrenamiento. Tu observador. Est\u00e1 ah\u00ed para apoyarte, para que puedas ser mejor que tu mejor nivel.<\/p>\n<p>Cargada con el sabor que anhelas, su prote\u00edna en polvo de r\u00e1pida absorci\u00f3n brinda los resultados que necesitas, cuando los necesitas. M\u00e9zclalo en tu batido favorito antes de un gran entrenamiento. Horn\u00e9elo como refrigerio para obtener un aumento de prote\u00ednas entre comidas durante el d\u00eda.<\/p>\n<p>Obt\u00e9n Elite 100% Whey, a tu manera.<\/p>\n<div id=\"attachment_17654\" style=\"width: 310px\" class=\"wp-caption alignnone\"><img fetchpriority=\"high\" decoding=\"async\" aria-describedby=\"caption-attachment-17654\" class=\"size-medium wp-image-17654\" src=\"https:\/\/perfectmass.net\/wp-content\/uploads\/2025\/11\/Dymatize-Elite-Whey-300x300.webp\" alt=\"Elite 100% Whey - Prote\u00edna Dymatize\" width=\"300\" height=\"300\" title=\"\" srcset=\"https:\/\/perfectmass.net\/wp-content\/uploads\/2025\/11\/Dymatize-Elite-Whey-300x300.webp 300w, https:\/\/perfectmass.net\/wp-content\/uploads\/2025\/11\/Dymatize-Elite-Whey-150x150.webp 150w, https:\/\/perfectmass.net\/wp-content\/uploads\/2025\/11\/Dymatize-Elite-Whey-445x445.webp 445w, https:\/\/perfectmass.net\/wp-content\/uploads\/2025\/11\/Dymatize-Elite-Whey-100x100.webp 100w, https:\/\/perfectmass.net\/wp-content\/uploads\/2025\/11\/Dymatize-Elite-Whey-1x1.webp 1w, https:\/\/perfectmass.net\/wp-content\/uploads\/2025\/11\/Dymatize-Elite-Whey-10x10.webp 10w, https:\/\/perfectmass.net\/wp-content\/uploads\/2025\/11\/Dymatize-Elite-Whey.webp 768w\" sizes=\"(max-width: 300px) 100vw, 300px\" \/><p id=\"caption-attachment-17654\" class=\"wp-caption-text\">Elite 100% Whey &#8211; Prote\u00edna <a href=\"https:\/\/dymatize.com\/\" target=\"_blank\" rel=\"noopener\">Dymatize<\/a><\/p><\/div>\n<p>Visitar <a href=\"http:\/\/Perfectmass.net\" target=\"_blank\" rel=\"noopener\">Perfectmass.net<\/a><\/p>\n","protected":false},"excerpt":{"rendered":"<p>Prote\u00edna de alta calidad<\/p>\n","protected":false},"featured_media":25343,"comment_status":"open","ping_status":"closed","template":"","meta":[],"etheme_brands":[{"term_id":2535,"name":"Dymatize","slug":"dymatize","term_group":0,"term_taxonomy_id":2535,"taxonomy":"brand","description":"<strong data-start=\"235\" data-end=\"260\">Dymatize:<\/strong> es una marca reconocida por su compromiso con la calidad, la innovaci\u00f3n y el rendimiento dentro del mundo de la nutrici\u00f3n deportiva. Sus productos est\u00e1n desarrollados para ayudar a deportistas y personas activas a mejorar su recuperaci\u00f3n, aumentar su energ\u00eda y alcanzar sus objetivos de forma segura y efectiva. En PerfectMassNutrition\u00ae seleccionamos lo mejor de Dymatize para ofrecerte suplementos confiables, con excelentes ingredientes y resultados comprobados, disponibles para toda Colombia y Latinoam\u00e9rica.","parent":0,"count":4,"filter":"raw"}],"product_brand":[2679],"product_cat":[3645],"product_tag":[1567],"class_list":{"0":"post-25341","1":"product","2":"type-product","3":"status-publish","4":"has-post-thumbnail","6":"brand-dymatize","7":"product_brand-dymatize","8":"product_cat-whey","9":"product_tag-ganar-masa","11":"first","12":"instock","13":"sale","14":"taxable","15":"shipping-taxable","16":"purchasable","17":"product-type-variable"},"_links":{"self":[{"href":"https:\/\/perfectmass.net\/co\/wp-json\/wp\/v2\/product\/25341","targetHints":{"allow":["GET"]}}],"collection":[{"href":"https:\/\/perfectmass.net\/co\/wp-json\/wp\/v2\/product"}],"about":[{"href":"https:\/\/perfectmass.net\/co\/wp-json\/wp\/v2\/types\/product"}],"replies":[{"embeddable":true,"href":"https:\/\/perfectmass.net\/co\/wp-json\/wp\/v2\/comments?post=25341"}],"version-history":[{"count":1,"href":"https:\/\/perfectmass.net\/co\/wp-json\/wp\/v2\/product\/25341\/revisions"}],"predecessor-version":[{"id":29847,"href":"https:\/\/perfectmass.net\/co\/wp-json\/wp\/v2\/product\/25341\/revisions\/29847"}],"wp:featuredmedia":[{"embeddable":true,"href":"https:\/\/perfectmass.net\/co\/wp-json\/wp\/v2\/media\/25343"}],"wp:attachment":[{"href":"https:\/\/perfectmass.net\/co\/wp-json\/wp\/v2\/media?parent=25341"}],"wp:term":[{"taxonomy":"brand","embeddable":true,"href":"https:\/\/perfectmass.net\/co\/wp-json\/wp\/v2\/etheme_brands?post=25341"},{"taxonomy":"product_brand","embeddable":true,"href":"https:\/\/perfectmass.net\/co\/wp-json\/wp\/v2\/product_brand?post=25341"},{"taxonomy":"product_cat","embeddable":true,"href":"https:\/\/perfectmass.net\/co\/wp-json\/wp\/v2\/product_cat?post=25341"},{"taxonomy":"product_tag","embeddable":true,"href":"https:\/\/perfectmass.net\/co\/wp-json\/wp\/v2\/product_tag?post=25341"}],"curies":[{"name":"wp","href":"https:\/\/api.w.org\/{rel}","templated":true}]}}