{"id":25319,"date":"2025-11-26T17:53:11","date_gmt":"2025-11-26T22:53:11","guid":{"rendered":"https:\/\/perfectmass.net\/sin%20categor\u00eda\/musclemeds-creatine-decanate\/"},"modified":"2026-05-02T04:41:49","modified_gmt":"2026-05-02T09:41:49","slug":"musclemeds-creatine-decanate","status":"publish","type":"product","link":"https:\/\/perfectmass.net\/co\/creatina-monohidratada\/musclemeds-creatine-decanate\/","title":{"rendered":"Creatine Decanate &#8211; MuscleMeds"},"content":{"rendered":"<p>UNIVERSAL CREATINE es creatina monohidrato pura para aumentar fuerza y masa muscular. La creatina es el suplemento m\u00e1s estudiado y efectivo para mejorar el rendimiento f\u00edsico. Presentaci\u00f3n: 200 SERVICIOS.<\/p>\n","protected":false},"excerpt":{"rendered":"<p>Creatina monohidrato<\/p>\n","protected":false},"featured_media":25320,"comment_status":"open","ping_status":"closed","template":"","meta":[],"etheme_brands":[{"term_id":2596,"name":"MuscleMeds","slug":"musclemeds","term_group":0,"term_taxonomy_id":2596,"taxonomy":"brand","description":"<strong data-start=\"235\" data-end=\"260\">MuscleMeds:<\/strong> es una marca reconocida por su compromiso con la calidad, la innovaci\u00f3n y el rendimiento dentro del mundo de la nutrici\u00f3n deportiva. Sus productos est\u00e1n desarrollados para ayudar a deportistas y personas activas a mejorar su recuperaci\u00f3n, aumentar su energ\u00eda y alcanzar sus objetivos de forma segura y efectiva. En PerfectMassNutrition\u00ae seleccionamos lo mejor de MuscleMeds para ofrecerte suplementos confiables, con excelentes ingredientes y resultados comprobados, disponibles para toda Colombia y Latinoam\u00e9rica.","parent":0,"count":11,"filter":"raw"}],"product_brand":[2699],"product_cat":[3758],"product_tag":[1566],"class_list":{"0":"post-25319","1":"product","2":"type-product","3":"status-publish","4":"has-post-thumbnail","6":"brand-musclemeds","7":"product_brand-musclemeds","8":"product_cat-creatina-monohidratada","9":"product_tag-fuerza","11":"first","12":"instock","13":"sale","14":"taxable","15":"shipping-taxable","16":"purchasable","17":"product-type-variable","18":"has-default-attributes"},"_links":{"self":[{"href":"https:\/\/perfectmass.net\/co\/wp-json\/wp\/v2\/product\/25319","targetHints":{"allow":["GET"]}}],"collection":[{"href":"https:\/\/perfectmass.net\/co\/wp-json\/wp\/v2\/product"}],"about":[{"href":"https:\/\/perfectmass.net\/co\/wp-json\/wp\/v2\/types\/product"}],"replies":[{"embeddable":true,"href":"https:\/\/perfectmass.net\/co\/wp-json\/wp\/v2\/comments?post=25319"}],"version-history":[{"count":1,"href":"https:\/\/perfectmass.net\/co\/wp-json\/wp\/v2\/product\/25319\/revisions"}],"predecessor-version":[{"id":29823,"href":"https:\/\/perfectmass.net\/co\/wp-json\/wp\/v2\/product\/25319\/revisions\/29823"}],"wp:featuredmedia":[{"embeddable":true,"href":"https:\/\/perfectmass.net\/co\/wp-json\/wp\/v2\/media\/25320"}],"wp:attachment":[{"href":"https:\/\/perfectmass.net\/co\/wp-json\/wp\/v2\/media?parent=25319"}],"wp:term":[{"taxonomy":"brand","embeddable":true,"href":"https:\/\/perfectmass.net\/co\/wp-json\/wp\/v2\/etheme_brands?post=25319"},{"taxonomy":"product_brand","embeddable":true,"href":"https:\/\/perfectmass.net\/co\/wp-json\/wp\/v2\/product_brand?post=25319"},{"taxonomy":"product_cat","embeddable":true,"href":"https:\/\/perfectmass.net\/co\/wp-json\/wp\/v2\/product_cat?post=25319"},{"taxonomy":"product_tag","embeddable":true,"href":"https:\/\/perfectmass.net\/co\/wp-json\/wp\/v2\/product_tag?post=25319"}],"curies":[{"name":"wp","href":"https:\/\/api.w.org\/{rel}","templated":true}]}}