{"id":25297,"date":"2025-11-26T17:53:11","date_gmt":"2025-11-26T22:53:11","guid":{"rendered":"https:\/\/perfectmass.net\/sin%20categor\u00eda\/dymatize-super-mass-gainer\/"},"modified":"2026-04-23T13:10:42","modified_gmt":"2026-04-23T18:10:42","slug":"dymatize-super-mass-gainer","status":"publish","type":"product","link":"https:\/\/perfectmass.net\/co\/nutricion\/suplementos\/dymatize-super-mass-gainer\/","title":{"rendered":"Super Mass Gainer &#8211; Dymatize"},"content":{"rendered":"<h2>Super Mass Gainer &#8211; Dymatize<\/h2>\n<p class=\"aplus-p2 aplus-module-1-description\">Dymatize SUPER MASS GAINER es un ganador de masa de alta calidad que est\u00e1 dise\u00f1ado para satisfacer las necesidades especiales y la ingesta suficiente de calor\u00edas de los culturistas, levantadores de pesas y hardgainers en la fase de aumento de volumen.<\/p>\n<p class=\"aplus-p2 aplus-module-1-description\">Con nuestra &#8220;F\u00f3rmula POWERHOUSE&#8221; hemos desarrollado una matriz especial que le proporciona una combinaci\u00f3n masiva de creatina, carbohidratos y prote\u00ednas para satisfacer las necesidades especiales de su fase de aumento de masa.<\/p>\n<p class=\"aplus-p2 aplus-module-1-description\"><span class=\"a-text-bold\">Dymatize utiliza creatina monohidrato pura y de alta calidad de Creapure.<\/span><\/p>\n<p class=\"aplus-p2 aplus-module-1-description\"><span class=\"a-text-bold\">Una ingesta diaria de 3 g de creatina aumenta el rendimiento f\u00edsico durante el entrenamiento de fuerza a alta velocidad como parte de una actividad f\u00edsica intensiva de corta duraci\u00f3n.<\/span><\/p>\n<p class=\"aplus-p2 aplus-module-1-description\">Las<span class=\"a-text-bold\">\u00a05 vitaminas<\/span> que contiene (vitamina C, niacina, \u00e1cido pantot\u00e9nico, vitamina B6 y folato) contribuyen a reducir el cansancio y la fatiga, mientras que las prote\u00ednas favorecen tanto el crecimiento como el mantenimiento de la masa muscular.<\/p>\n<h3 class=\"aplus-h1 aplus-module-1-heading a-text-bold\">RECOMENDACI\u00d3N DE CONSUMO<\/h3>\n<p class=\"aplus-p2 aplus-module-1-description\"><span class=\"a-text-bold\">Preparaci\u00f3n (1 porci\u00f3n):<\/span><\/p>\n<ul class=\"a-unordered-list a-vertical\">\n<li><span class=\"a-list-item\"><span class=\"a-text-bold\">Rich Chocolate:\u00a0<\/span>Mezcle 321 g de polvo (aprox. 3 cucharas dosificadoras &#8211; incluidas) en 700 ml de agua y mezcle bien.<\/span><\/li>\n<li><span class=\"a-list-item\"><span class=\"a-text-bold\">Gourmet Vanilla, Strawberry, Cookies &amp; Cream, Banana Smoothie:<\/span> Mezcle 327 g de polvo (aprox. 3 cucharas dosificadoras incluidas) en 700 ml de agua y mezcle bien.\u00a0<\/span><\/li>\n<\/ul>\n<div id=\"attachment_17651\" style=\"width: 310px\" class=\"wp-caption alignnone\"><img fetchpriority=\"high\" decoding=\"async\" aria-describedby=\"caption-attachment-17651\" class=\"size-medium wp-image-17651\" src=\"https:\/\/perfectmass.net\/wp-content\/uploads\/2025\/11\/Dymatize-Super-Mass-Gainer-300x300.webp\" alt=\"Super Mass Gainer - Dymatize\" width=\"300\" height=\"300\" title=\"\" srcset=\"https:\/\/perfectmass.net\/wp-content\/uploads\/2025\/11\/Dymatize-Super-Mass-Gainer-300x300.webp 300w, https:\/\/perfectmass.net\/wp-content\/uploads\/2025\/11\/Dymatize-Super-Mass-Gainer-150x150.webp 150w, https:\/\/perfectmass.net\/wp-content\/uploads\/2025\/11\/Dymatize-Super-Mass-Gainer-445x445.webp 445w, https:\/\/perfectmass.net\/wp-content\/uploads\/2025\/11\/Dymatize-Super-Mass-Gainer-100x100.webp 100w, https:\/\/perfectmass.net\/wp-content\/uploads\/2025\/11\/Dymatize-Super-Mass-Gainer-1x1.webp 1w, https:\/\/perfectmass.net\/wp-content\/uploads\/2025\/11\/Dymatize-Super-Mass-Gainer-10x10.webp 10w, https:\/\/perfectmass.net\/wp-content\/uploads\/2025\/11\/Dymatize-Super-Mass-Gainer.webp 768w\" sizes=\"(max-width: 300px) 100vw, 300px\" \/><p id=\"caption-attachment-17651\" class=\"wp-caption-text\">Super Mass Gainer &#8211; <a href=\"http:\/\/dymatize.com\" target=\"_blank\" rel=\"noopener\">Dymatize<\/a><\/p><\/div>\n<p>Visitar <a href=\"http:\/\/PerfectMass.net\" target=\"_blank\" rel=\"noopener\">PerfectMass.net<\/a><\/p>\n","protected":false},"excerpt":{"rendered":"<p>Ganador de masa muscular<\/p>\n","protected":false},"featured_media":25299,"comment_status":"open","ping_status":"closed","template":"","meta":[],"etheme_brands":[{"term_id":2535,"name":"Dymatize","slug":"dymatize","term_group":0,"term_taxonomy_id":2535,"taxonomy":"brand","description":"<strong data-start=\"235\" data-end=\"260\">Dymatize:<\/strong> es una marca reconocida por su compromiso con la calidad, la innovaci\u00f3n y el rendimiento dentro del mundo de la nutrici\u00f3n deportiva. Sus productos est\u00e1n desarrollados para ayudar a deportistas y personas activas a mejorar su recuperaci\u00f3n, aumentar su energ\u00eda y alcanzar sus objetivos de forma segura y efectiva. En PerfectMassNutrition\u00ae seleccionamos lo mejor de Dymatize para ofrecerte suplementos confiables, con excelentes ingredientes y resultados comprobados, disponibles para toda Colombia y Latinoam\u00e9rica.","parent":0,"count":3,"filter":"raw"}],"product_brand":[2679],"product_cat":[1499,1548],"product_tag":[1567],"class_list":{"0":"post-25297","1":"product","2":"type-product","3":"status-publish","4":"has-post-thumbnail","6":"brand-dymatize","7":"product_brand-dymatize","8":"product_cat-nutricion","9":"product_cat-suplementos","10":"product_tag-ganar-masa","12":"first","13":"instock","14":"sale","15":"taxable","16":"shipping-taxable","17":"purchasable","18":"product-type-variable"},"_links":{"self":[{"href":"https:\/\/perfectmass.net\/co\/wp-json\/wp\/v2\/product\/25297","targetHints":{"allow":["GET"]}}],"collection":[{"href":"https:\/\/perfectmass.net\/co\/wp-json\/wp\/v2\/product"}],"about":[{"href":"https:\/\/perfectmass.net\/co\/wp-json\/wp\/v2\/types\/product"}],"replies":[{"embeddable":true,"href":"https:\/\/perfectmass.net\/co\/wp-json\/wp\/v2\/comments?post=25297"}],"version-history":[{"count":1,"href":"https:\/\/perfectmass.net\/co\/wp-json\/wp\/v2\/product\/25297\/revisions"}],"predecessor-version":[{"id":29812,"href":"https:\/\/perfectmass.net\/co\/wp-json\/wp\/v2\/product\/25297\/revisions\/29812"}],"wp:featuredmedia":[{"embeddable":true,"href":"https:\/\/perfectmass.net\/co\/wp-json\/wp\/v2\/media\/25299"}],"wp:attachment":[{"href":"https:\/\/perfectmass.net\/co\/wp-json\/wp\/v2\/media?parent=25297"}],"wp:term":[{"taxonomy":"brand","embeddable":true,"href":"https:\/\/perfectmass.net\/co\/wp-json\/wp\/v2\/etheme_brands?post=25297"},{"taxonomy":"product_brand","embeddable":true,"href":"https:\/\/perfectmass.net\/co\/wp-json\/wp\/v2\/product_brand?post=25297"},{"taxonomy":"product_cat","embeddable":true,"href":"https:\/\/perfectmass.net\/co\/wp-json\/wp\/v2\/product_cat?post=25297"},{"taxonomy":"product_tag","embeddable":true,"href":"https:\/\/perfectmass.net\/co\/wp-json\/wp\/v2\/product_tag?post=25297"}],"curies":[{"name":"wp","href":"https:\/\/api.w.org\/{rel}","templated":true}]}}