{"id":25237,"date":"2025-11-26T17:53:23","date_gmt":"2025-11-26T22:53:23","guid":{"rendered":"https:\/\/perfectmass.net\/sin%20categor\u00eda\/optimum-nutrition-opti-men\/"},"modified":"2026-05-02T04:41:27","modified_gmt":"2026-05-02T09:41:27","slug":"optimum-nutrition-opti-men","status":"publish","type":"product","link":"https:\/\/perfectmass.net\/co\/nutricion\/suplementos\/optimum-nutrition-opti-men\/","title":{"rendered":"Opti-Men &#8211; Optimum Nutrition"},"content":{"rendered":"<p><strong>Opti-Men &#8211; Optimum Nutrition<\/strong><\/p>\n<p>Opti-Men<\/p>\n<p>F\u00f3rmula de vitaminas y minerales para cubrir necesidades nutricionales diarias y apoyar el bienestar general.<\/p>\n","protected":false},"excerpt":{"rendered":"<p>Suplemento vitam\u00ednico para bienestar general y soporte nutricional.<\/p>\n","protected":false},"featured_media":25239,"comment_status":"open","ping_status":"closed","template":"","meta":[],"etheme_brands":[{"term_id":2611,"name":"Optimum Nutrition","slug":"optimum-nutrition","term_group":0,"term_taxonomy_id":2611,"taxonomy":"brand","description":"<strong data-start=\"235\" data-end=\"260\">Optimum Nutrition:<\/strong> es una marca reconocida por su compromiso con la calidad, la innovaci\u00f3n y el rendimiento dentro del mundo de la nutrici\u00f3n deportiva. Sus productos est\u00e1n desarrollados para ayudar a deportistas y personas activas a mejorar su recuperaci\u00f3n, aumentar su energ\u00eda y alcanzar sus objetivos de forma segura y efectiva. En PerfectMassNutrition\u00ae seleccionamos lo mejor de Optimum Nutrition para ofrecerte suplementos confiables, con excelentes ingredientes y resultados comprobados, disponibles para toda Colombia y Latinoam\u00e9rica.","parent":0,"count":9,"filter":"raw"}],"product_brand":[2713],"product_cat":[3628],"product_tag":[1585],"class_list":{"0":"post-25237","1":"product","2":"type-product","3":"status-publish","4":"has-post-thumbnail","6":"brand-optimum-nutrition","7":"product_brand-optimum-nutrition","8":"product_cat-suplementos","9":"product_tag-suplemento","11":"first","12":"instock","13":"sale","14":"taxable","15":"shipping-taxable","16":"purchasable","17":"product-type-variable","18":"has-default-attributes"},"_links":{"self":[{"href":"https:\/\/perfectmass.net\/co\/wp-json\/wp\/v2\/product\/25237","targetHints":{"allow":["GET"]}}],"collection":[{"href":"https:\/\/perfectmass.net\/co\/wp-json\/wp\/v2\/product"}],"about":[{"href":"https:\/\/perfectmass.net\/co\/wp-json\/wp\/v2\/types\/product"}],"replies":[{"embeddable":true,"href":"https:\/\/perfectmass.net\/co\/wp-json\/wp\/v2\/comments?post=25237"}],"version-history":[{"count":1,"href":"https:\/\/perfectmass.net\/co\/wp-json\/wp\/v2\/product\/25237\/revisions"}],"predecessor-version":[{"id":29766,"href":"https:\/\/perfectmass.net\/co\/wp-json\/wp\/v2\/product\/25237\/revisions\/29766"}],"wp:featuredmedia":[{"embeddable":true,"href":"https:\/\/perfectmass.net\/co\/wp-json\/wp\/v2\/media\/25239"}],"wp:attachment":[{"href":"https:\/\/perfectmass.net\/co\/wp-json\/wp\/v2\/media?parent=25237"}],"wp:term":[{"taxonomy":"brand","embeddable":true,"href":"https:\/\/perfectmass.net\/co\/wp-json\/wp\/v2\/etheme_brands?post=25237"},{"taxonomy":"product_brand","embeddable":true,"href":"https:\/\/perfectmass.net\/co\/wp-json\/wp\/v2\/product_brand?post=25237"},{"taxonomy":"product_cat","embeddable":true,"href":"https:\/\/perfectmass.net\/co\/wp-json\/wp\/v2\/product_cat?post=25237"},{"taxonomy":"product_tag","embeddable":true,"href":"https:\/\/perfectmass.net\/co\/wp-json\/wp\/v2\/product_tag?post=25237"}],"curies":[{"name":"wp","href":"https:\/\/api.w.org\/{rel}","templated":true}]}}