{"id":25163,"date":"2025-11-26T17:53:24","date_gmt":"2025-11-26T22:53:24","guid":{"rendered":"https:\/\/perfectmass.net\/sin%20categor\u00eda\/shield-fibra-proscience\/"},"modified":"2026-04-23T13:10:19","modified_gmt":"2026-04-23T18:10:19","slug":"shield-fibra-proscience","status":"publish","type":"product","link":"https:\/\/perfectmass.net\/co\/sin categor\u00eda\/shield-fibra-proscience\/","title":{"rendered":"Shield &#8211; Fibra Proscience"},"content":{"rendered":"<h2>Shield &#8211; Fibra Proscience<\/h2>\n<p><strong>Shield &#8211; Fibra Proscience <\/strong>es una mezcla de verduras trituradas que aportan fibra.<\/p>\n<p>La fibra es importante para el sistema gastrointestinal y se puede obtener de fuentes vegetales naturales que constan de una o un n\u00famero limitado de fibras (por ejemplo, alginato o psyllium), alimentos individuales que contienen un n\u00famero limitado de fibras naturales que son intr\u00ednsecas e intactas en las c\u00e9lulas vegetales (como ciruelas pasas o cereales integrales), y dietas ricas en fibra que consisten en una amplia gama de diferentes fibras naturales de una amplia gama de Comidas diferentes.<\/p>\n<p>El consumo de fibra tiene asociaciones importantes en la prevenci\u00f3n \u00a0y manejo de diversas enfermedades y con la mortalidad. Por ejemplo, en 2015, el Comit\u00e9 Asesor Cient\u00edfico sobre Nutrici\u00f3n (SACN) 3 en el Reino Unido realiz\u00f3 metan\u00e1lisis de estudios epidemiol\u00f3gicos de la fibra en la prevenci\u00f3n de enfermedades y mostr\u00f3 que por cada aumento en la ingesta de fibra diet\u00e9tica de los alimentos de 7 g por d\u00eda hubo una reducci\u00f3n estad\u00edsticamente significativa del riesgo de enfermedad cardiovascular, accidente cerebrovascular hemorr\u00e1gico m\u00e1s isqu\u00e9mico, c\u00e1ncer colorrectal, c\u00e1ncer de recto y diabetes<\/p>\n<p>Por lo anterior; aunque la fibra la podr\u00edamos obtener consumiendo frutas, verduras, leguminosas entre otras; la mayor\u00eda de personas no logran consumir una buena cantidad de fibra; recomendamos 2 copas de shield (preferiblemente licuar) y una muy buena recomendaci\u00f3n es mezclar SHIELD con THE ONE es excelente opci\u00f3n y tiene delicioso sabor.<\/p>\n<div id=\"attachment_22112\" style=\"width: 310px\" class=\"wp-caption alignnone\"><img fetchpriority=\"high\" decoding=\"async\" aria-describedby=\"caption-attachment-22112\" class=\"size-medium wp-image-22112\" src=\"https:\/\/perfectmass.net\/wp-content\/uploads\/2025\/11\/SHIELD-2-300x300.webp\" alt=\"Shield - Fibra Proscience\" width=\"300\" height=\"300\" title=\"\" srcset=\"https:\/\/perfectmass.net\/wp-content\/uploads\/2025\/11\/SHIELD-2-300x300.webp 300w, https:\/\/perfectmass.net\/wp-content\/uploads\/2025\/11\/SHIELD-2-150x150.webp 150w, https:\/\/perfectmass.net\/wp-content\/uploads\/2025\/11\/SHIELD-2-445x445.webp 445w, https:\/\/perfectmass.net\/wp-content\/uploads\/2025\/11\/SHIELD-2-100x100.webp 100w, https:\/\/perfectmass.net\/wp-content\/uploads\/2025\/11\/SHIELD-2-1x1.webp 1w, https:\/\/perfectmass.net\/wp-content\/uploads\/2025\/11\/SHIELD-2-10x10.webp 10w, https:\/\/perfectmass.net\/wp-content\/uploads\/2025\/11\/SHIELD-2.webp 600w\" sizes=\"(max-width: 300px) 100vw, 300px\" \/><p id=\"caption-attachment-22112\" class=\"wp-caption-text\">Shield &#8211; Fibra <a href=\"https:\/\/proscience.com.co\/\" target=\"_blank\" rel=\"noopener\">Proscience<\/a><\/p><\/div>\n<p>Visitar <a href=\"http:\/\/PerfectMass.net\" target=\"_blank\" rel=\"noopener\">PerfectMass.net<\/a><\/p>\n","protected":false},"excerpt":{"rendered":"<p>Soporte diario para complementar tu nutrici\u00f3n deportiva.<\/p>\n","protected":false},"featured_media":25165,"comment_status":"open","ping_status":"closed","template":"","meta":[],"etheme_brands":[{"term_id":2617,"name":"Proscience","slug":"proscience","term_group":0,"term_taxonomy_id":2617,"taxonomy":"brand","description":"<strong data-start=\"235\" data-end=\"260\">Proscience:<\/strong> es una marca reconocida por su compromiso con la calidad, la innovaci\u00f3n y el rendimiento dentro del mundo de la nutrici\u00f3n deportiva. Sus productos est\u00e1n desarrollados para ayudar a deportistas y personas activas a mejorar su recuperaci\u00f3n, aumentar su energ\u00eda y alcanzar sus objetivos de forma segura y efectiva. En PerfectMassNutrition\u00ae seleccionamos lo mejor de Proscience para ofrecerte suplementos confiables, con excelentes ingredientes y resultados comprobados, disponibles para toda Colombia y Latinoam\u00e9rica.","parent":0,"count":25,"filter":"raw"}],"product_brand":[2718],"product_cat":[],"product_tag":[1585],"class_list":{"0":"post-25163","1":"product","2":"type-product","3":"status-publish","4":"has-post-thumbnail","6":"brand-proscience","7":"product_brand-proscience","8":"product_tag-suplemento","10":"first","11":"instock","12":"sale","13":"taxable","14":"shipping-taxable","15":"purchasable","16":"product-type-variable","17":"has-default-attributes"},"_links":{"self":[{"href":"https:\/\/perfectmass.net\/co\/wp-json\/wp\/v2\/product\/25163","targetHints":{"allow":["GET"]}}],"collection":[{"href":"https:\/\/perfectmass.net\/co\/wp-json\/wp\/v2\/product"}],"about":[{"href":"https:\/\/perfectmass.net\/co\/wp-json\/wp\/v2\/types\/product"}],"replies":[{"embeddable":true,"href":"https:\/\/perfectmass.net\/co\/wp-json\/wp\/v2\/comments?post=25163"}],"version-history":[{"count":1,"href":"https:\/\/perfectmass.net\/co\/wp-json\/wp\/v2\/product\/25163\/revisions"}],"predecessor-version":[{"id":29730,"href":"https:\/\/perfectmass.net\/co\/wp-json\/wp\/v2\/product\/25163\/revisions\/29730"}],"wp:featuredmedia":[{"embeddable":true,"href":"https:\/\/perfectmass.net\/co\/wp-json\/wp\/v2\/media\/25165"}],"wp:attachment":[{"href":"https:\/\/perfectmass.net\/co\/wp-json\/wp\/v2\/media?parent=25163"}],"wp:term":[{"taxonomy":"brand","embeddable":true,"href":"https:\/\/perfectmass.net\/co\/wp-json\/wp\/v2\/etheme_brands?post=25163"},{"taxonomy":"product_brand","embeddable":true,"href":"https:\/\/perfectmass.net\/co\/wp-json\/wp\/v2\/product_brand?post=25163"},{"taxonomy":"product_cat","embeddable":true,"href":"https:\/\/perfectmass.net\/co\/wp-json\/wp\/v2\/product_cat?post=25163"},{"taxonomy":"product_tag","embeddable":true,"href":"https:\/\/perfectmass.net\/co\/wp-json\/wp\/v2\/product_tag?post=25163"}],"curies":[{"name":"wp","href":"https:\/\/api.w.org\/{rel}","templated":true}]}}