{"id":25093,"date":"2025-11-26T17:53:26","date_gmt":"2025-11-26T22:53:26","guid":{"rendered":"https:\/\/perfectmass.net\/sin%20categor\u00eda\/combo-microdosis-fit-mafia\/"},"modified":"2026-05-02T04:40:52","modified_gmt":"2026-05-02T09:40:52","slug":"combo-microdosis-fit-mafia","status":"publish","type":"product","link":"https:\/\/perfectmass.net\/co\/nutricion\/accesorios\/combo-microdosis-fit-mafia\/","title":{"rendered":"Combo Microdosis &#8211; Fit Mafia"},"content":{"rendered":"<h2>Combo Microdosis &#8211; Fit Mafia<\/h2>\n<p>LEGEND es la combinaci\u00f3n de Polidextrosa y \u00c1cido \u03b1 -Metil Guanido-Ac\u00e9tico, m\u00e1s conocido como Creatina; en esta presentaci\u00f3n nuestro monohidrato de creatina contiene la mol\u00e9cula original del laboratorio CREAPURE\u00ae a raz\u00f3n de 5g por servicio. (Natural, Fruit Punch)<\/p>\n<p>Contenido elevado en cafe\u00edna (5 mg\/100 mL).<br \/>\nNo se recomienda el consumo de bebidas energizantes con bebidas alcoh\u00f3licas.<br \/>\nNo recomendado para personas sensibles a la cafe\u00edna.<br \/>\nEste producto solo podr\u00e1 ser comercializado, expendido y dirigido a poblaci\u00f3n mayor de 14 a\u00f1os.<\/p>\n<p>Shaker Pr\u00e1ctico vaso de 21 onzas para almacenar y transportar bebidas, incluye dos compartimientos el medio con capacidad de 4,4 onzas y el inferior de7 onzas, para almacenar frutos, cereal u otros alimentos, rejilla para verter frutas u otros saborizantes en el l\u00edquido, sin que estos lleguen a la boquilla.<\/p>\n<p>Elaborado en materiales de alta resistencia con selle herm\u00e9tico que permiten una mezcla \u00f3ptima de las bebidas.<\/p>\n<p>Recomendaciones de Uso<br \/>\n\u2013 Lave el producto antes de usarlo con una esponja suave y abundante agua y jab\u00f3n.<\/p>\n<p>\u2013 No lavar con esponja ni jabones abrasivos, para evitar rayones.<\/p>\n<p>\u2013 No apto para lava vajillas autom\u00e1tico.<\/p>\n<p>\u2013 Apto para verter l\u00edquidos con temperatura hasta los 80\u00b0 C.<\/p>\n<p>\u2013 No apto para microondas.<\/p>\n<p>\u2013 Apto para refrigerador con una temperatura m\u00ednima que oscile entre los 2\u00b0 C y los 5\u00b0 C (temperatura promedio de refrigeradores para hogar).<\/p>\n<p>\u2013 No apto para congelador.<\/p>\n<p>\u2013 No hervir el producto.<\/p>\n<p>\u2013 Mantener alejado del fuego y de altas temperaturas (riesgo de deformaci\u00f3n).<\/p>\n<div id=\"attachment_15323\" style=\"width: 310px\" class=\"wp-caption alignnone\"><img fetchpriority=\"high\" decoding=\"async\" aria-describedby=\"caption-attachment-15323\" class=\"size-medium wp-image-15323\" src=\"https:\/\/perfectmass.net\/wp-content\/uploads\/2025\/11\/SHAKER-LEGEND-15-SACHETS-300x300.jpg\" alt=\"Combo Microdosis - Fit Mafia\" width=\"300\" height=\"300\" title=\"\" srcset=\"https:\/\/perfectmass.net\/wp-content\/uploads\/2025\/11\/SHAKER-LEGEND-15-SACHETS-300x300.jpg 300w, https:\/\/perfectmass.net\/wp-content\/uploads\/2025\/11\/SHAKER-LEGEND-15-SACHETS-150x150.jpg 150w, https:\/\/perfectmass.net\/wp-content\/uploads\/2025\/11\/SHAKER-LEGEND-15-SACHETS-768x768.jpg 768w, https:\/\/perfectmass.net\/wp-content\/uploads\/2025\/11\/SHAKER-LEGEND-15-SACHETS-445x445.jpg 445w, https:\/\/perfectmass.net\/wp-content\/uploads\/2025\/11\/SHAKER-LEGEND-15-SACHETS-100x100.jpg 100w, https:\/\/perfectmass.net\/wp-content\/uploads\/2025\/11\/SHAKER-LEGEND-15-SACHETS-1x1.jpg 1w, https:\/\/perfectmass.net\/wp-content\/uploads\/2025\/11\/SHAKER-LEGEND-15-SACHETS-10x10.jpg 10w, https:\/\/perfectmass.net\/wp-content\/uploads\/2025\/11\/SHAKER-LEGEND-15-SACHETS.jpg 1000w\" sizes=\"(max-width: 300px) 100vw, 300px\" \/><p id=\"caption-attachment-15323\" class=\"wp-caption-text\">Combo Microdosis &#8211; <a href=\"https:\/\/fitmafiasupps.com\/\" target=\"_blank\" rel=\"noopener\">Fit Mafia<\/a><\/p><\/div>\n<p>Visitar <a href=\"http:\/\/PerfectMass.net\" target=\"_blank\" rel=\"noopener\">PerfectMass.net<\/a><\/p>\n","protected":false},"excerpt":{"rendered":"<p>Accesorio para suplementos<\/p>\n","protected":false},"featured_media":25094,"comment_status":"open","ping_status":"closed","template":"","meta":[],"etheme_brands":[{"term_id":2545,"name":"Fit Mafia","slug":"fit-mafia","term_group":0,"term_taxonomy_id":2545,"taxonomy":"brand","description":"","parent":0,"count":4,"filter":"raw"}],"product_brand":[2696],"product_cat":[3627],"product_tag":[1585],"class_list":{"0":"post-25093","1":"product","2":"type-product","3":"status-publish","4":"has-post-thumbnail","6":"brand-fit-mafia","7":"product_brand-fit-mafia","8":"product_cat-accesorios","9":"product_tag-suplemento","11":"first","12":"instock","13":"sale","14":"taxable","15":"shipping-taxable","16":"purchasable","17":"product-type-variable"},"_links":{"self":[{"href":"https:\/\/perfectmass.net\/co\/wp-json\/wp\/v2\/product\/25093","targetHints":{"allow":["GET"]}}],"collection":[{"href":"https:\/\/perfectmass.net\/co\/wp-json\/wp\/v2\/product"}],"about":[{"href":"https:\/\/perfectmass.net\/co\/wp-json\/wp\/v2\/types\/product"}],"replies":[{"embeddable":true,"href":"https:\/\/perfectmass.net\/co\/wp-json\/wp\/v2\/comments?post=25093"}],"version-history":[{"count":1,"href":"https:\/\/perfectmass.net\/co\/wp-json\/wp\/v2\/product\/25093\/revisions"}],"predecessor-version":[{"id":29666,"href":"https:\/\/perfectmass.net\/co\/wp-json\/wp\/v2\/product\/25093\/revisions\/29666"}],"wp:featuredmedia":[{"embeddable":true,"href":"https:\/\/perfectmass.net\/co\/wp-json\/wp\/v2\/media\/25094"}],"wp:attachment":[{"href":"https:\/\/perfectmass.net\/co\/wp-json\/wp\/v2\/media?parent=25093"}],"wp:term":[{"taxonomy":"brand","embeddable":true,"href":"https:\/\/perfectmass.net\/co\/wp-json\/wp\/v2\/etheme_brands?post=25093"},{"taxonomy":"product_brand","embeddable":true,"href":"https:\/\/perfectmass.net\/co\/wp-json\/wp\/v2\/product_brand?post=25093"},{"taxonomy":"product_cat","embeddable":true,"href":"https:\/\/perfectmass.net\/co\/wp-json\/wp\/v2\/product_cat?post=25093"},{"taxonomy":"product_tag","embeddable":true,"href":"https:\/\/perfectmass.net\/co\/wp-json\/wp\/v2\/product_tag?post=25093"}],"curies":[{"name":"wp","href":"https:\/\/api.w.org\/{rel}","templated":true}]}}