{"id":25029,"date":"2025-11-26T17:53:27","date_gmt":"2025-11-26T22:53:27","guid":{"rendered":"https:\/\/perfectmass.net\/sin%20categor\u00eda\/smart-muscle-alpha-bcaa\/"},"modified":"2026-04-23T13:09:46","modified_gmt":"2026-04-23T18:09:46","slug":"smart-muscle-alpha-bcaa","status":"publish","type":"product","link":"https:\/\/perfectmass.net\/co\/sin categor\u00eda\/smart-muscle-alpha-bcaa\/","title":{"rendered":"Alpha BCAA &#8211; Smart Muscle"},"content":{"rendered":"<p><strong>Alpha BCAA &#8211; Smart Muscle<\/strong><\/p>\n<p>Alpha BCAA<\/p>\n<p>Amino \u00e1cidos de cadena ramificada (leucina, isoleucina y valina) para favorecer la recuperaci\u00f3n y reducir la fatiga muscular.<\/p>\n","protected":false},"excerpt":{"rendered":"<p>BCAAs para reducir la fatiga y acelerar la recuperaci\u00f3n muscular.<\/p>\n","protected":false},"featured_media":25030,"comment_status":"open","ping_status":"closed","template":"","meta":[],"etheme_brands":[{"term_id":2657,"name":"Smart Muscle","slug":"smart-muscle","term_group":0,"term_taxonomy_id":2657,"taxonomy":"brand","description":"<strong data-start=\"235\" data-end=\"260\">Smart Muscle:<\/strong> es una marca reconocida por su compromiso con la calidad, la innovaci\u00f3n y el rendimiento dentro del mundo de la nutrici\u00f3n deportiva. Sus productos est\u00e1n desarrollados para ayudar a deportistas y personas activas a mejorar su recuperaci\u00f3n, aumentar su energ\u00eda y alcanzar sus objetivos de forma segura y efectiva. En PerfectMassNutrition\u00ae seleccionamos lo mejor de Smart Muscle para ofrecerte suplementos confiables, con excelentes ingredientes y resultados comprobados, disponibles para toda Colombia y Latinoam\u00e9rica.","parent":0,"count":8,"filter":"raw"}],"product_brand":[2738],"product_cat":[],"product_tag":[1585],"class_list":{"0":"post-25029","1":"product","2":"type-product","3":"status-publish","4":"has-post-thumbnail","6":"brand-smart-muscle","7":"product_brand-smart-muscle","8":"product_tag-suplemento","10":"first","11":"instock","12":"sale","13":"taxable","14":"shipping-taxable","15":"purchasable","16":"product-type-variable","17":"has-default-attributes"},"_links":{"self":[{"href":"https:\/\/perfectmass.net\/co\/wp-json\/wp\/v2\/product\/25029","targetHints":{"allow":["GET"]}}],"collection":[{"href":"https:\/\/perfectmass.net\/co\/wp-json\/wp\/v2\/product"}],"about":[{"href":"https:\/\/perfectmass.net\/co\/wp-json\/wp\/v2\/types\/product"}],"replies":[{"embeddable":true,"href":"https:\/\/perfectmass.net\/co\/wp-json\/wp\/v2\/comments?post=25029"}],"version-history":[{"count":1,"href":"https:\/\/perfectmass.net\/co\/wp-json\/wp\/v2\/product\/25029\/revisions"}],"predecessor-version":[{"id":29625,"href":"https:\/\/perfectmass.net\/co\/wp-json\/wp\/v2\/product\/25029\/revisions\/29625"}],"wp:featuredmedia":[{"embeddable":true,"href":"https:\/\/perfectmass.net\/co\/wp-json\/wp\/v2\/media\/25030"}],"wp:attachment":[{"href":"https:\/\/perfectmass.net\/co\/wp-json\/wp\/v2\/media?parent=25029"}],"wp:term":[{"taxonomy":"brand","embeddable":true,"href":"https:\/\/perfectmass.net\/co\/wp-json\/wp\/v2\/etheme_brands?post=25029"},{"taxonomy":"product_brand","embeddable":true,"href":"https:\/\/perfectmass.net\/co\/wp-json\/wp\/v2\/product_brand?post=25029"},{"taxonomy":"product_cat","embeddable":true,"href":"https:\/\/perfectmass.net\/co\/wp-json\/wp\/v2\/product_cat?post=25029"},{"taxonomy":"product_tag","embeddable":true,"href":"https:\/\/perfectmass.net\/co\/wp-json\/wp\/v2\/product_tag?post=25029"}],"curies":[{"name":"wp","href":"https:\/\/api.w.org\/{rel}","templated":true}]}}