{"id":25021,"date":"2025-11-26T17:53:27","date_gmt":"2025-11-26T22:53:27","guid":{"rendered":"https:\/\/perfectmass.net\/sin%20categor\u00eda\/demon-bcaa-aminoacidos-insane-labz\/"},"modified":"2026-05-02T04:40:27","modified_gmt":"2026-05-02T09:40:27","slug":"demon-bcaa-aminoacidos-insane-labz","status":"publish","type":"product","link":"https:\/\/perfectmass.net\/co\/nutricion\/aminos\/bcaa\/demon-bcaa-aminoacidos-insane-labz\/","title":{"rendered":"Demon BCAA &#8211; Amino\u00e1cidos Insane Labz"},"content":{"rendered":"<h2>Demon BCAA &#8211; Amino\u00e1cidos Insane Labz<\/h2>\n<p>\u00a1Exorciza el demonio de la fatiga con nuestro DEMON BCAA!<\/p>\n<p>REPARACI\u00d3N DEL TEJIDO MUSCULAR: Despu\u00e9s de un entrenamiento intenso, tus m\u00fasculos necesitan recuperarse. Con la proporci\u00f3n \u00f3ptima de BCAA 2:1:1 de Demon, dosificada en 5 g, podr\u00e1s volver al gimnasio enseguida.<\/p>\n<p>INGREDIENTES ESENCIALES: El Cirujano utiliza una potente mezcla de los mejores amino\u00e1cidos que tus m\u00fasculos necesitan para crecer y fortalecerse: L-Leucina, L-Isoleucina y L-Valina.<\/p>\n<p>La fatiga muscular es lo que impide a muchas personas ser tan constantes en el gimnasio como quisieran. \u00a1Exorciza el demonio con DEMON BCAA! \u00a1Justo lo que necesitas para descansar, recuperarte y volver al gimnasio!<\/p>\n<p>\u00a1Envase gigante de 60 porciones, en dos deliciosos sabores: Uva y Frambuesa Azul! \u00a1Consigue el tuyo hoy mismo!<\/p>\n<div id=\"attachment_15512\" style=\"width: 310px\" class=\"wp-caption alignnone\"><img fetchpriority=\"high\" decoding=\"async\" aria-describedby=\"caption-attachment-15512\" class=\"size-medium wp-image-15512\" src=\"https:\/\/perfectmass.net\/wp-content\/uploads\/2025\/11\/DemonBCAABlueRaspberryRendercopy-300x300.jpg\" alt=\"Demon BCAA - Amino\u00e1cidos Insane Labz\" width=\"300\" height=\"300\" title=\"\" srcset=\"https:\/\/perfectmass.net\/wp-content\/uploads\/2025\/11\/DemonBCAABlueRaspberryRendercopy-300x300.jpg 300w, https:\/\/perfectmass.net\/wp-content\/uploads\/2025\/11\/DemonBCAABlueRaspberryRendercopy-150x150.jpg 150w, https:\/\/perfectmass.net\/wp-content\/uploads\/2025\/11\/DemonBCAABlueRaspberryRendercopy-445x445.jpg 445w, https:\/\/perfectmass.net\/wp-content\/uploads\/2025\/11\/DemonBCAABlueRaspberryRendercopy-100x100.jpg 100w, https:\/\/perfectmass.net\/wp-content\/uploads\/2025\/11\/DemonBCAABlueRaspberryRendercopy-1x1.jpg 1w, https:\/\/perfectmass.net\/wp-content\/uploads\/2025\/11\/DemonBCAABlueRaspberryRendercopy-10x10.jpg 10w, https:\/\/perfectmass.net\/wp-content\/uploads\/2025\/11\/DemonBCAABlueRaspberryRendercopy.jpg 650w\" sizes=\"(max-width: 300px) 100vw, 300px\" \/><p id=\"caption-attachment-15512\" class=\"wp-caption-text\">Demon BCAA &#8211; Amino\u00e1cidos <a href=\"https:\/\/insanelabz.com\/\" target=\"_blank\" rel=\"noopener\">Insane Labz<\/a><\/p><\/div>\n<p>Visitar <a href=\"http:\/\/PerfectMass.net\" target=\"_blank\" rel=\"noopener\">PerfectMass.net<\/a><\/p>\n","protected":false},"excerpt":{"rendered":"<p>Amino\u00e1cidos clave para recuperaci\u00f3n y desempe\u00f1o.<\/p>\n","protected":false},"featured_media":25022,"comment_status":"open","ping_status":"closed","template":"","meta":[],"etheme_brands":[{"term_id":2576,"name":"Insane Labz","slug":"insane-labz","term_group":0,"term_taxonomy_id":2576,"taxonomy":"brand","description":"<strong data-start=\"235\" data-end=\"260\">Insane Labz:<\/strong> es una marca reconocida por su compromiso con la calidad, la innovaci\u00f3n y el rendimiento dentro del mundo de la nutrici\u00f3n deportiva. Sus productos est\u00e1n desarrollados para ayudar a deportistas y personas activas a mejorar su recuperaci\u00f3n, aumentar su energ\u00eda y alcanzar sus objetivos de forma segura y efectiva. En PerfectMassNutrition\u00ae seleccionamos lo mejor de Insane Labz para ofrecerte suplementos confiables, con excelentes ingredientes y resultados comprobados, disponibles para toda Colombia y Latinoam\u00e9rica.","parent":0,"count":32,"filter":"raw"}],"product_brand":[2760],"product_cat":[3650],"product_tag":[1585],"class_list":{"0":"post-25021","1":"product","2":"type-product","3":"status-publish","4":"has-post-thumbnail","6":"brand-insane-labz","7":"product_brand-insane-labz","8":"product_cat-bcaa","9":"product_tag-suplemento","11":"first","12":"instock","13":"sale","14":"taxable","15":"shipping-taxable","16":"purchasable","17":"product-type-variable","18":"has-default-attributes"},"_links":{"self":[{"href":"https:\/\/perfectmass.net\/co\/wp-json\/wp\/v2\/product\/25021","targetHints":{"allow":["GET"]}}],"collection":[{"href":"https:\/\/perfectmass.net\/co\/wp-json\/wp\/v2\/product"}],"about":[{"href":"https:\/\/perfectmass.net\/co\/wp-json\/wp\/v2\/types\/product"}],"replies":[{"embeddable":true,"href":"https:\/\/perfectmass.net\/co\/wp-json\/wp\/v2\/comments?post=25021"}],"version-history":[{"count":1,"href":"https:\/\/perfectmass.net\/co\/wp-json\/wp\/v2\/product\/25021\/revisions"}],"predecessor-version":[{"id":29619,"href":"https:\/\/perfectmass.net\/co\/wp-json\/wp\/v2\/product\/25021\/revisions\/29619"}],"wp:featuredmedia":[{"embeddable":true,"href":"https:\/\/perfectmass.net\/co\/wp-json\/wp\/v2\/media\/25022"}],"wp:attachment":[{"href":"https:\/\/perfectmass.net\/co\/wp-json\/wp\/v2\/media?parent=25021"}],"wp:term":[{"taxonomy":"brand","embeddable":true,"href":"https:\/\/perfectmass.net\/co\/wp-json\/wp\/v2\/etheme_brands?post=25021"},{"taxonomy":"product_brand","embeddable":true,"href":"https:\/\/perfectmass.net\/co\/wp-json\/wp\/v2\/product_brand?post=25021"},{"taxonomy":"product_cat","embeddable":true,"href":"https:\/\/perfectmass.net\/co\/wp-json\/wp\/v2\/product_cat?post=25021"},{"taxonomy":"product_tag","embeddable":true,"href":"https:\/\/perfectmass.net\/co\/wp-json\/wp\/v2\/product_tag?post=25021"}],"curies":[{"name":"wp","href":"https:\/\/api.w.org\/{rel}","templated":true}]}}