{"id":24967,"date":"2025-11-26T17:53:28","date_gmt":"2025-11-26T22:53:28","guid":{"rendered":"https:\/\/perfectmass.net\/sin%20categor\u00eda\/hi-tech-fish-oil\/"},"modified":"2026-04-23T13:09:33","modified_gmt":"2026-04-23T18:09:33","slug":"hi-tech-fish-oil","status":"publish","type":"product","link":"https:\/\/perfectmass.net\/co\/nutricion\/suplementos\/vitaminas-minerales\/hi-tech-fish-oil\/","title":{"rendered":"Fish Oil &#8211; Vitaminas y Minerales Hi-Tech"},"content":{"rendered":"<p>Hitech Pharm Fish Oil es una fuente premium de \u00e1cidos grasos omega-3 esenciales EPA y DHA que tu cuerpo no puede producir por s\u00ed mismo. Para atletas, los omega-3 son absolutamente cr\u00edticos por m\u00faltiples razones. Primero, tienen potentes propiedades anti-inflamatorias que reducen el dolor muscular post-entrenamiento y aceleran la recuperaci\u00f3n. Esto significa que podr\u00e1s entrenar m\u00e1s frecuentemente e intensamente. Los estudios muestran que los omega-3 pueden mejorar la s\u00edntesis de prote\u00edna muscular, especialmente en personas mayores. Tambi\u00e9n reducen el tiempo de recuperaci\u00f3n entre entrenamientos al disminuir el da\u00f1o muscular. A nivel cardiovascular, los omega-3 mejoran la funci\u00f3n del coraz\u00f3n y reducen la presi\u00f3n arterial, importantes para rendimiento \u00f3ptimo. A nivel cognitivo, mejoran la funci\u00f3n cerebral y pueden incluso mejorar el rendimiento atl\u00e9tico al mejorar la coordinaci\u00f3n y el tiempo de reacci\u00f3n. Los omega-3 tambi\u00e9n ayudan a quemar grasa m\u00e1s eficientemente. Cada c\u00e1psula proporciona 1000mg de \u00e1cidos grasos concentrados en la proporci\u00f3n \u00f3ptima de EPA\/DHA. Ideal para tomarlo con tus comidas principales. Calidad farmac\u00e9utica sin metales pesados. Importado desde USA. Un suplemento esencial que todos los atletas deber\u00edan tomar.<\/p>\n","protected":false},"excerpt":{"rendered":"<p>Omega-3 1000mg<\/p>\n","protected":false},"featured_media":24968,"comment_status":"open","ping_status":"closed","template":"","meta":[],"etheme_brands":[{"term_id":2569,"name":"Hi-Tech","slug":"hi-tech","term_group":0,"term_taxonomy_id":2569,"taxonomy":"brand","description":"<strong data-start=\"235\" data-end=\"260\">Hi-Tech:<\/strong> es una marca reconocida por su compromiso con la calidad, la innovaci\u00f3n y el rendimiento dentro del mundo de la nutrici\u00f3n deportiva. Sus productos est\u00e1n desarrollados para ayudar a deportistas y personas activas a mejorar su recuperaci\u00f3n, aumentar su energ\u00eda y alcanzar sus objetivos de forma segura y efectiva. En PerfectMassNutrition\u00ae seleccionamos lo mejor de Hi-Tech para ofrecerte suplementos confiables, con excelentes ingredientes y resultados comprobados, disponibles para toda Colombia y Latinoam\u00e9rica.","parent":0,"count":18,"filter":"raw"}],"product_brand":[2784],"product_cat":[1547,1556],"product_tag":[1585],"class_list":{"0":"post-24967","1":"product","2":"type-product","3":"status-publish","4":"has-post-thumbnail","6":"brand-hi-tech","7":"product_brand-hi-tech","8":"product_cat-salud","9":"product_cat-vitaminas-minerales","10":"product_tag-suplemento","12":"first","13":"outofstock","14":"sale","15":"taxable","16":"shipping-taxable","17":"purchasable","18":"product-type-variable","19":"has-default-attributes"},"_links":{"self":[{"href":"https:\/\/perfectmass.net\/co\/wp-json\/wp\/v2\/product\/24967","targetHints":{"allow":["GET"]}}],"collection":[{"href":"https:\/\/perfectmass.net\/co\/wp-json\/wp\/v2\/product"}],"about":[{"href":"https:\/\/perfectmass.net\/co\/wp-json\/wp\/v2\/types\/product"}],"replies":[{"embeddable":true,"href":"https:\/\/perfectmass.net\/co\/wp-json\/wp\/v2\/comments?post=24967"}],"version-history":[{"count":1,"href":"https:\/\/perfectmass.net\/co\/wp-json\/wp\/v2\/product\/24967\/revisions"}],"predecessor-version":[{"id":29547,"href":"https:\/\/perfectmass.net\/co\/wp-json\/wp\/v2\/product\/24967\/revisions\/29547"}],"wp:featuredmedia":[{"embeddable":true,"href":"https:\/\/perfectmass.net\/co\/wp-json\/wp\/v2\/media\/24968"}],"wp:attachment":[{"href":"https:\/\/perfectmass.net\/co\/wp-json\/wp\/v2\/media?parent=24967"}],"wp:term":[{"taxonomy":"brand","embeddable":true,"href":"https:\/\/perfectmass.net\/co\/wp-json\/wp\/v2\/etheme_brands?post=24967"},{"taxonomy":"product_brand","embeddable":true,"href":"https:\/\/perfectmass.net\/co\/wp-json\/wp\/v2\/product_brand?post=24967"},{"taxonomy":"product_cat","embeddable":true,"href":"https:\/\/perfectmass.net\/co\/wp-json\/wp\/v2\/product_cat?post=24967"},{"taxonomy":"product_tag","embeddable":true,"href":"https:\/\/perfectmass.net\/co\/wp-json\/wp\/v2\/product_tag?post=24967"}],"curies":[{"name":"wp","href":"https:\/\/api.w.org\/{rel}","templated":true}]}}