{"id":24901,"date":"2025-11-26T17:53:30","date_gmt":"2025-11-26T22:53:30","guid":{"rendered":"https:\/\/perfectmass.net\/sin%20categor\u00eda\/l-citrullina-aminoacidos-insane-labz\/"},"modified":"2026-04-23T13:09:19","modified_gmt":"2026-04-23T18:09:19","slug":"l-citrullina-aminoacidos-insane-labz","status":"publish","type":"product","link":"https:\/\/perfectmass.net\/co\/nutricion\/aminos\/l-citrullina-aminoacidos-insane-labz\/","title":{"rendered":"L-Citrullina &#8211; Amino\u00e1cidos Insane Labz"},"content":{"rendered":"<h2>L-Citrullina &#8211; Amino\u00e1cidos Insane Labz<\/h2>\n<p>A diferencia de otros amino\u00e1cidos, la citrulina no interviene en la s\u00edntesis de prote\u00ednas. Sin embargo, es un componente clave del ciclo de la urea e incluso desempe\u00f1a un papel crucial en la salud cardiovascular.<\/p>\n<p>La suplementaci\u00f3n con citrulina es fundamental para promover la vasodilataci\u00f3n. Durante este proceso, la citrulina presente en el organismo se convierte en arginina, que a su vez se transforma en \u00f3xido n\u00edtrico. Esto permite un mayor flujo sangu\u00edneo a los m\u00fasculos, lo que favorece la congesti\u00f3n muscular y la recuperaci\u00f3n.<\/p>\n<p>La dosis recomendada de citrulina es de entre 3 y 6 g diarios.<\/p>\n<div id=\"attachment_15569\" style=\"width: 310px\" class=\"wp-caption alignnone\"><img fetchpriority=\"high\" decoding=\"async\" aria-describedby=\"caption-attachment-15569\" class=\"size-medium wp-image-15569\" src=\"https:\/\/perfectmass.net\/wp-content\/uploads\/2025\/11\/TheAsylumCabinet-L-Citrulline_WebsiteRender-300x300.jpg\" alt=\"L-Citrullina - Amino\u00e1cidos Insane Labz\" width=\"300\" height=\"300\" title=\"\" srcset=\"https:\/\/perfectmass.net\/wp-content\/uploads\/2025\/11\/TheAsylumCabinet-L-Citrulline_WebsiteRender-300x300.jpg 300w, https:\/\/perfectmass.net\/wp-content\/uploads\/2025\/11\/TheAsylumCabinet-L-Citrulline_WebsiteRender-150x150.jpg 150w, https:\/\/perfectmass.net\/wp-content\/uploads\/2025\/11\/TheAsylumCabinet-L-Citrulline_WebsiteRender-445x445.jpg 445w, https:\/\/perfectmass.net\/wp-content\/uploads\/2025\/11\/TheAsylumCabinet-L-Citrulline_WebsiteRender-100x100.jpg 100w, https:\/\/perfectmass.net\/wp-content\/uploads\/2025\/11\/TheAsylumCabinet-L-Citrulline_WebsiteRender-1x1.jpg 1w, https:\/\/perfectmass.net\/wp-content\/uploads\/2025\/11\/TheAsylumCabinet-L-Citrulline_WebsiteRender-10x10.jpg 10w, https:\/\/perfectmass.net\/wp-content\/uploads\/2025\/11\/TheAsylumCabinet-L-Citrulline_WebsiteRender.jpg 650w\" sizes=\"(max-width: 300px) 100vw, 300px\" \/><p id=\"caption-attachment-15569\" class=\"wp-caption-text\">L-Citrullina &#8211; Amino\u00e1cidos <a href=\"https:\/\/insanelabz.com\/\" target=\"_blank\" rel=\"noopener\">Insane Labz<\/a><\/p><\/div>\n<p>Visitar <a href=\"http:\/\/PerfectMass.net\" target=\"_blank\" rel=\"noopener\">PerfectMass.net<\/a><\/p>\n","protected":false},"excerpt":{"rendered":"<p>Amino\u00e1cidos clave para recuperaci\u00f3n y desempe\u00f1o.<\/p>\n","protected":false},"featured_media":24902,"comment_status":"open","ping_status":"closed","template":"","meta":[],"etheme_brands":[{"term_id":2576,"name":"Insane Labz","slug":"insane-labz","term_group":0,"term_taxonomy_id":2576,"taxonomy":"brand","description":"<strong data-start=\"235\" data-end=\"260\">Insane Labz:<\/strong> es una marca reconocida por su compromiso con la calidad, la innovaci\u00f3n y el rendimiento dentro del mundo de la nutrici\u00f3n deportiva. Sus productos est\u00e1n desarrollados para ayudar a deportistas y personas activas a mejorar su recuperaci\u00f3n, aumentar su energ\u00eda y alcanzar sus objetivos de forma segura y efectiva. En PerfectMassNutrition\u00ae seleccionamos lo mejor de Insane Labz para ofrecerte suplementos confiables, con excelentes ingredientes y resultados comprobados, disponibles para toda Colombia y Latinoam\u00e9rica.","parent":0,"count":32,"filter":"raw"}],"product_brand":[2760],"product_cat":[1513,1522,1523,1524,1548],"product_tag":[1585],"class_list":{"0":"post-24901","1":"product","2":"type-product","3":"status-publish","4":"has-post-thumbnail","6":"brand-insane-labz","7":"product_brand-insane-labz","8":"product_cat-aminos","9":"product_cat-mas-vendidos","10":"product_cat-novedades","11":"product_cat-ofertas","12":"product_cat-suplementos","13":"product_tag-suplemento","15":"first","16":"instock","17":"sale","18":"taxable","19":"shipping-taxable","20":"purchasable","21":"product-type-variable","22":"has-default-attributes"},"_links":{"self":[{"href":"https:\/\/perfectmass.net\/co\/wp-json\/wp\/v2\/product\/24901","targetHints":{"allow":["GET"]}}],"collection":[{"href":"https:\/\/perfectmass.net\/co\/wp-json\/wp\/v2\/product"}],"about":[{"href":"https:\/\/perfectmass.net\/co\/wp-json\/wp\/v2\/types\/product"}],"replies":[{"embeddable":true,"href":"https:\/\/perfectmass.net\/co\/wp-json\/wp\/v2\/comments?post=24901"}],"version-history":[{"count":1,"href":"https:\/\/perfectmass.net\/co\/wp-json\/wp\/v2\/product\/24901\/revisions"}],"predecessor-version":[{"id":29502,"href":"https:\/\/perfectmass.net\/co\/wp-json\/wp\/v2\/product\/24901\/revisions\/29502"}],"wp:featuredmedia":[{"embeddable":true,"href":"https:\/\/perfectmass.net\/co\/wp-json\/wp\/v2\/media\/24902"}],"wp:attachment":[{"href":"https:\/\/perfectmass.net\/co\/wp-json\/wp\/v2\/media?parent=24901"}],"wp:term":[{"taxonomy":"brand","embeddable":true,"href":"https:\/\/perfectmass.net\/co\/wp-json\/wp\/v2\/etheme_brands?post=24901"},{"taxonomy":"product_brand","embeddable":true,"href":"https:\/\/perfectmass.net\/co\/wp-json\/wp\/v2\/product_brand?post=24901"},{"taxonomy":"product_cat","embeddable":true,"href":"https:\/\/perfectmass.net\/co\/wp-json\/wp\/v2\/product_cat?post=24901"},{"taxonomy":"product_tag","embeddable":true,"href":"https:\/\/perfectmass.net\/co\/wp-json\/wp\/v2\/product_tag?post=24901"}],"curies":[{"name":"wp","href":"https:\/\/api.w.org\/{rel}","templated":true}]}}