{"id":24895,"date":"2025-11-26T17:53:30","date_gmt":"2025-11-26T22:53:30","guid":{"rendered":"https:\/\/perfectmass.net\/sin%20categor\u00eda\/hi-tech-magnesium-glycinate\/"},"modified":"2026-05-02T04:39:42","modified_gmt":"2026-05-02T09:39:42","slug":"hi-tech-magnesium-glycinate","status":"publish","type":"product","link":"https:\/\/perfectmass.net\/co\/nutricion\/suplementos\/vitaminas-minerales\/hi-tech-magnesium-glycinate\/","title":{"rendered":"Magnesium Glycinate &#8211; Vitaminas y Minerales Hi-Tech"},"content":{"rendered":"<p><strong>Magnesium Glycinate &#8211; Vitaminas y Minerales Hi-Tech<\/strong><\/p>\n<p>Magnesium Glycinate &#8211; Vitaminas y Minerales Hi-Tech<\/p>\n<p>F\u00f3rmula de vitaminas y minerales para cubrir necesidades nutricionales diarias y apoyar el bienestar general.<\/p>\n","protected":false},"excerpt":{"rendered":"<p>Suplemento vitam\u00ednico para bienestar general y soporte nutricional.<\/p>\n","protected":false},"featured_media":24896,"comment_status":"open","ping_status":"closed","template":"","meta":[],"etheme_brands":[{"term_id":2569,"name":"Hi-Tech","slug":"hi-tech","term_group":0,"term_taxonomy_id":2569,"taxonomy":"brand","description":"<strong data-start=\"235\" data-end=\"260\">Hi-Tech:<\/strong> es una marca reconocida por su compromiso con la calidad, la innovaci\u00f3n y el rendimiento dentro del mundo de la nutrici\u00f3n deportiva. Sus productos est\u00e1n desarrollados para ayudar a deportistas y personas activas a mejorar su recuperaci\u00f3n, aumentar su energ\u00eda y alcanzar sus objetivos de forma segura y efectiva. En PerfectMassNutrition\u00ae seleccionamos lo mejor de Hi-Tech para ofrecerte suplementos confiables, con excelentes ingredientes y resultados comprobados, disponibles para toda Colombia y Latinoam\u00e9rica.","parent":0,"count":18,"filter":"raw"}],"product_brand":[2784],"product_cat":[3641],"product_tag":[1585],"class_list":{"0":"post-24895","1":"product","2":"type-product","3":"status-publish","4":"has-post-thumbnail","6":"brand-hi-tech","7":"product_brand-hi-tech","8":"product_cat-vitaminas-minerales","9":"product_tag-suplemento","11":"first","12":"outofstock","13":"sale","14":"taxable","15":"shipping-taxable","16":"purchasable","17":"product-type-variable","18":"has-default-attributes"},"_links":{"self":[{"href":"https:\/\/perfectmass.net\/co\/wp-json\/wp\/v2\/product\/24895","targetHints":{"allow":["GET"]}}],"collection":[{"href":"https:\/\/perfectmass.net\/co\/wp-json\/wp\/v2\/product"}],"about":[{"href":"https:\/\/perfectmass.net\/co\/wp-json\/wp\/v2\/types\/product"}],"replies":[{"embeddable":true,"href":"https:\/\/perfectmass.net\/co\/wp-json\/wp\/v2\/comments?post=24895"}],"version-history":[{"count":1,"href":"https:\/\/perfectmass.net\/co\/wp-json\/wp\/v2\/product\/24895\/revisions"}],"predecessor-version":[{"id":29495,"href":"https:\/\/perfectmass.net\/co\/wp-json\/wp\/v2\/product\/24895\/revisions\/29495"}],"wp:featuredmedia":[{"embeddable":true,"href":"https:\/\/perfectmass.net\/co\/wp-json\/wp\/v2\/media\/24896"}],"wp:attachment":[{"href":"https:\/\/perfectmass.net\/co\/wp-json\/wp\/v2\/media?parent=24895"}],"wp:term":[{"taxonomy":"brand","embeddable":true,"href":"https:\/\/perfectmass.net\/co\/wp-json\/wp\/v2\/etheme_brands?post=24895"},{"taxonomy":"product_brand","embeddable":true,"href":"https:\/\/perfectmass.net\/co\/wp-json\/wp\/v2\/product_brand?post=24895"},{"taxonomy":"product_cat","embeddable":true,"href":"https:\/\/perfectmass.net\/co\/wp-json\/wp\/v2\/product_cat?post=24895"},{"taxonomy":"product_tag","embeddable":true,"href":"https:\/\/perfectmass.net\/co\/wp-json\/wp\/v2\/product_tag?post=24895"}],"curies":[{"name":"wp","href":"https:\/\/api.w.org\/{rel}","templated":true}]}}