{"id":24823,"date":"2025-11-26T17:53:41","date_gmt":"2025-11-26T22:53:41","guid":{"rendered":"https:\/\/perfectmass.net\/sin%20categor\u00eda\/lab-grade-creatine-raw\/"},"modified":"2026-04-23T13:08:59","modified_gmt":"2026-04-23T18:08:59","slug":"lab-grade-creatine-raw","status":"publish","type":"product","link":"https:\/\/perfectmass.net\/co\/nutricion\/creatina\/monohidratada\/lab-grade-creatine-raw\/","title":{"rendered":"Raw Series Lab Creatine &#8211; Raw Series Lab Creatine"},"content":{"rendered":"<p>Raw Series Lab Creatine es creatina monohidrato pura para aumentar fuerza y masa muscular. La creatina es el suplemento m\u00e1s estudiado y efectivo para mejorar el rendimiento f\u00edsico. Presentaci\u00f3n: 200 SERVICIOS.<\/p>\n","protected":false},"excerpt":{"rendered":"<p>Creatina monohidrato<\/p>\n","protected":false},"featured_media":24824,"comment_status":"open","ping_status":"closed","template":"","meta":[],"etheme_brands":[{"term_id":2620,"name":"Raw Series Lab","slug":"raw-series","term_group":0,"term_taxonomy_id":2620,"taxonomy":"brand","description":"<strong data-start=\"235\" data-end=\"260\">RAW Series:<\/strong> es una marca reconocida por su compromiso con la calidad, la innovaci\u00f3n y el rendimiento dentro del mundo de la nutrici\u00f3n deportiva. Sus productos est\u00e1n desarrollados para ayudar a deportistas y personas activas a mejorar su recuperaci\u00f3n, aumentar su energ\u00eda y alcanzar sus objetivos de forma segura y efectiva. En PerfectMassNutrition\u00ae seleccionamos lo mejor de RAW Series para ofrecerte suplementos confiables, con excelentes ingredientes y resultados comprobados, disponibles para toda Colombia y Latinoam\u00e9rica.","parent":0,"count":1,"filter":"raw"}],"product_brand":[2721],"product_cat":[1519,1520],"product_tag":[1566],"class_list":{"0":"post-24823","1":"product","2":"type-product","3":"status-publish","4":"has-post-thumbnail","6":"brand-raw-series","7":"product_brand-raw-series-lab-creatine","8":"product_cat-creatina","9":"product_cat-monohidratada","10":"product_tag-fuerza","12":"first","13":"outofstock","14":"sale","15":"taxable","16":"shipping-taxable","17":"purchasable","18":"product-type-variable","19":"has-default-attributes"},"_links":{"self":[{"href":"https:\/\/perfectmass.net\/co\/wp-json\/wp\/v2\/product\/24823","targetHints":{"allow":["GET"]}}],"collection":[{"href":"https:\/\/perfectmass.net\/co\/wp-json\/wp\/v2\/product"}],"about":[{"href":"https:\/\/perfectmass.net\/co\/wp-json\/wp\/v2\/types\/product"}],"replies":[{"embeddable":true,"href":"https:\/\/perfectmass.net\/co\/wp-json\/wp\/v2\/comments?post=24823"}],"version-history":[{"count":1,"href":"https:\/\/perfectmass.net\/co\/wp-json\/wp\/v2\/product\/24823\/revisions"}],"predecessor-version":[{"id":29444,"href":"https:\/\/perfectmass.net\/co\/wp-json\/wp\/v2\/product\/24823\/revisions\/29444"}],"wp:featuredmedia":[{"embeddable":true,"href":"https:\/\/perfectmass.net\/co\/wp-json\/wp\/v2\/media\/24824"}],"wp:attachment":[{"href":"https:\/\/perfectmass.net\/co\/wp-json\/wp\/v2\/media?parent=24823"}],"wp:term":[{"taxonomy":"brand","embeddable":true,"href":"https:\/\/perfectmass.net\/co\/wp-json\/wp\/v2\/etheme_brands?post=24823"},{"taxonomy":"product_brand","embeddable":true,"href":"https:\/\/perfectmass.net\/co\/wp-json\/wp\/v2\/product_brand?post=24823"},{"taxonomy":"product_cat","embeddable":true,"href":"https:\/\/perfectmass.net\/co\/wp-json\/wp\/v2\/product_cat?post=24823"},{"taxonomy":"product_tag","embeddable":true,"href":"https:\/\/perfectmass.net\/co\/wp-json\/wp\/v2\/product_tag?post=24823"}],"curies":[{"name":"wp","href":"https:\/\/api.w.org\/{rel}","templated":true}]}}