{"id":24767,"date":"2025-11-26T17:53:42","date_gmt":"2025-11-26T22:53:42","guid":{"rendered":"https:\/\/perfectmass.net\/sin%20categor\u00eda\/nutramerican-pharma-upn-bipro-lite\/"},"modified":"2026-04-23T13:06:54","modified_gmt":"2026-04-23T18:06:54","slug":"nutramerican-pharma-upn-bipro-lite","status":"publish","type":"product","link":"https:\/\/perfectmass.net\/co\/nutricion\/mas-vendidos\/nutramerican-pharma-upn-bipro-lite\/","title":{"rendered":"Upn Bipro Lite &#8211; Prote\u00edna Whey Nutramerican Pharma"},"content":{"rendered":"<p><strong>Upn Bipro Lite &#8211; Nutramerican Pharma<\/strong><\/p>\n<p>F\u00f3rmula dise\u00f1ada para apoyar la recuperaci\u00f3n muscular y el mantenimiento de masa magra.<\/p>\n","protected":false},"excerpt":{"rendered":"<p>Prote\u00edna de alta calidad para apoyar tus objetivos diarios.<\/p>\n","protected":false},"featured_media":24768,"comment_status":"open","ping_status":"closed","template":"","meta":[],"etheme_brands":[{"term_id":2606,"name":"Nutramerican Pharma","slug":"nutramerican-pharma","term_group":0,"term_taxonomy_id":2606,"taxonomy":"brand","description":"<strong data-start=\"235\" data-end=\"260\">Nutramerican Pharma:<\/strong> es una marca reconocida por su compromiso con la calidad, la innovaci\u00f3n y el rendimiento dentro del mundo de la nutrici\u00f3n deportiva. Sus productos est\u00e1n desarrollados para ayudar a deportistas y personas activas a mejorar su recuperaci\u00f3n, aumentar su energ\u00eda y alcanzar sus objetivos de forma segura y efectiva. En PerfectMassNutrition\u00ae seleccionamos lo mejor de Nutramerican Pharma para ofrecerte suplementos confiables, con excelentes ingredientes y resultados comprobados, disponibles para toda Colombia y Latinoam\u00e9rica.","parent":0,"count":24,"filter":"raw"}],"product_brand":[2709],"product_cat":[1522,1523,1499,1524,1548],"product_tag":[1585],"class_list":{"0":"post-24767","1":"product","2":"type-product","3":"status-publish","4":"has-post-thumbnail","6":"brand-nutramerican-pharma","7":"product_brand-nutramerican-pharma","8":"product_cat-mas-vendidos","9":"product_cat-novedades","10":"product_cat-nutricion","11":"product_cat-ofertas","12":"product_cat-suplementos","13":"product_tag-suplemento","15":"first","16":"instock","17":"sale","18":"taxable","19":"shipping-taxable","20":"purchasable","21":"product-type-variable","22":"has-default-attributes"},"_links":{"self":[{"href":"https:\/\/perfectmass.net\/co\/wp-json\/wp\/v2\/product\/24767","targetHints":{"allow":["GET"]}}],"collection":[{"href":"https:\/\/perfectmass.net\/co\/wp-json\/wp\/v2\/product"}],"about":[{"href":"https:\/\/perfectmass.net\/co\/wp-json\/wp\/v2\/types\/product"}],"replies":[{"embeddable":true,"href":"https:\/\/perfectmass.net\/co\/wp-json\/wp\/v2\/comments?post=24767"}],"version-history":[{"count":1,"href":"https:\/\/perfectmass.net\/co\/wp-json\/wp\/v2\/product\/24767\/revisions"}],"predecessor-version":[{"id":29407,"href":"https:\/\/perfectmass.net\/co\/wp-json\/wp\/v2\/product\/24767\/revisions\/29407"}],"wp:featuredmedia":[{"embeddable":true,"href":"https:\/\/perfectmass.net\/co\/wp-json\/wp\/v2\/media\/24768"}],"wp:attachment":[{"href":"https:\/\/perfectmass.net\/co\/wp-json\/wp\/v2\/media?parent=24767"}],"wp:term":[{"taxonomy":"brand","embeddable":true,"href":"https:\/\/perfectmass.net\/co\/wp-json\/wp\/v2\/etheme_brands?post=24767"},{"taxonomy":"product_brand","embeddable":true,"href":"https:\/\/perfectmass.net\/co\/wp-json\/wp\/v2\/product_brand?post=24767"},{"taxonomy":"product_cat","embeddable":true,"href":"https:\/\/perfectmass.net\/co\/wp-json\/wp\/v2\/product_cat?post=24767"},{"taxonomy":"product_tag","embeddable":true,"href":"https:\/\/perfectmass.net\/co\/wp-json\/wp\/v2\/product_tag?post=24767"}],"curies":[{"name":"wp","href":"https:\/\/api.w.org\/{rel}","templated":true}]}}